{"id":37568,"date":"2024-09-02T16:34:30","date_gmt":"2024-09-02T16:34:30","guid":{"rendered":"https:\/\/staging.nbg.eu\/product\/bcm-3-inch-picatinny-rail-section-aluminum-m-lok-compatible\/"},"modified":"2024-09-09T14:10:12","modified_gmt":"2024-09-09T14:10:12","slug":"bcm-3-calowa-szyna-picatinny-aluminiowa-kompatybilna-z-m-lok","status":"publish","type":"product","link":"https:\/\/staging.nbg.eu\/pl\/produkt\/bcm-3-calowa-szyna-picatinny-aluminiowa-kompatybilna-z-m-lok\/","title":{"rendered":"BCM\u00ae 3 Calowa Szyna Picatinny, Aluminiowa (Kompatybilna z M-LOK\u00ae)"},"content":{"rendered":"<div class=\"product-description\">\n<h2>BCM\u00ae 3-calowa sekcja szyny Picatinny, aluminiowa (kompatybilna z M-LOK\u00ae*)<\/h2>\n<p>Zwi\u0119ksz wszechstronno\u015b\u0107 swojej broni dzi\u0119ki 3-calowej sekcji szyny Picatinny BCM\u00ae. To wysokiej jako\u015bci akcesorium wykonane jest z twardego anodyzowanego stopu aluminium lotniczego, zapewniaj\u0105cego trwa\u0142o\u015b\u0107 i d\u0142ugowieczno\u015b\u0107 w wymagaj\u0105cych warunkach.<\/p>\n<ul>\n<li>Wyprodukowano zgodnie ze specyfikacjami Mil-Standard 1913 Picatinny Arsenal<\/li>\n<li>Konstrukcja odporna na zahaczenia dla p\u0142ynnej obs\u0142ugi<\/li>\n<li>Kompatybilna z M-LOK\u00ae dla \u0142atwego monta\u017cu i demonta\u017cu<\/li>\n<li>Lekka, a jednocze\u015bnie wytrzyma\u0142a konstrukcja<\/li>\n<li>Idealna do monta\u017cu r\u00f3\u017cnych akcesori\u00f3w, w tym o\u015bwietlenia, laser\u00f3w i chwyt\u00f3w<\/li>\n<\/ul>\n<p>Ta sekcja szyny \u0142\u0105czy funkcjonalno\u015b\u0107 z taktyczn\u0105 estetyk\u0105, pozwalaj\u0105c dostosowa\u0107 bro\u0144 do Twoich konkretnych potrzeb. Niezale\u017cnie od tego, czy jeste\u015b profesjonalnym operatorem, czy entuzjast\u0105, 3-calowa sekcja szyny Picatinny BCM\u00ae jest niezb\u0119dnym dodatkiem do Twojego wyposa\u017cenia.<\/p>\n<\/div>\n","protected":false},"excerpt":{"rendered":"<p>Szyna Picatinny BCM\u00ae 3&#8243;: Zgodna z norm\u0105 wojskow\u0105, kompatybilna z M-LOK, odporna na zaczepianie<\/p>\n","protected":false},"featured_media":37196,"template":"","meta":{"_acf_changed":false},"product_brand":[11074],"product_cat":[12623,12571,12572],"product_tag":[],"class_list":{"0":"post-37568","1":"product","2":"type-product","3":"status-publish","4":"has-post-thumbnail","6":"product_brand-bcm","7":"product_cat-karabin","8":"product_cat-szyny","9":"product_cat-tuning-karabinowy","11":"first","12":"instock","13":"taxable","14":"shipping-taxable","15":"purchasable","16":"product-type-simple"},"acf":[],"_links":{"self":[{"href":"https:\/\/staging.nbg.eu\/pl\/wp-json\/wp\/v2\/product\/37568","targetHints":{"allow":["GET"]}}],"collection":[{"href":"https:\/\/staging.nbg.eu\/pl\/wp-json\/wp\/v2\/product"}],"about":[{"href":"https:\/\/staging.nbg.eu\/pl\/wp-json\/wp\/v2\/types\/product"}],"wp:featuredmedia":[{"embeddable":true,"href":"https:\/\/staging.nbg.eu\/pl\/wp-json\/wp\/v2\/media\/37196"}],"wp:attachment":[{"href":"https:\/\/staging.nbg.eu\/pl\/wp-json\/wp\/v2\/media?parent=37568"}],"wp:term":[{"taxonomy":"product_brand","embeddable":true,"href":"https:\/\/staging.nbg.eu\/pl\/wp-json\/wp\/v2\/product_brand?post=37568"},{"taxonomy":"product_cat","embeddable":true,"href":"https:\/\/staging.nbg.eu\/pl\/wp-json\/wp\/v2\/product_cat?post=37568"},{"taxonomy":"product_tag","embeddable":true,"href":"https:\/\/staging.nbg.eu\/pl\/wp-json\/wp\/v2\/product_tag?post=37568"}],"curies":[{"name":"wp","href":"https:\/\/api.w.org\/{rel}","templated":true}]}}