{"id":37532,"date":"2024-09-02T16:37:54","date_gmt":"2024-09-02T16:37:54","guid":{"rendered":"https:\/\/staging.nbg.eu\/product\/bcm-kag-m-lok-compatible\/"},"modified":"2024-09-09T14:01:35","modified_gmt":"2024-09-09T14:01:35","slug":"bcm-kag-kompatybilny-z-m-lok","status":"publish","type":"product","link":"https:\/\/staging.nbg.eu\/pl\/produkt\/bcm-kag-kompatybilny-z-m-lok\/","title":{"rendered":"BCM\u00ae KAG &#8211; (Kompatybilny z M-LOK\u00ae)"},"content":{"rendered":"<div class=\"product-description\">\n<h2>BCM\u00ae KAG &#8211; Kinesthetyczny Uchwyt K\u0105towy (kompatybilny z M-LOK\u00ae*)<\/h2>\n<p>Wzmocnij swoje do\u015bwiadczenie strzeleckie za pomoc\u0105 BCM\u00ae KAG, efektu wsp\u00f3\u0142pracy BCM\u00ae i Travisa Haleya z Haley Strategic Partners. Ten innowacyjny uchwyt charakteryzuje si\u0119:<\/p>\n<ul>\n<li>Biomechanicznie efektywnym nachyleniem do przodu dla pewnego chwytu<\/li>\n<li>Odci\u0105\u017ceniem staw\u00f3w nadgarstka, \u0142okcia i barku<\/li>\n<li>Teksturowan\u0105 powierzchni\u0105 z przodu i z ty\u0142u dla konsystentnego uchwytu<\/li>\n<li>Idealny do chwytu &#8222;C-clamp&#8221; i wspomaganych pozycji strzeleckich<\/li>\n<li>Kompaktowa konstrukcja dla lepszej manipulacji broni\u0105<\/li>\n<li>Wyprodukowany w USA z wysokiej jako\u015bci, odpornych na uderzenia polimer\u00f3w<\/li>\n<\/ul>\n<p>Ergonomiczna konstrukcja KAG uzupe\u0142nia nowoczesne chwyty strzeleckie, umo\u017cliwiaj\u0105c p\u0142ynne przej\u015bcia i zwi\u0119kszon\u0105 efektywno\u015b\u0107 bez dodawania obj\u0119to\u015bci do systemu broni.<\/p>\n<\/div>\n","protected":false},"excerpt":{"rendered":"<p>BCM\u00ae KAG: Ergonomiczny chwyt M-LOK\u00ae zapewniaj\u0105cy lepsz\u0105 kontrol\u0119 broni.<\/p>\n","protected":false},"featured_media":37360,"template":"","meta":{"_acf_changed":false},"product_brand":[11074],"product_cat":[12639],"product_tag":[],"class_list":{"0":"post-37532","1":"product","2":"type-product","3":"status-publish","4":"has-post-thumbnail","6":"product_brand-bcm","7":"product_cat-bez-kategorii","9":"first","10":"instock","11":"taxable","12":"shipping-taxable","13":"purchasable","14":"product-type-variable","15":"wvs-archive-product-wrapper"},"acf":[],"_links":{"self":[{"href":"https:\/\/staging.nbg.eu\/pl\/wp-json\/wp\/v2\/product\/37532","targetHints":{"allow":["GET"]}}],"collection":[{"href":"https:\/\/staging.nbg.eu\/pl\/wp-json\/wp\/v2\/product"}],"about":[{"href":"https:\/\/staging.nbg.eu\/pl\/wp-json\/wp\/v2\/types\/product"}],"wp:featuredmedia":[{"embeddable":true,"href":"https:\/\/staging.nbg.eu\/pl\/wp-json\/wp\/v2\/media\/37360"}],"wp:attachment":[{"href":"https:\/\/staging.nbg.eu\/pl\/wp-json\/wp\/v2\/media?parent=37532"}],"wp:term":[{"taxonomy":"product_brand","embeddable":true,"href":"https:\/\/staging.nbg.eu\/pl\/wp-json\/wp\/v2\/product_brand?post=37532"},{"taxonomy":"product_cat","embeddable":true,"href":"https:\/\/staging.nbg.eu\/pl\/wp-json\/wp\/v2\/product_cat?post=37532"},{"taxonomy":"product_tag","embeddable":true,"href":"https:\/\/staging.nbg.eu\/pl\/wp-json\/wp\/v2\/product_tag?post=37532"}],"curies":[{"name":"wp","href":"https:\/\/api.w.org\/{rel}","templated":true}]}}