{"id":37456,"date":"2024-09-02T10:45:09","date_gmt":"2024-09-09T13:25:13","guid":{"rendered":"https:\/\/staging.nbg.eu\/product\/condition-one-j-arm-45-1-70\/"},"modified":"2024-09-09T13:25:54","modified_gmt":"2024-09-09T13:25:54","slug":"condition-one-j-arm-45-170","status":"publish","type":"product","link":"https:\/\/staging.nbg.eu\/pl\/produkt\/condition-one-j-arm-45-170\/","title":{"rendered":"Condition One J-Arm 45\u00b0 1.70"},"content":{"rendered":"<div class=\"product-description\">\n<h2>Condition One J-Arm 45\u00b0 1.70<\/h2>\n<p>Ulepsz sw\u00f3j Modularny Monta\u017c Condition One (C.O.M.M.) dzi\u0119ki wszechstronnemu ramieniu Condition One J-Arm. To niezb\u0119dne akcesorium oferuje niezr\u00f3wnan\u0105 elastyczno\u015b\u0107 w montowaniu r\u00f3\u017cnych dodatk\u00f3w do Twojego zestawu.<\/p>\n<ul>\n<li>K\u0105t 45\u00b0 dla optymalnego pozycjonowania<\/li>\n<li>D\u0142ugo\u015b\u0107 1,70&#8243; dla precyzyjnego umieszczenia akcesori\u00f3w<\/li>\n<li>Konstrukcja obur\u0119czna &#8211; monta\u017c z lewej lub prawej strony<\/li>\n<li>Regulowana pozycja prz\u00f3d-ty\u0142<\/li>\n<li>Wykonane z wytrzyma\u0142ego aluminium 7075-T6<\/li>\n<li>Wyko\u0144czenie anodowane twarde typu III<\/li>\n<li>Dost\u0119pne w kolorach piaskowym i czarnym<\/li>\n<\/ul>\n<p>Dostosuj uk\u0142ad swojego sprz\u0119tu z \u0142atwo\u015bci\u0105 i efektywno\u015bci\u0105. Adaptacyjna natura J-Arm pozwala operatorom zoptymalizowa\u0107 ich zestaw do ka\u017cdej misji lub preferencji. Do\u015bwiadcz najwy\u017cszej jako\u015bci i funkcjonalno\u015bci z Condition One J-Arm 45\u00b0 1.70.<\/p>\n<\/div>\n","protected":false},"excerpt":{"rendered":"<p>Wszechstronne mocowanie typu J-Arm 45\u00b0 do C.O.M.M. Trwa\u0142e aluminium, regulowane.<\/p>\n","protected":false},"featured_media":35368,"template":"","meta":{"_acf_changed":false},"product_brand":[11096],"product_cat":[12599,12600,12623,12572],"product_tag":[],"class_list":{"0":"post-37456","1":"product","2":"type-product","3":"status-publish","4":"has-post-thumbnail","6":"product_brand-badger-ordnance","7":"product_cat-celownictwo","8":"product_cat-celowniki-kolimatorowe","9":"product_cat-karabin","10":"product_cat-tuning-karabinowy","12":"first","13":"instock","14":"taxable","15":"shipping-taxable","16":"purchasable","17":"product-type-simple"},"acf":[],"_links":{"self":[{"href":"https:\/\/staging.nbg.eu\/pl\/wp-json\/wp\/v2\/product\/37456","targetHints":{"allow":["GET"]}}],"collection":[{"href":"https:\/\/staging.nbg.eu\/pl\/wp-json\/wp\/v2\/product"}],"about":[{"href":"https:\/\/staging.nbg.eu\/pl\/wp-json\/wp\/v2\/types\/product"}],"wp:featuredmedia":[{"embeddable":true,"href":"https:\/\/staging.nbg.eu\/pl\/wp-json\/wp\/v2\/media\/35368"}],"wp:attachment":[{"href":"https:\/\/staging.nbg.eu\/pl\/wp-json\/wp\/v2\/media?parent=37456"}],"wp:term":[{"taxonomy":"product_brand","embeddable":true,"href":"https:\/\/staging.nbg.eu\/pl\/wp-json\/wp\/v2\/product_brand?post=37456"},{"taxonomy":"product_cat","embeddable":true,"href":"https:\/\/staging.nbg.eu\/pl\/wp-json\/wp\/v2\/product_cat?post=37456"},{"taxonomy":"product_tag","embeddable":true,"href":"https:\/\/staging.nbg.eu\/pl\/wp-json\/wp\/v2\/product_tag?post=37456"}],"curies":[{"name":"wp","href":"https:\/\/api.w.org\/{rel}","templated":true}]}}