{"id":36540,"date":"2024-07-29T19:12:01","date_gmt":"2024-09-02T14:22:22","guid":{"rendered":"https:\/\/staging.nbg.eu\/product\/two-4-waist-pack-for-plate-carriers\/"},"modified":"2024-09-02T14:23:37","modified_gmt":"2024-09-02T14:23:37","slug":"nerka-two-4-do-kamizelek-taktycznych","status":"publish","type":"product","link":"https:\/\/staging.nbg.eu\/pl\/produkt\/nerka-two-4-do-kamizelek-taktycznych\/","title":{"rendered":"Nerka Two-4 do Kamizelek Taktycznych"},"content":{"rendered":"<p>Ulepsz sw\u00f3j zestaw kamizelki kuloodpornej wszechstronnym pakietem biodrowym Two-4 firmy BlueForceGear. Ten niskoprofilowy pakiet mocuje si\u0119 bezpiecznie do pasa lub kamizelki kuloodpornej, zapewniaj\u0105c szybki dost\u0119p do niezb\u0119dnego sprz\u0119tu. Cechy obejmuj\u0105:<\/p>\n<ul>\n<li>Wytrzyma\u0142a konstrukcja z materia\u0142u 500D Cordura<\/li>\n<li>System mocowania kompatybilny z MOLLE<\/li>\n<li>G\u0142\u00f3wna komora z wewn\u0119trzn\u0105 organizacj\u0105<\/li>\n<li>Przednia kiesze\u0144 administracyjna na ma\u0142e przedmioty<\/li>\n<li>Obur\u0119czna konstrukcja do u\u017cytku lew\u0105 lub praw\u0105 r\u0119k\u0105<\/li>\n<li>Dost\u0119pny w wielu kolorach<\/li>\n<\/ul>\n<p>Idealny dla wojska, s\u0142u\u017cb porz\u0105dkowych lub entuzjast\u00f3w taktycznych, pakiet biodrowy Two-4 oferuje wygodne przechowywanie bez kompromis\u00f3w w zakresie mobilno\u015bci. \u0141atwo przenosi\u0107 materia\u0142y medyczne, amunicj\u0119 lub przedmioty osobiste. Zbudowany z my\u015bl\u0105 o trwa\u0142o\u015bci i zaprojektowany dla optymalnej funkcjonalno\u015bci w sytuacjach wysokiego stresu.<\/p>\n","protected":false},"excerpt":{"rendered":"<p>Modu\u0142owa saszetka biodrowa do kamizelek p\u0142ytowych. Bezpieczne, wszechstronne przechowywanie.<\/p>\n","protected":false},"featured_media":36541,"template":"","meta":{"_acf_changed":false},"product_brand":[11141],"product_cat":[12605,12581,12590],"product_tag":[],"class_list":{"0":"post-36540","1":"product","2":"type-product","3":"status-publish","4":"has-post-thumbnail","6":"product_brand-blue-force-gear","7":"product_cat-kamizelki-taktyczne","8":"product_cat-sakwy","9":"product_cat-sprzet","11":"first","12":"instock","13":"taxable","14":"shipping-taxable","15":"purchasable","16":"product-type-simple"},"acf":[],"_links":{"self":[{"href":"https:\/\/staging.nbg.eu\/pl\/wp-json\/wp\/v2\/product\/36540","targetHints":{"allow":["GET"]}}],"collection":[{"href":"https:\/\/staging.nbg.eu\/pl\/wp-json\/wp\/v2\/product"}],"about":[{"href":"https:\/\/staging.nbg.eu\/pl\/wp-json\/wp\/v2\/types\/product"}],"wp:featuredmedia":[{"embeddable":true,"href":"https:\/\/staging.nbg.eu\/pl\/wp-json\/wp\/v2\/media\/36541"}],"wp:attachment":[{"href":"https:\/\/staging.nbg.eu\/pl\/wp-json\/wp\/v2\/media?parent=36540"}],"wp:term":[{"taxonomy":"product_brand","embeddable":true,"href":"https:\/\/staging.nbg.eu\/pl\/wp-json\/wp\/v2\/product_brand?post=36540"},{"taxonomy":"product_cat","embeddable":true,"href":"https:\/\/staging.nbg.eu\/pl\/wp-json\/wp\/v2\/product_cat?post=36540"},{"taxonomy":"product_tag","embeddable":true,"href":"https:\/\/staging.nbg.eu\/pl\/wp-json\/wp\/v2\/product_tag?post=36540"}],"curies":[{"name":"wp","href":"https:\/\/api.w.org\/{rel}","templated":true}]}}