{"id":36348,"date":"2024-07-30T18:54:40","date_gmt":"2024-09-02T13:54:44","guid":{"rendered":"https:\/\/staging.nbg.eu\/product\/mag-now-single-m4-pouch\/"},"modified":"2024-09-02T13:55:39","modified_gmt":"2024-09-02T13:55:39","slug":"mag-now-pojedyncza-kieszen-m4","status":"publish","type":"product","link":"https:\/\/staging.nbg.eu\/pl\/produkt\/mag-now-pojedyncza-kieszen-m4\/","title":{"rendered":"MAG NOW! Pojedyncza Kiesze\u0144 M4"},"content":{"rendered":"<div class=\"product-description\">\n<h2>MAG NOW! POJEDYNCZA \u0141ADOWNICA M4 firmy BlueForceGear<\/h2>\n<p>MAG NOW! POJEDYNCZA \u0141ADOWNICA M4 to wszechstronny i wytrzyma\u0142y no\u015bnik magazynk\u00f3w zaprojektowany z my\u015bl\u0105 o szybkim dost\u0119pie i pewnym przechowywaniu. Cechy obejmuj\u0105:<\/p>\n<ul>\n<li>Ultralekka konstrukcja z wykorzystaniem zastrze\u017conego materia\u0142u ULTRAcomp<\/li>\n<li>Regulowana retencja dla r\u00f3\u017cnych typ\u00f3w magazynk\u00f3w<\/li>\n<li>System mocowania kompatybilny z MOLLE<\/li>\n<li>Ambidextrous design do u\u017cytku przez osoby lewo- i prawor\u0119czne<\/li>\n<li>Niskoprofilowa konstrukcja dla zmniejszenia obj\u0119to\u015bci<\/li>\n<\/ul>\n<p>Idealna dla wojska, s\u0142u\u017cb porz\u0105dkowych i strzelc\u00f3w sportowych, kt\u00f3rzy wymagaj\u0105 szybkiej wymiany magazynk\u00f3w i niezawodnego sprz\u0119tu.<\/p>\n<\/div>\n","protected":false},"excerpt":{"rendered":"<p>Bezpieczna, szybko dost\u0119pna \u0142adownica na magazynek M4. Trwa\u0142a, lekka konstrukcja.<\/p>\n","protected":false},"featured_media":34706,"template":"","meta":{"_acf_changed":false},"product_brand":[11141],"product_cat":[12566,12581,12590],"product_tag":[],"class_list":{"0":"post-36348","1":"product","2":"type-product","3":"status-publish","4":"has-post-thumbnail","6":"product_brand-blue-force-gear","7":"product_cat-ladownice-na-magazynki","8":"product_cat-sakwy","9":"product_cat-sprzet","11":"first","12":"instock","13":"taxable","14":"shipping-taxable","15":"purchasable","16":"product-type-variable","17":"wvs-archive-product-wrapper"},"acf":[],"_links":{"self":[{"href":"https:\/\/staging.nbg.eu\/pl\/wp-json\/wp\/v2\/product\/36348","targetHints":{"allow":["GET"]}}],"collection":[{"href":"https:\/\/staging.nbg.eu\/pl\/wp-json\/wp\/v2\/product"}],"about":[{"href":"https:\/\/staging.nbg.eu\/pl\/wp-json\/wp\/v2\/types\/product"}],"wp:featuredmedia":[{"embeddable":true,"href":"https:\/\/staging.nbg.eu\/pl\/wp-json\/wp\/v2\/media\/34706"}],"wp:attachment":[{"href":"https:\/\/staging.nbg.eu\/pl\/wp-json\/wp\/v2\/media?parent=36348"}],"wp:term":[{"taxonomy":"product_brand","embeddable":true,"href":"https:\/\/staging.nbg.eu\/pl\/wp-json\/wp\/v2\/product_brand?post=36348"},{"taxonomy":"product_cat","embeddable":true,"href":"https:\/\/staging.nbg.eu\/pl\/wp-json\/wp\/v2\/product_cat?post=36348"},{"taxonomy":"product_tag","embeddable":true,"href":"https:\/\/staging.nbg.eu\/pl\/wp-json\/wp\/v2\/product_tag?post=36348"}],"curies":[{"name":"wp","href":"https:\/\/api.w.org\/{rel}","templated":true}]}}