{"id":36068,"date":"2024-04-18T05:40:44","date_gmt":"2024-09-02T13:39:57","guid":{"rendered":"https:\/\/staging.nbg.eu\/product\/blue-force-gear-vickers-sling-1-25\/"},"modified":"2024-09-13T09:17:48","modified_gmt":"2024-09-13T09:17:48","slug":"blue-force-gear-vickers-sling-125","status":"publish","type":"product","link":"https:\/\/staging.nbg.eu\/pl\/produkt\/blue-force-gear-vickers-sling-125\/","title":{"rendered":"Blue Force Gear Vickers Sling, 1.25&#8243;"},"content":{"rendered":"<div class=\"product-description\">\n<h2>Blue Force Gear Pas Vickers, 1,25&#8243;<\/h2>\n<p>Pas Vickers Combat Applications Sling\u2122, opracowany wsp\u00f3lnie z Larrym Vickersem, by\u0142ym cz\u0142onkiem 1st SFOD-Delta i autorem Vickers Guide, oferuje wszechstronno\u015b\u0107 i wygod\u0119.<\/p>\n<ul>\n<li>Konstrukcja umo\u017cliwiaj\u0105ca szybk\u0105 regulacj\u0119<\/li>\n<li>Szeroko\u015b\u0107 1,25&#8243; dla optymalnego roz\u0142o\u017cenia ci\u0119\u017caru<\/li>\n<li>U\u017cywany przez si\u0142y zbrojne USA<\/li>\n<li>Trwa\u0142a konstrukcja<\/li>\n<\/ul>\n<p>Pas Vickers poprawia obs\u0142ug\u0119 karabinu i mobilno\u015b\u0107. Odpowiedni dla profesjonalist\u00f3w i entuzjast\u00f3w.<\/p>\n<\/div>\n","protected":false},"excerpt":{"rendered":"<p>Taktyczny pas no\u015bny Larry&#8217;ego Vickersa. Szybka regulacja, jako\u015b\u0107 wojskowa.<\/p>\n","protected":false},"featured_media":36069,"template":"","meta":{"_acf_changed":false},"product_brand":[11141],"product_cat":[12586,12590],"product_tag":[],"class_list":{"0":"post-36068","1":"product","2":"type-product","3":"status-publish","4":"has-post-thumbnail","6":"product_brand-blue-force-gear","7":"product_cat-chusty","8":"product_cat-sprzet","10":"first","11":"instock","12":"taxable","13":"shipping-taxable","14":"purchasable","15":"product-type-variable","16":"wvs-archive-product-wrapper"},"acf":[],"_links":{"self":[{"href":"https:\/\/staging.nbg.eu\/pl\/wp-json\/wp\/v2\/product\/36068","targetHints":{"allow":["GET"]}}],"collection":[{"href":"https:\/\/staging.nbg.eu\/pl\/wp-json\/wp\/v2\/product"}],"about":[{"href":"https:\/\/staging.nbg.eu\/pl\/wp-json\/wp\/v2\/types\/product"}],"wp:featuredmedia":[{"embeddable":true,"href":"https:\/\/staging.nbg.eu\/pl\/wp-json\/wp\/v2\/media\/36069"}],"wp:attachment":[{"href":"https:\/\/staging.nbg.eu\/pl\/wp-json\/wp\/v2\/media?parent=36068"}],"wp:term":[{"taxonomy":"product_brand","embeddable":true,"href":"https:\/\/staging.nbg.eu\/pl\/wp-json\/wp\/v2\/product_brand?post=36068"},{"taxonomy":"product_cat","embeddable":true,"href":"https:\/\/staging.nbg.eu\/pl\/wp-json\/wp\/v2\/product_cat?post=36068"},{"taxonomy":"product_tag","embeddable":true,"href":"https:\/\/staging.nbg.eu\/pl\/wp-json\/wp\/v2\/product_tag?post=36068"}],"curies":[{"name":"wp","href":"https:\/\/api.w.org\/{rel}","templated":true}]}}