{"id":34704,"date":"2024-07-30T19:26:43","date_gmt":"2024-08-27T14:30:13","guid":{"rendered":"https:\/\/staging.nbg.eu\/product\/mag-now-triple-m4-pouch\/"},"modified":"2024-08-27T14:31:11","modified_gmt":"2024-08-27T14:31:11","slug":"potrojna-kieszen-na-magazynki-m4-mag-now","status":"publish","type":"product","link":"https:\/\/staging.nbg.eu\/pl\/produkt\/potrojna-kieszen-na-magazynki-m4-mag-now\/","title":{"rendered":"Potr\u00f3jna kiesze\u0144 na magazynki M4 MAG NOW"},"content":{"rendered":"<p><strong>MAG NOW! TRIPLE M4 POUCH<\/strong> firmy BlueForceGear to wysokiej jako\u015bci \u0142adownica na magazynki, zaprojektowana dla profesjonalist\u00f3w taktycznych i entuzjast\u00f3w. Cechy produktu obejmuj\u0105:<\/p>\n<ul>\n<li>Bezpiecznie mie\u015bci trzy 30-nabojowe magazynki M4\/AR-15<\/li>\n<li>Trwa\u0142a konstrukcja z nylonu Cordura 500D<\/li>\n<li>System mocowania Helium Whisper zapewniaj\u0105cy lekk\u0105 kompatybilno\u015b\u0107 z MOLLE<\/li>\n<li>Szybki dost\u0119p dzi\u0119ki elastycznym paskom mocuj\u0105cym<\/li>\n<li>Niskoprofilowa konstrukcja zmniejszaj\u0105ca obj\u0119to\u015b\u0107<\/li>\n<li>Dost\u0119pna w wielu kolorach, aby dopasowa\u0107 si\u0119 do Twojego wyposa\u017cenia<\/li>\n<\/ul>\n<p>Ulepsz sw\u00f3j ekwipunek t\u0105 wszechstronn\u0105, niezawodn\u0105 \u0142adownic\u0105, kt\u00f3ra zapewnia szybk\u0105 wymian\u0119 magazynk\u00f3w, gdy liczy si\u0119 ka\u017cda sekunda.<\/p>\n","protected":false},"excerpt":{"rendered":"<p>Bezpieczna potr\u00f3jna \u0142adownica na magazynki M4. Szybki dost\u0119p. Wytrzyma\u0142a konstrukcja.<\/p>\n","protected":false},"featured_media":34705,"template":"","meta":{"_acf_changed":false},"product_brand":[11141],"product_cat":[12566,12581,12590],"product_tag":[],"class_list":{"0":"post-34704","1":"product","2":"type-product","3":"status-publish","4":"has-post-thumbnail","6":"product_brand-blue-force-gear","7":"product_cat-ladownice-na-magazynki","8":"product_cat-sakwy","9":"product_cat-sprzet","11":"first","12":"instock","13":"taxable","14":"shipping-taxable","15":"purchasable","16":"product-type-variable","17":"wvs-archive-product-wrapper"},"acf":[],"_links":{"self":[{"href":"https:\/\/staging.nbg.eu\/pl\/wp-json\/wp\/v2\/product\/34704","targetHints":{"allow":["GET"]}}],"collection":[{"href":"https:\/\/staging.nbg.eu\/pl\/wp-json\/wp\/v2\/product"}],"about":[{"href":"https:\/\/staging.nbg.eu\/pl\/wp-json\/wp\/v2\/types\/product"}],"wp:featuredmedia":[{"embeddable":true,"href":"https:\/\/staging.nbg.eu\/pl\/wp-json\/wp\/v2\/media\/34705"}],"wp:attachment":[{"href":"https:\/\/staging.nbg.eu\/pl\/wp-json\/wp\/v2\/media?parent=34704"}],"wp:term":[{"taxonomy":"product_brand","embeddable":true,"href":"https:\/\/staging.nbg.eu\/pl\/wp-json\/wp\/v2\/product_brand?post=34704"},{"taxonomy":"product_cat","embeddable":true,"href":"https:\/\/staging.nbg.eu\/pl\/wp-json\/wp\/v2\/product_cat?post=34704"},{"taxonomy":"product_tag","embeddable":true,"href":"https:\/\/staging.nbg.eu\/pl\/wp-json\/wp\/v2\/product_tag?post=34704"}],"curies":[{"name":"wp","href":"https:\/\/api.w.org\/{rel}","templated":true}]}}