{"id":33746,"date":"2024-07-30T19:33:04","date_gmt":"2024-08-27T13:14:29","guid":{"rendered":"https:\/\/staging.nbg.eu\/product\/mag-now-single-pistol-pouch-bullets-flat\/"},"modified":"2024-08-27T13:15:38","modified_gmt":"2024-08-27T13:15:38","slug":"kieszen-na-magazynek-pistoletowy-mag-now-pojedyncza-naboje-plasko","status":"publish","type":"product","link":"https:\/\/staging.nbg.eu\/pl\/produkt\/kieszen-na-magazynek-pistoletowy-mag-now-pojedyncza-naboje-plasko\/","title":{"rendered":"Kiesze\u0144 na magazynek pistoletowy MAG NOW pojedyncza (naboje p\u0142asko)"},"content":{"rendered":"<p>\n<strong>MAG NOW! POJEDYNCZA \u0141ADOWNICA NA PISTOLET (NABOJE P\u0141ASKO)<\/strong> firmy Blue Force Gear to wszechstronne i trwa\u0142e rozwi\u0105zanie do przenoszenia magazynka pistoletu. Cechy:<\/p>\n<ul>\n<li>Niskoprofilowa konstrukcja dla dyskretnego noszenia<\/li>\n<li>Bezpieczne mocowanie z mo\u017cliwo\u015bci\u0105 szybkiego wyj\u0119cia<\/li>\n<li>Kompatybilna z wi\u0119kszo\u015bci\u0105 dwurz\u0119dowych magazynk\u00f3w pistoletowych<\/li>\n<li>Lekka konstrukcja z materia\u0142u ULTRAcomp<\/li>\n<li>Kompatybilna z systemem MOLLE\/PALS<\/li>\n<li>Dost\u0119pna w wielu kolorach<\/li>\n<\/ul>\n<p>Idealna do zastosowa\u0144 wojskowych, policyjnych i cywilnych, ta \u0142adownica zapewnia szybki dost\u0119p i niezawodne dzia\u0142anie w ka\u017cdej sytuacji. Ulepsz swoje wyposa\u017cenie dzi\u0119ki innowacyjnemu projektowi Blue Force Gear.<\/p>\n","protected":false},"excerpt":{"rendered":"<p>Smuk\u0142a, bezpieczna kiesze\u0144 na magazynek pistoletu. P\u0142askie naboje. Konstrukcja zapewniaj\u0105ca szybki dost\u0119p.<\/p>\n","protected":false},"featured_media":33747,"template":"","meta":{"_acf_changed":false},"product_brand":[11141],"product_cat":[12581,12590],"product_tag":[],"class_list":{"0":"post-33746","1":"product","2":"type-product","3":"status-publish","4":"has-post-thumbnail","6":"product_brand-blue-force-gear","7":"product_cat-sakwy","8":"product_cat-sprzet","10":"first","11":"instock","12":"taxable","13":"shipping-taxable","14":"purchasable","15":"product-type-variable","16":"wvs-archive-product-wrapper"},"acf":[],"_links":{"self":[{"href":"https:\/\/staging.nbg.eu\/pl\/wp-json\/wp\/v2\/product\/33746","targetHints":{"allow":["GET"]}}],"collection":[{"href":"https:\/\/staging.nbg.eu\/pl\/wp-json\/wp\/v2\/product"}],"about":[{"href":"https:\/\/staging.nbg.eu\/pl\/wp-json\/wp\/v2\/types\/product"}],"wp:featuredmedia":[{"embeddable":true,"href":"https:\/\/staging.nbg.eu\/pl\/wp-json\/wp\/v2\/media\/33747"}],"wp:attachment":[{"href":"https:\/\/staging.nbg.eu\/pl\/wp-json\/wp\/v2\/media?parent=33746"}],"wp:term":[{"taxonomy":"product_brand","embeddable":true,"href":"https:\/\/staging.nbg.eu\/pl\/wp-json\/wp\/v2\/product_brand?post=33746"},{"taxonomy":"product_cat","embeddable":true,"href":"https:\/\/staging.nbg.eu\/pl\/wp-json\/wp\/v2\/product_cat?post=33746"},{"taxonomy":"product_tag","embeddable":true,"href":"https:\/\/staging.nbg.eu\/pl\/wp-json\/wp\/v2\/product_tag?post=33746"}],"curies":[{"name":"wp","href":"https:\/\/api.w.org\/{rel}","templated":true}]}}