{"id":31631,"date":"2024-08-18T19:30:03","date_gmt":"2024-08-24T13:46:50","guid":{"rendered":"https:\/\/staging.nbg.eu\/product\/daa-22x22mm-target-patches\/"},"modified":"2024-09-10T07:36:11","modified_gmt":"2024-09-10T07:36:11","slug":"latki-tarczowe-daa-22x22mm","status":"publish","type":"product","link":"https:\/\/staging.nbg.eu\/pl\/produkt\/latki-tarczowe-daa-22x22mm\/","title":{"rendered":"\u0141atki tarczowe Daa 22x22mm"},"content":{"rendered":"<div class=\"product-description\">\n<h2>Naklejki na tarcze DAA 22x22mm<\/h2>\n<p>Ulepsz swoje do\u015bwiadczenie strzeleckie dzi\u0119ki specjalnie zaprojektowanym naklejkom na tarcze DAA, stworzonym tak, aby idealnie komponowa\u0142y si\u0119 z popularnymi tekturowymi tarczami.<\/p>\n<ul>\n<li>Dopasowane kolorystycznie, prawie niewidoczne na popularnych tarczach<\/li>\n<li>Unikalna kwadratowa konstrukcja 22x22mm dla wi\u0119kszego pokrycia<\/li>\n<li>\u0141atwiejsze i szybsze w aplikacji ni\u017c standardowe okr\u0105g\u0142e naklejki<\/li>\n<li>1000 naklejek na rolce, 10 rolek w opakowaniu<\/li>\n<\/ul>\n<p>Te wysokiej jako\u015bci naklejki oferuj\u0105 lepsze pokrycie i efektywno\u015b\u0107 w por\u00f3wnaniu do standardowych okr\u0105g\u0142ych naklejek 20mm. Ich kwadratowy kszta\u0142t umo\u017cliwia szybsze naklejanie bez konieczno\u015bci precyzyjnego celowania. Niezale\u017cnie od tego, czy jeste\u015b profesjonalnym czy rekreacyjnym strzelcem, naklejki na tarcze DAA zapewniaj\u0105 doskona\u0142e rozwi\u0105zanie do przed\u0142u\u017cenia \u017cywotno\u015bci Twoich tarcz w ka\u017cdych warunkach pogodowych.<\/p>\n<\/div>\n","protected":false},"excerpt":{"rendered":"<p>Odporne na warunki atmosferyczne naklejki celownicze 22x22mm. 1000 sztuk na rolce, 10 rolek w opakowaniu.<\/p>\n","protected":false},"featured_media":29107,"template":"","meta":{"_acf_changed":false},"product_brand":[11278],"product_cat":[12588,12621,12596],"product_tag":[],"class_list":{"0":"post-31631","1":"product","2":"type-product","3":"status-publish","4":"has-post-thumbnail","6":"product_brand-doublealpha","7":"product_cat-laty-i-patchguny","8":"product_cat-tarcze","9":"product_cat-tarcze-papierowe","11":"first","12":"instock","13":"taxable","14":"shipping-taxable","15":"purchasable","16":"product-type-variable","17":"wvs-archive-product-wrapper"},"acf":[],"_links":{"self":[{"href":"https:\/\/staging.nbg.eu\/pl\/wp-json\/wp\/v2\/product\/31631","targetHints":{"allow":["GET"]}}],"collection":[{"href":"https:\/\/staging.nbg.eu\/pl\/wp-json\/wp\/v2\/product"}],"about":[{"href":"https:\/\/staging.nbg.eu\/pl\/wp-json\/wp\/v2\/types\/product"}],"wp:featuredmedia":[{"embeddable":true,"href":"https:\/\/staging.nbg.eu\/pl\/wp-json\/wp\/v2\/media\/29107"}],"wp:attachment":[{"href":"https:\/\/staging.nbg.eu\/pl\/wp-json\/wp\/v2\/media?parent=31631"}],"wp:term":[{"taxonomy":"product_brand","embeddable":true,"href":"https:\/\/staging.nbg.eu\/pl\/wp-json\/wp\/v2\/product_brand?post=31631"},{"taxonomy":"product_cat","embeddable":true,"href":"https:\/\/staging.nbg.eu\/pl\/wp-json\/wp\/v2\/product_cat?post=31631"},{"taxonomy":"product_tag","embeddable":true,"href":"https:\/\/staging.nbg.eu\/pl\/wp-json\/wp\/v2\/product_tag?post=31631"}],"curies":[{"name":"wp","href":"https:\/\/api.w.org\/{rel}","templated":true}]}}