{"id":31106,"date":"2024-08-18T19:53:51","date_gmt":"2024-08-24T13:31:58","guid":{"rendered":"https:\/\/staging.nbg.eu\/product\/daa-dry-fire-practice-mag\/"},"modified":"2024-08-24T13:33:33","modified_gmt":"2024-08-24T13:33:33","slug":"magazynek-treningowy-daa-do-strzelania-na-sucho","status":"publish","type":"product","link":"https:\/\/staging.nbg.eu\/pl\/produkt\/magazynek-treningowy-daa-do-strzelania-na-sucho\/","title":{"rendered":"Magazynek treningowy Daa do strzelania na sucho"},"content":{"rendered":"<div class=\"product-description\">\n<h2>Magazynek do treningu na sucho Daa od Double Alpha Academy<\/h2>\n<p>Popraw swoje umiej\u0119tno\u015bci strzeleckie dzi\u0119ki magazynkowi do treningu na sucho Daa. To innowacyjne narz\u0119dzie umo\u017cliwia bezpieczny i efektywny trening na sucho w domu lub na strzelnicy.<\/p>\n<ul>\n<li>Kompatybilny z wi\u0119kszo\u015bci\u0105 dwurz\u0119dowych magazynk\u00f3w 9mm\/.40<\/li>\n<li>Realistyczna waga i odczucie dla autentycznego treningu<\/li>\n<li>Trwa\u0142a konstrukcja zapewniaj\u0105ca d\u0142ugotrwa\u0142e u\u017cytkowanie<\/li>\n<li>Pomaga poprawi\u0107 kontrol\u0119 spustu i zgranie przyrz\u0105d\u00f3w celowniczych<\/li>\n<li>Idealny dla zawodnik\u00f3w IPSC i USPSA<\/li>\n<\/ul>\n<p>Podnie\u015b swoje umiej\u0119tno\u015bci strzeleckie bez u\u017cycia ostrej amunicji. Zam\u00f3w sw\u00f3j magazynek do treningu na sucho Daa ju\u017c dzi\u015b!<\/p>\n<\/div>\n","protected":false},"excerpt":{"rendered":"<p>Magazynek treningowy Daa Dry-Fire: Bezpieczne, realistyczne \u0107wiczenia umiej\u0119tno\u015bci pos\u0142ugiwania si\u0119 broni\u0105 kr\u00f3tk\u0105.<\/p>\n","protected":false},"featured_media":29843,"template":"","meta":{"_acf_changed":false},"product_brand":[11278],"product_cat":[12590,12611],"product_tag":[],"class_list":{"0":"post-31106","1":"product","2":"type-product","3":"status-publish","4":"has-post-thumbnail","6":"product_brand-doublealpha","7":"product_cat-sprzet","8":"product_cat-suchy-trening","10":"first","11":"instock","12":"taxable","13":"shipping-taxable","14":"purchasable","15":"product-type-variable","16":"wvs-archive-product-wrapper"},"acf":[],"_links":{"self":[{"href":"https:\/\/staging.nbg.eu\/pl\/wp-json\/wp\/v2\/product\/31106","targetHints":{"allow":["GET"]}}],"collection":[{"href":"https:\/\/staging.nbg.eu\/pl\/wp-json\/wp\/v2\/product"}],"about":[{"href":"https:\/\/staging.nbg.eu\/pl\/wp-json\/wp\/v2\/types\/product"}],"wp:featuredmedia":[{"embeddable":true,"href":"https:\/\/staging.nbg.eu\/pl\/wp-json\/wp\/v2\/media\/29843"}],"wp:attachment":[{"href":"https:\/\/staging.nbg.eu\/pl\/wp-json\/wp\/v2\/media?parent=31106"}],"wp:term":[{"taxonomy":"product_brand","embeddable":true,"href":"https:\/\/staging.nbg.eu\/pl\/wp-json\/wp\/v2\/product_brand?post=31106"},{"taxonomy":"product_cat","embeddable":true,"href":"https:\/\/staging.nbg.eu\/pl\/wp-json\/wp\/v2\/product_cat?post=31106"},{"taxonomy":"product_tag","embeddable":true,"href":"https:\/\/staging.nbg.eu\/pl\/wp-json\/wp\/v2\/product_tag?post=31106"}],"curies":[{"name":"wp","href":"https:\/\/api.w.org\/{rel}","templated":true}]}}