{"id":290596,"date":"2025-03-02T07:15:36","date_gmt":"2025-03-02T07:15:36","guid":{"rendered":"https:\/\/staging.nbg.eu\/prodcut\/two-vets-tripod-with-area-419-arcalock-dual-clamp-the-qdt-v2-ls-i\/"},"modified":"2025-03-27T10:50:49","modified_gmt":"2025-03-27T10:50:49","slug":"two-vets-statyw-z-area-419-arcalock-podwojny-zacisk-qdt-v2-ls-i","status":"publish","type":"product","link":"https:\/\/staging.nbg.eu\/pl\/produkt\/two-vets-statyw-z-area-419-arcalock-podwojny-zacisk-qdt-v2-ls-i\/","title":{"rendered":"Two Vets Statyw z Area 419 ARCALOCK Podw\u00f3jny Zacisk &#8211; QDT V2 LS I"},"content":{"rendered":"<h2>Statyw Two Vets z podw\u00f3jnym zaciskiem Area 419 ARCALOCK &#8211; QDT V2 LS I<\/h2>\n<p>GripChanger to nowy dodatek do naszej linii akcesori\u00f3w strzeleckich. Ta kompaktowa, jednofuntowa torba s\u0142u\u017cy do szybkiego budowania pozycji i u\u017cycia w ma\u0142ych otworach. Jej wype\u0142niona konstrukcja pozwala na przyczepienie si\u0119 do ka\u017cdej powierzchni, zapewniaj\u0105c stabiln\u0105 platform\u0119.<\/p>\n<h2>Zestaw zawiera:<\/h2>\n<ul>\n<li>1 Torb\u0119 Custom Area 419 GripChanger<\/li>\n<li>1 Zacisk ARCALOCK<\/li>\n<li>1 Rami\u0119 Area 419 Rail Changer<\/li>\n<\/ul>\n<p><strong>Wymiary:<\/strong> 25,4 cm \u00d7 7,6 cm \u00d7 5,1 cm<br \/>\n<strong>Producent:<\/strong> Armageddon Gear<\/p>\n<p>Zestaw GripChanger to wszechstronne i niezawodne narz\u0119dzie strzeleckie.<\/p>\n","protected":false},"excerpt":{"rendered":"<p>Wszechstronny statyw z podw\u00f3jnym zaciskiem umo\u017cliwiaj\u0105cy szybkie i stabilne ustawienie do fotografowania.<\/p>\n","protected":false},"featured_media":233733,"template":"","meta":{"_acf_changed":false},"product_brand":[11047],"product_cat":[12616,12623],"product_tag":[],"class_list":{"0":"post-290596","1":"product","2":"type-product","3":"status-publish","4":"has-post-thumbnail","6":"product_brand-area-419","7":"product_cat-dwojnogi","8":"product_cat-karabin","10":"first","11":"instock","12":"taxable","13":"shipping-taxable","14":"purchasable","15":"product-type-simple"},"acf":[],"_links":{"self":[{"href":"https:\/\/staging.nbg.eu\/pl\/wp-json\/wp\/v2\/product\/290596","targetHints":{"allow":["GET"]}}],"collection":[{"href":"https:\/\/staging.nbg.eu\/pl\/wp-json\/wp\/v2\/product"}],"about":[{"href":"https:\/\/staging.nbg.eu\/pl\/wp-json\/wp\/v2\/types\/product"}],"wp:featuredmedia":[{"embeddable":true,"href":"https:\/\/staging.nbg.eu\/pl\/wp-json\/wp\/v2\/media\/233733"}],"wp:attachment":[{"href":"https:\/\/staging.nbg.eu\/pl\/wp-json\/wp\/v2\/media?parent=290596"}],"wp:term":[{"taxonomy":"product_brand","embeddable":true,"href":"https:\/\/staging.nbg.eu\/pl\/wp-json\/wp\/v2\/product_brand?post=290596"},{"taxonomy":"product_cat","embeddable":true,"href":"https:\/\/staging.nbg.eu\/pl\/wp-json\/wp\/v2\/product_cat?post=290596"},{"taxonomy":"product_tag","embeddable":true,"href":"https:\/\/staging.nbg.eu\/pl\/wp-json\/wp\/v2\/product_tag?post=290596"}],"curies":[{"name":"wp","href":"https:\/\/api.w.org\/{rel}","templated":true}]}}