{"id":290486,"date":"2025-03-02T06:50:24","date_gmt":"2025-03-27T10:28:47","guid":{"rendered":"https:\/\/staging.nbg.eu\/prodcut\/area-419-railchanger-shmedium-from-armageddon-gear\/"},"modified":"2025-03-27T10:31:13","modified_gmt":"2025-03-27T10:31:13","slug":"area-419-railchanger-shmedium-od-armageddon-gear","status":"publish","type":"product","link":"https:\/\/staging.nbg.eu\/pl\/produkt\/area-419-railchanger-shmedium-od-armageddon-gear\/","title":{"rendered":"Area 419 &#8211; RailChanger Shmedium od Armageddon Gear"},"content":{"rendered":"<h2>Area 419 &#8211; RailChanger Shmedium<\/h2>\n<h2>produkcji Armageddon Gear<\/h2>\n<p>RailChanger Shmedium to worek strzelecki o \u015bredniej wielko\u015bci. Posiada g\u0119ste wype\u0142nienie i jest przeznaczony do u\u017cytku na strzelnicy.<\/p>\n<ul>\n<li><strong>Konstrukcja:<\/strong> Laserowo wycinane panele na g\u00f3rze i z boku do mocowania na RCX<\/li>\n<li><strong>Rozmiar:<\/strong> 8 \u00d7 6 \u00d7 6 cali<\/li>\n<li><strong>Waga:<\/strong> 7 funt\u00f3w<\/li>\n<li><strong>Producent:<\/strong> Armageddon Gear<\/li>\n<\/ul>\n<p>RailChanger Shmedium to worek strzelecki \u0142\u0105cz\u0105cy funkcjonalno\u015b\u0107 z odpowiednim rozmiarem.<\/p>\n","protected":false},"excerpt":{"rendered":"<p>Kompaktowy, g\u0119sto wype\u0142niony GameChanger do RCX. Idealny towarzysz na strzelnic\u0119.<\/p>\n","protected":false},"featured_media":233501,"template":"","meta":{"_acf_changed":false},"product_brand":[11047],"product_cat":[12623,390],"product_tag":[],"class_list":{"0":"post-290486","1":"product","2":"type-product","3":"status-publish","4":"has-post-thumbnail","6":"product_brand-area-419","7":"product_cat-karabin","8":"product_cat-aiming","10":"first","11":"instock","12":"taxable","13":"shipping-taxable","14":"purchasable","15":"product-type-simple"},"acf":[],"_links":{"self":[{"href":"https:\/\/staging.nbg.eu\/pl\/wp-json\/wp\/v2\/product\/290486","targetHints":{"allow":["GET"]}}],"collection":[{"href":"https:\/\/staging.nbg.eu\/pl\/wp-json\/wp\/v2\/product"}],"about":[{"href":"https:\/\/staging.nbg.eu\/pl\/wp-json\/wp\/v2\/types\/product"}],"wp:featuredmedia":[{"embeddable":true,"href":"https:\/\/staging.nbg.eu\/pl\/wp-json\/wp\/v2\/media\/233501"}],"wp:attachment":[{"href":"https:\/\/staging.nbg.eu\/pl\/wp-json\/wp\/v2\/media?parent=290486"}],"wp:term":[{"taxonomy":"product_brand","embeddable":true,"href":"https:\/\/staging.nbg.eu\/pl\/wp-json\/wp\/v2\/product_brand?post=290486"},{"taxonomy":"product_cat","embeddable":true,"href":"https:\/\/staging.nbg.eu\/pl\/wp-json\/wp\/v2\/product_cat?post=290486"},{"taxonomy":"product_tag","embeddable":true,"href":"https:\/\/staging.nbg.eu\/pl\/wp-json\/wp\/v2\/product_tag?post=290486"}],"curies":[{"name":"wp","href":"https:\/\/api.w.org\/{rel}","templated":true}]}}