{"id":290366,"date":"2025-03-02T06:33:52","date_gmt":"2025-03-27T10:03:25","guid":{"rendered":"https:\/\/staging.nbg.eu\/prodcut\/area-419-railchanger-og-bag\/"},"modified":"2025-03-27T10:05:53","modified_gmt":"2025-03-27T10:05:53","slug":"area-419-railchanger-og-worek","status":"publish","type":"product","link":"https:\/\/staging.nbg.eu\/pl\/produkt\/area-419-railchanger-og-worek\/","title":{"rendered":"Area 419 &#8211; RailChanger OG Worek"},"content":{"rendered":"<h2>Area 419 &#8211; Torba RailChanger OG<\/h2>\n<p>Prezentujemy RailChanger OG od Armageddon Gear \u2013 akcesorium do systemu RCX. Ta torba OG GameChanger ma specjalne panele wycinane laserowo na g\u00f3rze i z boku, umo\u017cliwiaj\u0105ce integracj\u0119 z systemem RCX.<\/p>\n<h2>G\u0142\u00f3wne cechy:<\/h2>\n<ul>\n<li>Zaprojektowana dla systemu RCX<\/li>\n<li>Panele wycinane laserowo do mocowania<\/li>\n<li>Pe\u0142nowymiarowy projekt OG GameChanger<\/li>\n<li>Trwa\u0142a konstrukcja<\/li>\n<\/ul>\n<h2>Specyfikacje:<\/h2>\n<ul>\n<li>Waga: 3,2 kg<\/li>\n<li>Wymiary: 25,4 \u00d7 17,8 \u00d7 15,2 cm<\/li>\n<li>Dost\u0119pne kolory: Czarny, Piaskowy<\/li>\n<\/ul>\n<p>RailChanger OG to torba, kt\u00f3r\u0105 przewidzieli\u015bmy przy tworzeniu systemu RCX.<\/p>\n","protected":false},"excerpt":{"rendered":"<p>Niestandardowa torba GameChanger do RCX: panele wycinane laserowo, pe\u0142nowymiarowa, uniwersalna.<\/p>\n","protected":false},"featured_media":233476,"template":"","meta":{"_acf_changed":false},"product_brand":[11047],"product_cat":[12623],"product_tag":[],"class_list":{"0":"post-290366","1":"product","2":"type-product","3":"status-publish","4":"has-post-thumbnail","6":"product_brand-area-419","7":"product_cat-karabin","9":"first","10":"outofstock","11":"taxable","12":"shipping-taxable","13":"purchasable","14":"product-type-variable","15":"wvs-archive-product-wrapper"},"acf":[],"_links":{"self":[{"href":"https:\/\/staging.nbg.eu\/pl\/wp-json\/wp\/v2\/product\/290366","targetHints":{"allow":["GET"]}}],"collection":[{"href":"https:\/\/staging.nbg.eu\/pl\/wp-json\/wp\/v2\/product"}],"about":[{"href":"https:\/\/staging.nbg.eu\/pl\/wp-json\/wp\/v2\/types\/product"}],"wp:featuredmedia":[{"embeddable":true,"href":"https:\/\/staging.nbg.eu\/pl\/wp-json\/wp\/v2\/media\/233476"}],"wp:attachment":[{"href":"https:\/\/staging.nbg.eu\/pl\/wp-json\/wp\/v2\/media?parent=290366"}],"wp:term":[{"taxonomy":"product_brand","embeddable":true,"href":"https:\/\/staging.nbg.eu\/pl\/wp-json\/wp\/v2\/product_brand?post=290366"},{"taxonomy":"product_cat","embeddable":true,"href":"https:\/\/staging.nbg.eu\/pl\/wp-json\/wp\/v2\/product_cat?post=290366"},{"taxonomy":"product_tag","embeddable":true,"href":"https:\/\/staging.nbg.eu\/pl\/wp-json\/wp\/v2\/product_tag?post=290366"}],"curies":[{"name":"wp","href":"https:\/\/api.w.org\/{rel}","templated":true}]}}