{"id":290235,"date":"2025-03-02T10:02:47","date_gmt":"2025-03-02T10:02:47","guid":{"rendered":"https:\/\/staging.nbg.eu\/prodcut\/area-419-arcalock-rail-for-barrett-mrad-mk22-sniper-system\/"},"modified":"2025-03-27T09:58:07","modified_gmt":"2025-03-27T09:58:07","slug":"area-419-arcalock-szyna-do-barrett-mrad-mk22-sniper-system","status":"publish","type":"product","link":"https:\/\/staging.nbg.eu\/pl\/produkt\/area-419-arcalock-szyna-do-barrett-mrad-mk22-sniper-system\/","title":{"rendered":"Area 419 &#8211; ARCALOCK Szyna do Barrett MRAD, MK22 Sniper System"},"content":{"rendered":"<div class=\"product-description\">\n<h2>Area 419 &#8211; Szyna ARCALOCK do Barrett MRAD, System Snajperski MK22<\/h2>\n<p>Szyna ARCALOCK od Area 419 do Barrett MRAD lub Systemu Snajperskiego MK22 oferuje:<\/p>\n<ul>\n<li>Integracj\u0119 z platformami Barrett MRAD i MK22<\/li>\n<li>Konstrukcj\u0119 z aluminium 7075-T6<\/li>\n<li>System monta\u017cu ARCALOCK<\/li>\n<li>Wyd\u0142u\u017con\u0105 szyn\u0119 g\u00f3rn\u0105 do monta\u017cu akcesori\u00f3w<\/li>\n<li>Kompatybilne z M-LOK boki i sp\u00f3d<\/li>\n<li>Lekk\u0105 konstrukcj\u0119<\/li>\n<li>Wyko\u0144czenie anodowane zgodne ze specyfikacj\u0105 wojskow\u0105<\/li>\n<\/ul>\n<p>Szyna ARCALOCK Area 419 to akcesorium do karabin\u00f3w snajperskich i dla profesjonalist\u00f3w wojskowych.<\/p>\n<\/div>\n","protected":false},"excerpt":{"rendered":"<p>Precyzyjnie zaprojektowana szyna ARCALOCK do Barrett MRAD\/MK22. Zwi\u0119ksza celno\u015b\u0107 i umo\u017cliwia monta\u017c akcesori\u00f3w.<\/p>\n","protected":false},"featured_media":234172,"template":"","meta":{"_acf_changed":false},"product_brand":[11047],"product_cat":[12623,12571],"product_tag":[],"class_list":{"0":"post-290235","1":"product","2":"type-product","3":"status-publish","4":"has-post-thumbnail","6":"product_brand-area-419","7":"product_cat-karabin","8":"product_cat-szyny","10":"first","11":"instock","12":"taxable","13":"shipping-taxable","14":"purchasable","15":"product-type-simple"},"acf":[],"_links":{"self":[{"href":"https:\/\/staging.nbg.eu\/pl\/wp-json\/wp\/v2\/product\/290235","targetHints":{"allow":["GET"]}}],"collection":[{"href":"https:\/\/staging.nbg.eu\/pl\/wp-json\/wp\/v2\/product"}],"about":[{"href":"https:\/\/staging.nbg.eu\/pl\/wp-json\/wp\/v2\/types\/product"}],"wp:featuredmedia":[{"embeddable":true,"href":"https:\/\/staging.nbg.eu\/pl\/wp-json\/wp\/v2\/media\/234172"}],"wp:attachment":[{"href":"https:\/\/staging.nbg.eu\/pl\/wp-json\/wp\/v2\/media?parent=290235"}],"wp:term":[{"taxonomy":"product_brand","embeddable":true,"href":"https:\/\/staging.nbg.eu\/pl\/wp-json\/wp\/v2\/product_brand?post=290235"},{"taxonomy":"product_cat","embeddable":true,"href":"https:\/\/staging.nbg.eu\/pl\/wp-json\/wp\/v2\/product_cat?post=290235"},{"taxonomy":"product_tag","embeddable":true,"href":"https:\/\/staging.nbg.eu\/pl\/wp-json\/wp\/v2\/product_tag?post=290235"}],"curies":[{"name":"wp","href":"https:\/\/api.w.org\/{rel}","templated":true}]}}