{"id":289913,"date":"2025-03-01T16:08:15","date_gmt":"2025-03-26T21:41:18","guid":{"rendered":"https:\/\/staging.nbg.eu\/prodcut\/area-419-arcalock-barricade-stop\/"},"modified":"2025-03-26T21:43:52","modified_gmt":"2025-03-26T21:43:52","slug":"area-419-arcalock-ogranicznik-barykadowy","status":"publish","type":"product","link":"https:\/\/staging.nbg.eu\/pl\/produkt\/area-419-arcalock-ogranicznik-barykadowy\/","title":{"rendered":"Area 419 &#8211; ARCALOCK Ogranicznik Barykadowy"},"content":{"rendered":"<h2>Area 419 &#8211; ARCALOCK Barricade Stop<\/h2>\n<p>Dodatkowy element systemu ARCALOCK, zaprojektowany dla stabilno\u015bci i precyzji.<\/p>\n<h2>G\u0142\u00f3wne cechy:<\/h2>\n<ul>\n<li>Kompatybilny wz\u00f3r otwor\u00f3w z dw\u00f3jnogiem Atlas<\/li>\n<li>Mo\u017cliwo\u015b\u0107 instalacji mi\u0119dzy zaciskiem a dw\u00f3jnogiem lub samodzielnie<\/li>\n<li>Przednie z\u0119by dla lepszego chwytu na barykadzie<\/li>\n<li>Wykonany z aluminium 6061-T6<\/li>\n<li>Waga: 0,5 funta<\/li>\n<li>Wymiary: 6&#8243; \u00d7 3,5&#8243; \u00d7 2&#8243;<\/li>\n<\/ul>\n<p><strong>Uwaga:<\/strong> Tylko blokada barykadowa; zacisk i dw\u00f3jn\u00f3g nie s\u0105 do\u0142\u0105czone. Niekompatybilny z dw\u00f3jnogiem Harris bez naszego przed\u0142u\u017cenia Spigot.<\/p>\n<p>Area 419 ARCALOCK Barricade Stop &#8211; akcesorium do stabilizacji podczas strzelania.<\/p>\n","protected":false},"excerpt":{"rendered":"<p>Stoper Area 419 ARCALOCK Barricade: Pewny chwyt dla precyzyjnego strzelania.<\/p>\n","protected":false},"featured_media":233046,"template":"","meta":{"_acf_changed":false},"product_brand":[11047],"product_cat":[12623,12594,12571,12572],"product_tag":[],"class_list":{"0":"post-289913","1":"product","2":"type-product","3":"status-publish","4":"has-post-thumbnail","6":"product_brand-area-419","7":"product_cat-karabin","8":"product_cat-rekojesci-karabinowe","9":"product_cat-szyny","10":"product_cat-tuning-karabinowy","12":"first","13":"instock","14":"taxable","15":"shipping-taxable","16":"purchasable","17":"product-type-simple"},"acf":[],"_links":{"self":[{"href":"https:\/\/staging.nbg.eu\/pl\/wp-json\/wp\/v2\/product\/289913","targetHints":{"allow":["GET"]}}],"collection":[{"href":"https:\/\/staging.nbg.eu\/pl\/wp-json\/wp\/v2\/product"}],"about":[{"href":"https:\/\/staging.nbg.eu\/pl\/wp-json\/wp\/v2\/types\/product"}],"wp:featuredmedia":[{"embeddable":true,"href":"https:\/\/staging.nbg.eu\/pl\/wp-json\/wp\/v2\/media\/233046"}],"wp:attachment":[{"href":"https:\/\/staging.nbg.eu\/pl\/wp-json\/wp\/v2\/media?parent=289913"}],"wp:term":[{"taxonomy":"product_brand","embeddable":true,"href":"https:\/\/staging.nbg.eu\/pl\/wp-json\/wp\/v2\/product_brand?post=289913"},{"taxonomy":"product_cat","embeddable":true,"href":"https:\/\/staging.nbg.eu\/pl\/wp-json\/wp\/v2\/product_cat?post=289913"},{"taxonomy":"product_tag","embeddable":true,"href":"https:\/\/staging.nbg.eu\/pl\/wp-json\/wp\/v2\/product_tag?post=289913"}],"curies":[{"name":"wp","href":"https:\/\/api.w.org\/{rel}","templated":true}]}}