{"id":289580,"date":"2025-03-01T14:21:59","date_gmt":"2025-03-26T21:28:40","guid":{"rendered":"https:\/\/staging.nbg.eu\/prodcut\/area-419-arcalock-10%e2%80%b3-universal-dovetail-rail\/"},"modified":"2025-03-26T21:31:21","modified_gmt":"2025-03-26T21:31:21","slug":"area-419-arcalock-10-szyna-uniwersalna-dovetail","status":"publish","type":"product","link":"https:\/\/staging.nbg.eu\/pl\/produkt\/area-419-arcalock-10-szyna-uniwersalna-dovetail\/","title":{"rendered":"Area 419 &#8211; ARCALOCK 10&#8243; Szyna Uniwersalna Dovetail"},"content":{"rendered":"<div class=\"product-description\">\n<h2>Area 419 &#8211; ARCALOCK 10&#8243; Uniwersalna Szyna Jask\u00f3\u0142czy Ogon<\/h2>\n<p>Szyna ARCALOCK 10&#8243; Uniwersalna Jask\u00f3\u0142czy Ogon od Area 419 posiada nast\u0119puj\u0105ce cechy:<\/p>\n<ul>\n<li>Z\u0105bkowane boki do mechanicznego blokowania z zaciskami Area 419<\/li>\n<li>Kompatybilno\u015b\u0107 ze standardowymi akcesoriami Arca<\/li>\n<li>Lekka konstrukcja o wadze 4,1 uncji<\/li>\n<li>Zgodno\u015b\u0107 ze standardem RRS 1,5&#8243; Jask\u00f3\u0142czy Ogon<\/li>\n<li>Sfazowane kraw\u0119dzie<\/li>\n<li>Wykonanie z aluminium 6061-T6 z anodowaniem typu 3<\/li>\n<li>Wyprodukowano w USA<\/li>\n<li>Sloty M-LOK do monta\u017cu dodatkowych akcesori\u00f3w<\/li>\n<\/ul>\n<p><strong>Uwaga:<\/strong> Wymaga 6 kolejnych slot\u00f3w MLOK do zamocowania. W przypadku kolb z mniejsz\u0105 liczb\u0105 slot\u00f3w, rozwa\u017c 12&#8243; szyn\u0119 uniwersaln\u0105.<\/p>\n<p>ARCALOCK Szyna Jask\u00f3\u0142czy Ogon \u0142\u0105czy innowacje z precyzj\u0105.<\/p>\n<\/div>\n","protected":false},"excerpt":{"rendered":"<p>Uniwersalna szyna jask\u00f3\u0142czy ogon ARCALOCK 10&#8243;: Bezpieczne, wszechstronne mocowanie MLOK do karabin\u00f3w precyzyjnych.<\/p>\n","protected":false},"featured_media":232430,"template":"","meta":{"_acf_changed":false},"product_brand":[11047],"product_cat":[12623,12571,390],"product_tag":[],"class_list":{"0":"post-289580","1":"product","2":"type-product","3":"status-publish","4":"has-post-thumbnail","6":"product_brand-area-419","7":"product_cat-karabin","8":"product_cat-szyny","9":"product_cat-aiming","11":"first","12":"instock","13":"taxable","14":"shipping-taxable","15":"purchasable","16":"product-type-simple"},"acf":[],"_links":{"self":[{"href":"https:\/\/staging.nbg.eu\/pl\/wp-json\/wp\/v2\/product\/289580","targetHints":{"allow":["GET"]}}],"collection":[{"href":"https:\/\/staging.nbg.eu\/pl\/wp-json\/wp\/v2\/product"}],"about":[{"href":"https:\/\/staging.nbg.eu\/pl\/wp-json\/wp\/v2\/types\/product"}],"wp:featuredmedia":[{"embeddable":true,"href":"https:\/\/staging.nbg.eu\/pl\/wp-json\/wp\/v2\/media\/232430"}],"wp:attachment":[{"href":"https:\/\/staging.nbg.eu\/pl\/wp-json\/wp\/v2\/media?parent=289580"}],"wp:term":[{"taxonomy":"product_brand","embeddable":true,"href":"https:\/\/staging.nbg.eu\/pl\/wp-json\/wp\/v2\/product_brand?post=289580"},{"taxonomy":"product_cat","embeddable":true,"href":"https:\/\/staging.nbg.eu\/pl\/wp-json\/wp\/v2\/product_cat?post=289580"},{"taxonomy":"product_tag","embeddable":true,"href":"https:\/\/staging.nbg.eu\/pl\/wp-json\/wp\/v2\/product_tag?post=289580"}],"curies":[{"name":"wp","href":"https:\/\/api.w.org\/{rel}","templated":true}]}}