{"id":289356,"date":"2024-01-30T18:07:31","date_gmt":"2025-03-26T21:22:19","guid":{"rendered":"https:\/\/staging.nbg.eu\/prodcut\/area-419-arcalock-12-m-lok-dovetail-rail-2\/"},"modified":"2025-03-26T21:25:03","modified_gmt":"2025-03-26T21:25:03","slug":"area-419-arcalock-12-szyna-m-lok-dovetail","status":"publish","type":"product","link":"https:\/\/staging.nbg.eu\/pl\/produkt\/area-419-arcalock-12-szyna-m-lok-dovetail\/","title":{"rendered":"Area 419 &#8211; ARCALOCK 12&#8243; Szyna M-LOK Dovetail"},"content":{"rendered":"<h2>Area 419 &#8211; ARCALOCK 12&#8243; M-LOK Szyna Jask\u00f3\u0142czy Ogon<\/h2>\n<p>ARCALOCK 12&#8243; M-LOK Szyna Jask\u00f3\u0142czy Ogon firmy Area 419. Cechy systemu szyn:<\/p>\n<ul>\n<li>Z\u0105bkowane boki do mechanicznego blokowania z zaciskami Area 419<\/li>\n<li>Kompatybilno\u015b\u0107 ze standardowymi akcesoriami Arca<\/li>\n<li>D\u0142ugo\u015b\u0107 12&#8243; dla optymalnej przestrzeni monta\u017cowej<\/li>\n<li>Lekka konstrukcja o wadze 111,5 gram\u00f3w<\/li>\n<li>Zgodno\u015b\u0107 ze standardem RRS 1.5&#8243; Jask\u00f3\u0142czy Ogon<\/li>\n<li>Fazowane kraw\u0119dzie<\/li>\n<li>R\u00f3\u017cne opcje monta\u017cu dla r\u00f3\u017cnych konfiguracji karabin\u00f3w<\/li>\n<li>Wykonanie z aluminium 6061-T6 z anodowaniem twardym typu 3<\/li>\n<li>Wyprodukowano w USA<\/li>\n<\/ul>\n<p>Szyna Jask\u00f3\u0142czy Ogon ARCALOCK zosta\u0142a zaprojektowana, aby wyeliminowa\u0107 ruch pod naciskiem.<\/p>\n","protected":false},"excerpt":{"rendered":"<p>12-calowa blokowana szyna ARCA do karabin\u00f3w precyzyjnych. Z\u0105bkowane boki, kompatybilna z systemem M-LOK.<\/p>\n","protected":false},"featured_media":232516,"template":"","meta":{"_acf_changed":false},"product_brand":[11047],"product_cat":[12623,12571],"product_tag":[],"class_list":{"0":"post-289356","1":"product","2":"type-product","3":"status-publish","4":"has-post-thumbnail","6":"product_brand-area-419","7":"product_cat-karabin","8":"product_cat-szyny","10":"first","11":"instock","12":"taxable","13":"shipping-taxable","14":"purchasable","15":"product-type-variable","16":"wvs-archive-product-wrapper"},"acf":[],"_links":{"self":[{"href":"https:\/\/staging.nbg.eu\/pl\/wp-json\/wp\/v2\/product\/289356","targetHints":{"allow":["GET"]}}],"collection":[{"href":"https:\/\/staging.nbg.eu\/pl\/wp-json\/wp\/v2\/product"}],"about":[{"href":"https:\/\/staging.nbg.eu\/pl\/wp-json\/wp\/v2\/types\/product"}],"wp:featuredmedia":[{"embeddable":true,"href":"https:\/\/staging.nbg.eu\/pl\/wp-json\/wp\/v2\/media\/232516"}],"wp:attachment":[{"href":"https:\/\/staging.nbg.eu\/pl\/wp-json\/wp\/v2\/media?parent=289356"}],"wp:term":[{"taxonomy":"product_brand","embeddable":true,"href":"https:\/\/staging.nbg.eu\/pl\/wp-json\/wp\/v2\/product_brand?post=289356"},{"taxonomy":"product_cat","embeddable":true,"href":"https:\/\/staging.nbg.eu\/pl\/wp-json\/wp\/v2\/product_cat?post=289356"},{"taxonomy":"product_tag","embeddable":true,"href":"https:\/\/staging.nbg.eu\/pl\/wp-json\/wp\/v2\/product_tag?post=289356"}],"curies":[{"name":"wp","href":"https:\/\/api.w.org\/{rel}","templated":true}]}}