{"id":288887,"date":"2025-03-05T10:45:22","date_gmt":"2025-03-05T10:45:22","guid":{"rendered":"https:\/\/staging.nbg.eu\/prodcut\/magpul-pmag-ar-m4-gen-m3-10rds\/"},"modified":"2025-03-26T19:11:12","modified_gmt":"2025-03-26T19:11:12","slug":"magpul-pmag-arm4-gen-m3","status":"publish","type":"product","link":"https:\/\/staging.nbg.eu\/pl\/produkt\/magpul-pmag-arm4-gen-m3\/","title":{"rendered":"Magpul &#8211; PMAG AR\/M4 GEN M3"},"content":{"rendered":"<h2>Magpul &#8211; PMAG\u00ae AR\/M4 GEN M3\u2122<\/h2>\n<p>PMAG 10 GEN M3 to 10-nabojowy magazynek polimerowy do broni kompatybilnej z AR15\/M4. Oferuje:<\/p>\n<ul>\n<li>Wzmocnion\u0105 konstrukcj\u0119 z zaawansowanego polimeru<\/li>\n<li>Kompatybilno\u015b\u0107 z r\u00f3\u017cnymi platformami, w tym HK\u00ae 416 i FN\u00ae SCAR\u2122 MK 16\/16S<\/li>\n<li>Niezawodne podawanie z czterokierunkowym podajnikiem zapobiegaj\u0105cym przechylaniu<\/li>\n<li>\u0141atwy demonta\u017c i lepsz\u0105 ochron\u0119 przed upadkiem dzi\u0119ki rozszerzonej podstawie<\/li>\n<li>P\u0142ynne dzia\u0142anie dzi\u0119ki wewn\u0119trznej geometrii o sta\u0142ej krzywi\u017anie<\/li>\n<li>Pewny chwyt dzi\u0119ki \u017cebrowanej powierzchni i teksturze<\/li>\n<\/ul>\n<p>Wyprodukowany w USA, PMAG 10 GEN M3 zapewnia wysok\u0105 wydajno\u015b\u0107 w kompaktowej formie, odpowiedniej do strzelania w pozycji le\u017c\u0105cej i zastosowa\u0144 taktycznych.<\/p>\n","protected":false},"excerpt":{"rendered":"<p>Wytrzyma\u0142y magazynek 10-nabojowy do AR15\/M4 z ulepszonymi funkcjami i zwi\u0119kszon\u0105 kompatybilno\u015bci\u0105.<\/p>\n","protected":false},"featured_media":239096,"template":"","meta":{"_acf_changed":false},"product_brand":[11554],"product_cat":[12623,12606],"product_tag":[],"class_list":{"0":"post-288887","1":"product","2":"type-product","3":"status-publish","4":"has-post-thumbnail","6":"product_brand-magpul","7":"product_cat-karabin","8":"product_cat-magazynki-karabinowe","10":"first","11":"instock","12":"taxable","13":"shipping-taxable","14":"product-type-variable","15":"wvs-archive-product-wrapper"},"acf":[],"_links":{"self":[{"href":"https:\/\/staging.nbg.eu\/pl\/wp-json\/wp\/v2\/product\/288887","targetHints":{"allow":["GET"]}}],"collection":[{"href":"https:\/\/staging.nbg.eu\/pl\/wp-json\/wp\/v2\/product"}],"about":[{"href":"https:\/\/staging.nbg.eu\/pl\/wp-json\/wp\/v2\/types\/product"}],"wp:featuredmedia":[{"embeddable":true,"href":"https:\/\/staging.nbg.eu\/pl\/wp-json\/wp\/v2\/media\/239096"}],"wp:attachment":[{"href":"https:\/\/staging.nbg.eu\/pl\/wp-json\/wp\/v2\/media?parent=288887"}],"wp:term":[{"taxonomy":"product_brand","embeddable":true,"href":"https:\/\/staging.nbg.eu\/pl\/wp-json\/wp\/v2\/product_brand?post=288887"},{"taxonomy":"product_cat","embeddable":true,"href":"https:\/\/staging.nbg.eu\/pl\/wp-json\/wp\/v2\/product_cat?post=288887"},{"taxonomy":"product_tag","embeddable":true,"href":"https:\/\/staging.nbg.eu\/pl\/wp-json\/wp\/v2\/product_tag?post=288887"}],"curies":[{"name":"wp","href":"https:\/\/api.w.org\/{rel}","templated":true}]}}