{"id":287772,"date":"2025-03-05T11:33:07","date_gmt":"2025-03-05T11:33:07","guid":{"rendered":"https:\/\/staging.nbg.eu\/prodcut\/clawgear-ak47-medium-slick-handguard-m-lok\/"},"modified":"2025-03-26T12:49:58","modified_gmt":"2025-03-26T12:49:58","slug":"clawgear-ak47-srednie-oszczedne-tsevye-m-lok","status":"publish","type":"product","link":"https:\/\/staging.nbg.eu\/pl\/produkt\/clawgear-ak47-srednie-oszczedne-tsevye-m-lok\/","title":{"rendered":"Clawgear AK47 \u015arednie Oszcz\u0119dne \u0426\u0435\u0432\u044c\u0435 M-LOK"},"content":{"rendered":"<div class=\"product-description\">\n<h2>Clawgear AK47 \u015arednia Os\u0142ona Lufy M-LOK<\/h2>\n<p>Os\u0142ona lufy do AK47 od Clawgear. Posiada matowe czarne wyko\u0144czenie powierzchni, kt\u00f3re redukuje odbicia. System monta\u017cowy M-LOK umo\u017cliwia \u0142atwe mocowanie r\u00f3\u017cnych akcesori\u00f3w, a punkt mocowania QD zapewnia dodatkow\u0105 funkcjonalno\u015b\u0107.<\/p>\n<ul>\n<li>Kompatybilna z t\u0142oczonymi i frezowanymi komorami zamkowymi<\/li>\n<li>Wykonana z aluminium 6061<\/li>\n<li>Wyko\u0144czenie anodowane typu III zgodne z MIL-SPEC<\/li>\n<li>Waga: 0,15 kg<\/li>\n<li>Wymiary: 26,2 cm (d\u0142.) x 4,3 cm (szer.) x 4,3 cm (wys.)<\/li>\n<\/ul>\n<p>Ta os\u0142ona lufy zwi\u0119ksza funkcjonalno\u015b\u0107 AK47.<\/p>\n<\/div>\n","protected":false},"excerpt":{"rendered":"<p>Lekki chwyt przedni M-LOK do AK47 z punktem mocowania QD do pasa no\u015bnego i matowym wyko\u0144czeniem.<\/p>\n","protected":false},"featured_media":239653,"template":"","meta":{"_acf_changed":false},"product_brand":[11227],"product_cat":[12623,12571,12557,12572],"product_tag":[],"class_list":{"0":"post-287772","1":"product","2":"type-product","3":"status-publish","4":"has-post-thumbnail","6":"product_brand-clawgear","7":"product_cat-karabin","8":"product_cat-szyny","9":"product_cat-tuning-ak","10":"product_cat-tuning-karabinowy","12":"first","13":"instock","14":"taxable","15":"shipping-taxable","16":"purchasable","17":"product-type-simple"},"acf":[],"_links":{"self":[{"href":"https:\/\/staging.nbg.eu\/pl\/wp-json\/wp\/v2\/product\/287772","targetHints":{"allow":["GET"]}}],"collection":[{"href":"https:\/\/staging.nbg.eu\/pl\/wp-json\/wp\/v2\/product"}],"about":[{"href":"https:\/\/staging.nbg.eu\/pl\/wp-json\/wp\/v2\/types\/product"}],"wp:featuredmedia":[{"embeddable":true,"href":"https:\/\/staging.nbg.eu\/pl\/wp-json\/wp\/v2\/media\/239653"}],"wp:attachment":[{"href":"https:\/\/staging.nbg.eu\/pl\/wp-json\/wp\/v2\/media?parent=287772"}],"wp:term":[{"taxonomy":"product_brand","embeddable":true,"href":"https:\/\/staging.nbg.eu\/pl\/wp-json\/wp\/v2\/product_brand?post=287772"},{"taxonomy":"product_cat","embeddable":true,"href":"https:\/\/staging.nbg.eu\/pl\/wp-json\/wp\/v2\/product_cat?post=287772"},{"taxonomy":"product_tag","embeddable":true,"href":"https:\/\/staging.nbg.eu\/pl\/wp-json\/wp\/v2\/product_tag?post=287772"}],"curies":[{"name":"wp","href":"https:\/\/api.w.org\/{rel}","templated":true}]}}