{"id":287710,"date":"2025-03-06T20:23:37","date_gmt":"2025-03-06T20:23:37","guid":{"rendered":"https:\/\/staging.nbg.eu\/prodcut\/clawgear-ak47-short-slick-handguard-m-lok\/"},"modified":"2025-03-26T12:38:42","modified_gmt":"2025-03-26T12:38:42","slug":"clawgear-ak47-krotkie-oszczedne-tsevye-m-lok","status":"publish","type":"product","link":"https:\/\/staging.nbg.eu\/pl\/produkt\/clawgear-ak47-krotkie-oszczedne-tsevye-m-lok\/","title":{"rendered":"Clawgear &#8211; AK47 Kr\u00f3tkie Oszcz\u0119dne \u0426\u0435\u0432\u044c\u0435 M-LOK"},"content":{"rendered":"<h2>Clawgear &#8211; Kr\u00f3tka chwytka AK47 z systemem M-LOK<\/h2>\n<p>Chwytka do AK47 z nast\u0119puj\u0105cymi cechami:<\/p>\n<ul>\n<li>System monta\u017cowy M-LOK do mocowania akcesori\u00f3w<\/li>\n<li>Matowa czarna powierzchnia zmniejszaj\u0105ca odbicia \u015bwiat\u0142a<\/li>\n<li>Punkt mocowania pasa QD z ty\u0142u<\/li>\n<li>Kompatybilna z t\u0142oczonymi i frezowanymi komorami zamkowymi<\/li>\n<li>Wykonana z aluminium 6061<\/li>\n<li>Wyko\u0144czenie anodowane typu III zgodne ze specyfikacj\u0105 wojskow\u0105<\/li>\n<\/ul>\n<p>Wymiary: 16,4 cm (d\u0142.) x 4,5 cm (szer.) x 4 cm (wys.)<\/p>\n<p>Waga: 0,16 kg<\/p>\n<p>Chwytka do AK47 zapewniaj\u0105ca funkcjonalno\u015b\u0107 i mo\u017cliwo\u015b\u0107 monta\u017cu akcesori\u00f3w.<\/p>\n","protected":false},"excerpt":{"rendered":"<p>Lekka szyna M-LOK do AK47. Punkt do szybkiego mocowania pasa no\u015bnego QD. Pasuje do r\u00f3\u017cnych typ\u00f3w kom\u00f3r zamkowych.<\/p>\n","protected":false},"featured_media":245168,"template":"","meta":{"_acf_changed":false},"product_brand":[],"product_cat":[12623,12557,12572],"product_tag":[],"class_list":{"0":"post-287710","1":"product","2":"type-product","3":"status-publish","4":"has-post-thumbnail","6":"product_cat-karabin","7":"product_cat-tuning-ak","8":"product_cat-tuning-karabinowy","10":"first","11":"instock","12":"taxable","13":"shipping-taxable","14":"purchasable","15":"product-type-simple"},"acf":[],"_links":{"self":[{"href":"https:\/\/staging.nbg.eu\/pl\/wp-json\/wp\/v2\/product\/287710","targetHints":{"allow":["GET"]}}],"collection":[{"href":"https:\/\/staging.nbg.eu\/pl\/wp-json\/wp\/v2\/product"}],"about":[{"href":"https:\/\/staging.nbg.eu\/pl\/wp-json\/wp\/v2\/types\/product"}],"wp:featuredmedia":[{"embeddable":true,"href":"https:\/\/staging.nbg.eu\/pl\/wp-json\/wp\/v2\/media\/245168"}],"wp:attachment":[{"href":"https:\/\/staging.nbg.eu\/pl\/wp-json\/wp\/v2\/media?parent=287710"}],"wp:term":[{"taxonomy":"product_brand","embeddable":true,"href":"https:\/\/staging.nbg.eu\/pl\/wp-json\/wp\/v2\/product_brand?post=287710"},{"taxonomy":"product_cat","embeddable":true,"href":"https:\/\/staging.nbg.eu\/pl\/wp-json\/wp\/v2\/product_cat?post=287710"},{"taxonomy":"product_tag","embeddable":true,"href":"https:\/\/staging.nbg.eu\/pl\/wp-json\/wp\/v2\/product_tag?post=287710"}],"curies":[{"name":"wp","href":"https:\/\/api.w.org\/{rel}","templated":true}]}}