{"id":285484,"date":"2025-03-04T19:02:48","date_gmt":"2025-03-25T14:28:23","guid":{"rendered":"https:\/\/staging.nbg.eu\/product\/magpul-ctr-moe-cheek-riser-0-75\/"},"modified":"2025-03-25T14:30:41","modified_gmt":"2025-03-25T14:30:41","slug":"magpul-ctr-moe-podwyzszenie-policzka-075","status":"publish","type":"product","link":"https:\/\/staging.nbg.eu\/pl\/produkt\/magpul-ctr-moe-podwyzszenie-policzka-075\/","title":{"rendered":"Magpul &#8211; CTR \/ MOE Podwy\u017cszenie Policzka &#8211; 0.75&#8243;"},"content":{"rendered":"<div class=\"product-description\">\n<h2>Magpul &#8211; CTR \/ MOE Podwy\u017cszenie policzkowe &#8211; 0,75&#8243;<\/h2>\n<p>Podwy\u017cszenie policzkowe Magpul CTR \/ MOE. To nak\u0142adane akcesorium podnosi podparcie policzka o 3\/4 cala, zapewniaj\u0105c lepszy komfort i wyr\u00f3wnanie przyrz\u0105d\u00f3w celowniczych w r\u00f3\u017cnych zastosowaniach broni palnej.<\/p>\n<ul>\n<li>Kompatybilne z kolbami CTR, MOE\u00ae, DT i PR Carbine<\/li>\n<li>Odpowiednie do konfiguracji innych ni\u017c AR15\/M4, np. konwersji kolby karabinu M14<\/li>\n<li>\u0141atwa instalacja na zatrzask<\/li>\n<li>Wyprodukowano w USA<\/li>\n<li>NSN: MAG327-BLK 1005-01-591-6041<\/li>\n<\/ul>\n<p><strong>Uwaga:<\/strong> Mo\u017ce utrudnia\u0107 dzia\u0142anie r\u0119koje\u015bci prze\u0142adowania w platformach AR15\/M4, chyba \u017ce kolba jest ca\u0142kowicie wysuni\u0119ta.<\/p>\n<\/div>\n","protected":false},"excerpt":{"rendered":"<p>&#8222;Nak\u0142adana podk\u0142adka policzkowa 0,75&#8243; zapewniaj\u0105ca wi\u0119kszy komfort i celno\u015b\u0107.&#8221;<\/p>\n","protected":false},"featured_media":237157,"template":"","meta":{"_acf_changed":false},"product_brand":[11554],"product_cat":[12623,12583,12572],"product_tag":[],"class_list":{"0":"post-285484","1":"product","2":"type-product","3":"status-publish","4":"has-post-thumbnail","6":"product_brand-magpul","7":"product_cat-karabin","8":"product_cat-kolby-karabinowe","9":"product_cat-tuning-karabinowy","11":"first","12":"instock","13":"taxable","14":"shipping-taxable","15":"purchasable","16":"product-type-variable","17":"wvs-archive-product-wrapper"},"acf":[],"_links":{"self":[{"href":"https:\/\/staging.nbg.eu\/pl\/wp-json\/wp\/v2\/product\/285484","targetHints":{"allow":["GET"]}}],"collection":[{"href":"https:\/\/staging.nbg.eu\/pl\/wp-json\/wp\/v2\/product"}],"about":[{"href":"https:\/\/staging.nbg.eu\/pl\/wp-json\/wp\/v2\/types\/product"}],"wp:featuredmedia":[{"embeddable":true,"href":"https:\/\/staging.nbg.eu\/pl\/wp-json\/wp\/v2\/media\/237157"}],"wp:attachment":[{"href":"https:\/\/staging.nbg.eu\/pl\/wp-json\/wp\/v2\/media?parent=285484"}],"wp:term":[{"taxonomy":"product_brand","embeddable":true,"href":"https:\/\/staging.nbg.eu\/pl\/wp-json\/wp\/v2\/product_brand?post=285484"},{"taxonomy":"product_cat","embeddable":true,"href":"https:\/\/staging.nbg.eu\/pl\/wp-json\/wp\/v2\/product_cat?post=285484"},{"taxonomy":"product_tag","embeddable":true,"href":"https:\/\/staging.nbg.eu\/pl\/wp-json\/wp\/v2\/product_tag?post=285484"}],"curies":[{"name":"wp","href":"https:\/\/api.w.org\/{rel}","templated":true}]}}