{"id":285436,"date":"2025-03-04T19:02:27","date_gmt":"2025-03-25T14:27:55","guid":{"rendered":"https:\/\/staging.nbg.eu\/product\/magpul-ctr-moe-cheek-riser-0-5\/"},"modified":"2025-03-25T14:30:12","modified_gmt":"2025-03-25T14:30:12","slug":"magpul-ctr-moe-podwyzszenie-policzka-05","status":"publish","type":"product","link":"https:\/\/staging.nbg.eu\/pl\/produkt\/magpul-ctr-moe-podwyzszenie-policzka-05\/","title":{"rendered":"Magpul &#8211; CTR \/ MOE Podwy\u017cszenie Policzka &#8211; 0.5&#8243;"},"content":{"rendered":"<div class=\"product-description\">\n<h2>Magpul &#8211; CTR \/ MOE Podwy\u017cszenie policzkowe &#8211; 0,5&#8243;<\/h2>\n<p>Magpul CTR \/ MOE Podwy\u017cszenie policzkowe. To akcesorium jest przeznaczone do kolb CTR, MOE\u00ae, DT i PR Carbine.<\/p>\n<ul>\n<li>Podnosi punkt podparcia policzka o 1\/2 cala<\/li>\n<li>Odpowiednie dla zastosowa\u0144 innych ni\u017c AR15\/M4<\/li>\n<li>Dobre do konwersji kolb karabin\u00f3w M14<\/li>\n<li>Wyprodukowano w USA<\/li>\n<li>NSN: MAG326-BLK 1005-01-591-6035<\/li>\n<\/ul>\n<p><strong>Uwaga:<\/strong> Mo\u017ce kolidowa\u0107 z dzia\u0142aniem r\u0119koje\u015bci prze\u0142adowania w platformach AR15\/M4, chyba \u017ce kolba jest ca\u0142kowicie roz\u0142o\u017cona.<\/p>\n<p>To podwy\u017cszenie policzkowe od Magpul poprawia ergonomi\u0119 karabinu i pozwala na bardziej sp\u00f3jny obraz celowniczy.<\/p>\n<\/div>\n","protected":false},"excerpt":{"rendered":"<p>Nak\u0142adana podk\u0142adka na kolb\u0119 do broni innej ni\u017c AR15\/M4. Podnosi punkt styku policzka z kolb\u0105 o 0,5 cala.<\/p>\n","protected":false},"featured_media":237041,"template":"","meta":{"_acf_changed":false},"product_brand":[11554],"product_cat":[12623,12583,12572],"product_tag":[],"class_list":{"0":"post-285436","1":"product","2":"type-product","3":"status-publish","4":"has-post-thumbnail","6":"product_brand-magpul","7":"product_cat-karabin","8":"product_cat-kolby-karabinowe","9":"product_cat-tuning-karabinowy","11":"first","12":"instock","13":"taxable","14":"shipping-taxable","15":"purchasable","16":"product-type-variable","17":"wvs-archive-product-wrapper"},"acf":[],"_links":{"self":[{"href":"https:\/\/staging.nbg.eu\/pl\/wp-json\/wp\/v2\/product\/285436","targetHints":{"allow":["GET"]}}],"collection":[{"href":"https:\/\/staging.nbg.eu\/pl\/wp-json\/wp\/v2\/product"}],"about":[{"href":"https:\/\/staging.nbg.eu\/pl\/wp-json\/wp\/v2\/types\/product"}],"wp:featuredmedia":[{"embeddable":true,"href":"https:\/\/staging.nbg.eu\/pl\/wp-json\/wp\/v2\/media\/237041"}],"wp:attachment":[{"href":"https:\/\/staging.nbg.eu\/pl\/wp-json\/wp\/v2\/media?parent=285436"}],"wp:term":[{"taxonomy":"product_brand","embeddable":true,"href":"https:\/\/staging.nbg.eu\/pl\/wp-json\/wp\/v2\/product_brand?post=285436"},{"taxonomy":"product_cat","embeddable":true,"href":"https:\/\/staging.nbg.eu\/pl\/wp-json\/wp\/v2\/product_cat?post=285436"},{"taxonomy":"product_tag","embeddable":true,"href":"https:\/\/staging.nbg.eu\/pl\/wp-json\/wp\/v2\/product_tag?post=285436"}],"curies":[{"name":"wp","href":"https:\/\/api.w.org\/{rel}","templated":true}]}}