{"id":285260,"date":"2025-03-04T18:44:51","date_gmt":"2025-03-25T14:26:14","guid":{"rendered":"https:\/\/staging.nbg.eu\/product\/magpul-ctr-moe-cheek-riser-0-25\/"},"modified":"2025-03-25T14:28:32","modified_gmt":"2025-03-25T14:28:32","slug":"magpul-ctr-moe-podwyzszenie-policzka-025","status":"publish","type":"product","link":"https:\/\/staging.nbg.eu\/pl\/produkt\/magpul-ctr-moe-podwyzszenie-policzka-025\/","title":{"rendered":"Magpul &#8211; CTR \/ MOE Podwy\u017cszenie Policzka &#8211; 0.25&#8221;"},"content":{"rendered":"<div class=\"product-description\">\n<h2>Magpul &#8211; CTR \/ MOE Podwy\u017cszenie policzkowe &#8211; 0,25&#8243;<\/h2>\n<p>Podwy\u017cszenie policzkowe Magpul CTR \/ MOE. Ten nak\u0142adany akcesoria podnosi oparcie policzka o 6,35 mm, poprawiaj\u0105c komfort i precyzj\u0119 w zastosowaniach innych ni\u017c AR15\/M4.<\/p>\n<ul>\n<li>Kompatybilny z kolbami CTR, MOE\u00ae, DT i PR Carbine<\/li>\n<li>Odpowiedni do konwersji kolby karabinu M14<\/li>\n<li>Wyprodukowano w USA<\/li>\n<li>NSN: MAG325-BLK 1005-01-591-6018<\/li>\n<\/ul>\n<p><strong>Uwaga:<\/strong> To podwy\u017cszenie mo\u017ce zak\u0142\u00f3ca\u0107 dzia\u0142anie uchwytu prze\u0142adowania w platformach AR15\/M4, chyba \u017ce kolba jest ca\u0142kowicie roz\u0142o\u017cona.<\/p>\n<p>Podwy\u017cszenie policzkowe Magpul poprawia ergonomi\u0119 i celno\u015b\u0107 broni.<\/p>\n<\/div>\n","protected":false},"excerpt":{"rendered":"<p>Podwy\u017cszenie policzka do kolb innych ni\u017c AR15\/M4. Podnosi lini\u0119 celowania o 0,25 cala. Wyprodukowane w USA.<\/p>\n","protected":false},"featured_media":236943,"template":"","meta":{"_acf_changed":false},"product_brand":[11554],"product_cat":[12623,12583,12572],"product_tag":[],"class_list":{"0":"post-285260","1":"product","2":"type-product","3":"status-publish","4":"has-post-thumbnail","6":"product_brand-magpul","7":"product_cat-karabin","8":"product_cat-kolby-karabinowe","9":"product_cat-tuning-karabinowy","11":"first","12":"instock","13":"taxable","14":"shipping-taxable","15":"purchasable","16":"product-type-variable","17":"wvs-archive-product-wrapper"},"acf":[],"_links":{"self":[{"href":"https:\/\/staging.nbg.eu\/pl\/wp-json\/wp\/v2\/product\/285260","targetHints":{"allow":["GET"]}}],"collection":[{"href":"https:\/\/staging.nbg.eu\/pl\/wp-json\/wp\/v2\/product"}],"about":[{"href":"https:\/\/staging.nbg.eu\/pl\/wp-json\/wp\/v2\/types\/product"}],"wp:featuredmedia":[{"embeddable":true,"href":"https:\/\/staging.nbg.eu\/pl\/wp-json\/wp\/v2\/media\/236943"}],"wp:attachment":[{"href":"https:\/\/staging.nbg.eu\/pl\/wp-json\/wp\/v2\/media?parent=285260"}],"wp:term":[{"taxonomy":"product_brand","embeddable":true,"href":"https:\/\/staging.nbg.eu\/pl\/wp-json\/wp\/v2\/product_brand?post=285260"},{"taxonomy":"product_cat","embeddable":true,"href":"https:\/\/staging.nbg.eu\/pl\/wp-json\/wp\/v2\/product_cat?post=285260"},{"taxonomy":"product_tag","embeddable":true,"href":"https:\/\/staging.nbg.eu\/pl\/wp-json\/wp\/v2\/product_tag?post=285260"}],"curies":[{"name":"wp","href":"https:\/\/api.w.org\/{rel}","templated":true}]}}