{"id":285089,"date":"2025-03-02T07:13:28","date_gmt":"2025-03-25T14:10:39","guid":{"rendered":"https:\/\/staging.nbg.eu\/product\/the-railchanger-from-area-419-armageddon-gear-and-reasor-precision\/"},"modified":"2025-03-25T14:12:47","modified_gmt":"2025-03-25T14:12:47","slug":"railchanger-od-area-419-armageddon-gear-i-reasor-precision","status":"publish","type":"product","link":"https:\/\/staging.nbg.eu\/pl\/produkt\/railchanger-od-area-419-armageddon-gear-i-reasor-precision\/","title":{"rendered":"RailChanger \u2013 Od Area 419, Armageddon Gear i Reasor Precision"},"content":{"rendered":"<div class=\"product-description\">\n<h2>RailChanger: Edycja GripChanger<\/h2>\n<p>Nowy dodatek do linii RailChanger: GripChanger. Ta kompaktowa, wszechstronna torba jest przeznaczona do szybkiego budowania pozycji i u\u017cycia w ma\u0142ych otworach.<\/p>\n<h2>Cechy:<\/h2>\n<ul>\n<li>Ma\u0142a, przyczepna i g\u0119sto wype\u0142niona<\/li>\n<li>Wa\u017cy oko\u0142o 0,45 kg<\/li>\n<li>Przylega do ka\u017cdej powierzchni<\/li>\n<li>Zapewnia stabiln\u0105 platform\u0119 do szybkiego ustawienia<\/li>\n<\/ul>\n<h2>Zestaw zawiera:<\/h2>\n<ul>\n<li>1 Torba GripChanger Custom Area 419<\/li>\n<li>1 Zacisk ARCALOCK<\/li>\n<li>1 Rami\u0119 Rail Changer Area 419<\/li>\n<\/ul>\n<h2>Specyfikacja:<\/h2>\n<ul>\n<li>Waga: 0,45 kg<\/li>\n<li>Wymiary: 25,4 \u00d7 7,6 \u00d7 5,1 cm<\/li>\n<li>Producent: Armageddon Gear<\/li>\n<\/ul>\n<p>GripChanger to efekt wsp\u00f3\u0142pracy mi\u0119dzy Area 419, Armageddon Gear i Reasor Precision.<\/p>\n<\/div>\n","protected":false},"excerpt":{"rendered":"<p>Wszechstronna, przyczepna torba zapewniaj\u0105ca szybkie i stabilne pozycje strzeleckie.<\/p>\n","protected":false},"featured_media":233707,"template":"","meta":{"_acf_changed":false},"product_brand":[11047],"product_cat":[12623],"product_tag":[],"class_list":{"0":"post-285089","1":"product","2":"type-product","3":"status-publish","4":"has-post-thumbnail","6":"product_brand-area-419","7":"product_cat-karabin","9":"first","10":"instock","11":"taxable","12":"shipping-taxable","13":"purchasable","14":"product-type-variable","15":"wvs-archive-product-wrapper"},"acf":[],"_links":{"self":[{"href":"https:\/\/staging.nbg.eu\/pl\/wp-json\/wp\/v2\/product\/285089","targetHints":{"allow":["GET"]}}],"collection":[{"href":"https:\/\/staging.nbg.eu\/pl\/wp-json\/wp\/v2\/product"}],"about":[{"href":"https:\/\/staging.nbg.eu\/pl\/wp-json\/wp\/v2\/types\/product"}],"wp:featuredmedia":[{"embeddable":true,"href":"https:\/\/staging.nbg.eu\/pl\/wp-json\/wp\/v2\/media\/233707"}],"wp:attachment":[{"href":"https:\/\/staging.nbg.eu\/pl\/wp-json\/wp\/v2\/media?parent=285089"}],"wp:term":[{"taxonomy":"product_brand","embeddable":true,"href":"https:\/\/staging.nbg.eu\/pl\/wp-json\/wp\/v2\/product_brand?post=285089"},{"taxonomy":"product_cat","embeddable":true,"href":"https:\/\/staging.nbg.eu\/pl\/wp-json\/wp\/v2\/product_cat?post=285089"},{"taxonomy":"product_tag","embeddable":true,"href":"https:\/\/staging.nbg.eu\/pl\/wp-json\/wp\/v2\/product_tag?post=285089"}],"curies":[{"name":"wp","href":"https:\/\/api.w.org\/{rel}","templated":true}]}}