{"id":284198,"date":"2025-03-05T08:21:40","date_gmt":"2025-03-25T10:48:46","guid":{"rendered":"https:\/\/staging.nbg.eu\/product\/magpul-moe-sl-enhanced-rubber-butt-pad-0-70\/"},"modified":"2025-03-25T10:51:12","modified_gmt":"2025-03-25T10:51:12","slug":"magpul-moe-sl-wzmocniona-gumowa-nakladka-na-kolbe-070","status":"publish","type":"product","link":"https:\/\/staging.nbg.eu\/pl\/produkt\/magpul-moe-sl-wzmocniona-gumowa-nakladka-na-kolbe-070\/","title":{"rendered":"Magpul &#8211; MOE SL Wzmocniona Gumowa Nak\u0142adka na Kolb\u0119, 0.70"},"content":{"rendered":"<h2>Magpul &#8211; MOE SL\u00ae Gumowa stopka, 0,70 cala<\/h2>\n<p>Zamie\u0144 stopk\u0119 w kolbie Magpul na MOE SL\u00ae Gumow\u0105 stopk\u0119, 0,70&#8243;. Ta bezpo\u015brednia zamiana oferuje lepszy komfort i funkcjonalno\u015b\u0107 dla twojej broni.<\/p>\n<h3>G\u0142\u00f3wne cechy:<\/h3>\n<ul>\n<li>Kompatybilna z kolbami DT Carbine, MOE SL\u00ae, MOE\u00ae SL-S\u2122, UBR\u00ae GEN2, MOE\u00ae AK, Zhukov-S\u00ae, X-22 Backpacker i PC Backpacker<\/li>\n<li>Antypo\u015blizgowa, \u017cebrowana tekstura dla pewnego chwytu<\/li>\n<li>Grubsza, wentylowana konstrukcja dla zwi\u0119kszonego komfortu<\/li>\n<li>Dodaje oko\u0142o 3\/8&#8243; do d\u0142ugo\u015bci kolby<\/li>\n<li>Wa\u017cy mniej ni\u017c 28 gram\u00f3w<\/li>\n<li>Nachylona, z\u0105bkowana podstawa dla \u0142atwego monta\u017cu<\/li>\n<li>Zakrzywiona g\u00f3rna cz\u0119\u015b\u0107 dla wygodnego oparcia na ramieniu<\/li>\n<\/ul>\n<p>Wyprodukowana w USA, ta stopka \u0142\u0105czy trwa\u0142o\u015b\u0107 z ulepszon\u0105 konstrukcj\u0105. Montuje si\u0119 \u0142atwo przy u\u017cyciu istniej\u0105cego sprz\u0119tu, zapewniaj\u0105c natychmiastow\u0105 modernizacj\u0119 kolby Magpul.<\/p>\n<p><strong>Popraw swoje do\u015bwiadczenie strzeleckie z gumow\u0105 stopk\u0105 Magpul MOE SL\u00ae.<\/strong><\/p>\n","protected":false},"excerpt":{"rendered":"<p>Wygodna, antypo\u015blizgowa gumowa stopka o grubo\u015bci 0,70 cala do kolb Magpul.<\/p>\n","protected":false},"featured_media":238699,"template":"","meta":{"_acf_changed":false},"product_brand":[11554],"product_cat":[12623,12583,12572],"product_tag":[],"class_list":{"0":"post-284198","1":"product","2":"type-product","3":"status-publish","4":"has-post-thumbnail","6":"product_brand-magpul","7":"product_cat-karabin","8":"product_cat-kolby-karabinowe","9":"product_cat-tuning-karabinowy","11":"first","12":"instock","13":"taxable","14":"shipping-taxable","15":"purchasable","16":"product-type-simple"},"acf":[],"_links":{"self":[{"href":"https:\/\/staging.nbg.eu\/pl\/wp-json\/wp\/v2\/product\/284198","targetHints":{"allow":["GET"]}}],"collection":[{"href":"https:\/\/staging.nbg.eu\/pl\/wp-json\/wp\/v2\/product"}],"about":[{"href":"https:\/\/staging.nbg.eu\/pl\/wp-json\/wp\/v2\/types\/product"}],"wp:featuredmedia":[{"embeddable":true,"href":"https:\/\/staging.nbg.eu\/pl\/wp-json\/wp\/v2\/media\/238699"}],"wp:attachment":[{"href":"https:\/\/staging.nbg.eu\/pl\/wp-json\/wp\/v2\/media?parent=284198"}],"wp:term":[{"taxonomy":"product_brand","embeddable":true,"href":"https:\/\/staging.nbg.eu\/pl\/wp-json\/wp\/v2\/product_brand?post=284198"},{"taxonomy":"product_cat","embeddable":true,"href":"https:\/\/staging.nbg.eu\/pl\/wp-json\/wp\/v2\/product_cat?post=284198"},{"taxonomy":"product_tag","embeddable":true,"href":"https:\/\/staging.nbg.eu\/pl\/wp-json\/wp\/v2\/product_tag?post=284198"}],"curies":[{"name":"wp","href":"https:\/\/api.w.org\/{rel}","templated":true}]}}