{"id":284077,"date":"2025-03-05T07:25:38","date_gmt":"2025-03-25T10:18:39","guid":{"rendered":"https:\/\/staging.nbg.eu\/product\/magpul-daka-window-pouch-large\/"},"modified":"2025-03-25T10:20:48","modified_gmt":"2025-03-25T10:20:48","slug":"magpul-daka-pokrowiec-z-okienkiem-duzy","status":"publish","type":"product","link":"https:\/\/staging.nbg.eu\/pl\/produkt\/magpul-daka-pokrowiec-z-okienkiem-duzy\/","title":{"rendered":"Magpul &#8211; DAKA Pokrowiec z Okienkiem, Du\u017cy"},"content":{"rendered":"<div class=\"product-description\">\n<h2>Magpul &#8211; Torba DAKA\u00ae z Okienkiem, Du\u017ca<\/h2>\n<p>Torba Magpul DAKA\u00ae z Okienkiem. Ta du\u017ca torba jest przeznaczona do organizacji w trudnych warunkach.<\/p>\n<ul>\n<li>Konstrukcja z tkaniny wzmocnionej polimerem z zgrzewanymi szwami RF<\/li>\n<li>Wodoodporny zamek YKK\u00ae<\/li>\n<li>Przezroczyste okienko do identyfikacji zawarto\u015bci<\/li>\n<li>Antypo\u015blizgowa tekstura i wzmocniona tkanina<\/li>\n<li>Punkty mocowania karabi\u0144czyka<\/li>\n<li>Sznurek do zamka z paracordu 550 z termokurczliw\u0105 rurk\u0105<\/li>\n<li>Matryca punktowa do personalizacji markerem<\/li>\n<\/ul>\n<p>Wymiary: 22,86 cm x 33,02 cm z zamkiem o d\u0142ugo\u015bci 25,4 cm. Do przechowywania narz\u0119dzi, amunicji lub akcesori\u00f3w elektronicznych w trudnych warunkach zewn\u0119trznych.<\/p>\n<\/div>\n","protected":false},"excerpt":{"rendered":"<p>Trwa\u0142y, wodoodporny pokrowiec z okienkiem dla \u0142atwej organizacji.<\/p>\n","protected":false},"featured_media":237667,"template":"","meta":{"_acf_changed":false},"product_brand":[11554],"product_cat":[12581,12590],"product_tag":[],"class_list":{"0":"post-284077","1":"product","2":"type-product","3":"status-publish","4":"has-post-thumbnail","6":"product_brand-magpul","7":"product_cat-sakwy","8":"product_cat-sprzet","10":"first","11":"instock","12":"taxable","13":"shipping-taxable","14":"purchasable","15":"product-type-simple"},"acf":[],"_links":{"self":[{"href":"https:\/\/staging.nbg.eu\/pl\/wp-json\/wp\/v2\/product\/284077","targetHints":{"allow":["GET"]}}],"collection":[{"href":"https:\/\/staging.nbg.eu\/pl\/wp-json\/wp\/v2\/product"}],"about":[{"href":"https:\/\/staging.nbg.eu\/pl\/wp-json\/wp\/v2\/types\/product"}],"wp:featuredmedia":[{"embeddable":true,"href":"https:\/\/staging.nbg.eu\/pl\/wp-json\/wp\/v2\/media\/237667"}],"wp:attachment":[{"href":"https:\/\/staging.nbg.eu\/pl\/wp-json\/wp\/v2\/media?parent=284077"}],"wp:term":[{"taxonomy":"product_brand","embeddable":true,"href":"https:\/\/staging.nbg.eu\/pl\/wp-json\/wp\/v2\/product_brand?post=284077"},{"taxonomy":"product_cat","embeddable":true,"href":"https:\/\/staging.nbg.eu\/pl\/wp-json\/wp\/v2\/product_cat?post=284077"},{"taxonomy":"product_tag","embeddable":true,"href":"https:\/\/staging.nbg.eu\/pl\/wp-json\/wp\/v2\/product_tag?post=284077"}],"curies":[{"name":"wp","href":"https:\/\/api.w.org\/{rel}","templated":true}]}}