{"id":283844,"date":"2025-03-06T09:57:41","date_gmt":"2025-03-25T09:35:53","guid":{"rendered":"https:\/\/staging.nbg.eu\/product\/clawgear-ar15-gasblock-0-750\/"},"modified":"2025-03-25T09:38:09","modified_gmt":"2025-03-25T09:38:09","slug":"clawgear-ar15-blok-gazowy-0750","status":"publish","type":"product","link":"https:\/\/staging.nbg.eu\/pl\/produkt\/clawgear-ar15-blok-gazowy-0750\/","title":{"rendered":"Clawgear AR15 Blok Gazowy 0.750"},"content":{"rendered":"<h2>Clawgear AR15 Blok gazowy 0.750<\/h2>\n<p>Blok gazowy Clawgear AR15 0.750 ma niski profil z szczotkowan\u0105 powierzchni\u0105 i pasuje pod wi\u0119kszo\u015b\u0107 \u0142o\u017cy typu free-float, zapewniaj\u0105c dok\u0142adno\u015b\u0107 lufy.<\/p>\n<h2>G\u0142\u00f3wne cechy:<\/h2>\n<ul>\n<li>Jednocz\u0119\u015bciowa konstrukcja ze stali<\/li>\n<li>Precyzyjnie obrobiony dla minimalizacji wycieku gazu<\/li>\n<li>Przeznaczony dla \u015brednicy zewn\u0119trznej lufy 0.750&#8243; przy porcie gazowym<\/li>\n<li>Wytrzymuje gor\u0105ce gazy w trudnych warunkach<\/li>\n<\/ul>\n<h2>Specyfikacja:<\/h2>\n<ul>\n<li>Wymiary: 2.8 x 2.8 x 2.4 cm<\/li>\n<li>Waga: 0.05 kg<\/li>\n<\/ul>\n<p>Blok gazowy Clawgear AR15 0.750 poprawia dzia\u0142anie i niezawodno\u015b\u0107 AR15.<\/p>\n","protected":false},"excerpt":{"rendered":"<p>Niskoprofilowy blok gazowy AR15, pasuje do luf o \u015brednicy 0,750&#8243;. Trwa\u0142a stalowa konstrukcja.<\/p>\n","protected":false},"featured_media":240394,"template":"","meta":{"_acf_changed":false},"product_brand":[11227],"product_cat":[12623,12622,12572],"product_tag":[],"class_list":{"0":"post-283844","1":"product","2":"type-product","3":"status-publish","4":"has-post-thumbnail","6":"product_brand-clawgear","7":"product_cat-karabin","8":"product_cat-komory-gazowe","9":"product_cat-tuning-karabinowy","11":"first","12":"instock","13":"taxable","14":"shipping-taxable","15":"purchasable","16":"product-type-simple"},"acf":[],"_links":{"self":[{"href":"https:\/\/staging.nbg.eu\/pl\/wp-json\/wp\/v2\/product\/283844","targetHints":{"allow":["GET"]}}],"collection":[{"href":"https:\/\/staging.nbg.eu\/pl\/wp-json\/wp\/v2\/product"}],"about":[{"href":"https:\/\/staging.nbg.eu\/pl\/wp-json\/wp\/v2\/types\/product"}],"wp:featuredmedia":[{"embeddable":true,"href":"https:\/\/staging.nbg.eu\/pl\/wp-json\/wp\/v2\/media\/240394"}],"wp:attachment":[{"href":"https:\/\/staging.nbg.eu\/pl\/wp-json\/wp\/v2\/media?parent=283844"}],"wp:term":[{"taxonomy":"product_brand","embeddable":true,"href":"https:\/\/staging.nbg.eu\/pl\/wp-json\/wp\/v2\/product_brand?post=283844"},{"taxonomy":"product_cat","embeddable":true,"href":"https:\/\/staging.nbg.eu\/pl\/wp-json\/wp\/v2\/product_cat?post=283844"},{"taxonomy":"product_tag","embeddable":true,"href":"https:\/\/staging.nbg.eu\/pl\/wp-json\/wp\/v2\/product_tag?post=283844"}],"curies":[{"name":"wp","href":"https:\/\/api.w.org\/{rel}","templated":true}]}}