{"id":283729,"date":"2025-03-06T10:14:28","date_gmt":"2025-03-06T10:14:28","guid":{"rendered":"https:\/\/staging.nbg.eu\/product\/clawgear-snap-cap-12-gauge-2-pack\/"},"modified":"2025-03-25T09:28:52","modified_gmt":"2025-03-25T09:28:52","slug":"clawgear-atrapa-naboju-12-gauge-2-pak","status":"publish","type":"product","link":"https:\/\/staging.nbg.eu\/pl\/produkt\/clawgear-atrapa-naboju-12-gauge-2-pak\/","title":{"rendered":"Clawgear Atrapa Naboju 12 Gauge 2-pak"},"content":{"rendered":"<h2>Nab\u00f3j \u0107wiczebny Clawgear kalibru 12, zestaw 2 sztuk<\/h2>\n<p>Naboje \u0107wiczebne Clawgear kalibru 12 s\u0142u\u017c\u0105 do ochrony iglicy i mechanizmu broni podczas treningu na sucho, testowania funkcji i przechowywania.<\/p>\n<h2>G\u0142\u00f3wne cechy:<\/h2>\n<ul>\n<li>Zestaw 2 naboj\u00f3w \u0107wiczebnych<\/li>\n<li>Trwa\u0142a konstrukcja<\/li>\n<li>Zapobiega uszkodzeniu iglicy i mechanizmu<\/li>\n<li>Do treningu na sucho i testowania funkcji<\/li>\n<\/ul>\n<h2>Wymiary produktu:<\/h2>\n<ul>\n<li>D\u0142ugo\u015b\u0107: 5,5 cm<\/li>\n<li>Szeroko\u015b\u0107: 2,1 cm<\/li>\n<li>Wysoko\u015b\u0107: 2,1 cm<\/li>\n<li>Waga: 0,106 kg<\/li>\n<\/ul>\n<p>Naboje \u0107wiczebne Clawgear kalibru 12 s\u0142u\u017c\u0105 do treningu i konserwacji broni.<\/p>\n","protected":false},"excerpt":{"rendered":"<p>\u201eWytrzyma\u0142e kapturki treningowe kalibru 12, zestaw 2 sztuk. Idealne do bezpiecznego treningu na sucho.&#8221;<\/p>\n","protected":false},"featured_media":240952,"template":"","meta":{"_acf_changed":false},"product_brand":[11227],"product_cat":[12598],"product_tag":[],"class_list":{"0":"post-283729","1":"product","2":"type-product","3":"status-publish","4":"has-post-thumbnail","6":"product_brand-clawgear","7":"product_cat-amunicja","9":"first","10":"instock","11":"taxable","12":"shipping-taxable","13":"purchasable","14":"product-type-simple"},"acf":[],"_links":{"self":[{"href":"https:\/\/staging.nbg.eu\/pl\/wp-json\/wp\/v2\/product\/283729","targetHints":{"allow":["GET"]}}],"collection":[{"href":"https:\/\/staging.nbg.eu\/pl\/wp-json\/wp\/v2\/product"}],"about":[{"href":"https:\/\/staging.nbg.eu\/pl\/wp-json\/wp\/v2\/types\/product"}],"wp:featuredmedia":[{"embeddable":true,"href":"https:\/\/staging.nbg.eu\/pl\/wp-json\/wp\/v2\/media\/240952"}],"wp:attachment":[{"href":"https:\/\/staging.nbg.eu\/pl\/wp-json\/wp\/v2\/media?parent=283729"}],"wp:term":[{"taxonomy":"product_brand","embeddable":true,"href":"https:\/\/staging.nbg.eu\/pl\/wp-json\/wp\/v2\/product_brand?post=283729"},{"taxonomy":"product_cat","embeddable":true,"href":"https:\/\/staging.nbg.eu\/pl\/wp-json\/wp\/v2\/product_cat?post=283729"},{"taxonomy":"product_tag","embeddable":true,"href":"https:\/\/staging.nbg.eu\/pl\/wp-json\/wp\/v2\/product_tag?post=283729"}],"curies":[{"name":"wp","href":"https:\/\/api.w.org\/{rel}","templated":true}]}}