{"id":279270,"date":"2025-03-03T19:53:03","date_gmt":"2025-03-21T12:33:33","guid":{"rendered":"https:\/\/staging.nbg.eu\/product\/daa-x-ray-aluminum-pouch\/"},"modified":"2025-03-21T12:35:51","modified_gmt":"2025-03-21T12:35:51","slug":"daa-x-ray-pokrowiec-aluminiowy","status":"publish","type":"product","link":"https:\/\/staging.nbg.eu\/pl\/produkt\/daa-x-ray-pokrowiec-aluminiowy\/","title":{"rendered":"DAA X-Ray Pokrowiec Aluminiowy"},"content":{"rendered":"<h2>Aluminiowy magazynek DAA X-Ray<\/h2>\n<p>Magazynek DAA X-Ray Aluminum bazuje na modelach Xi i XIP i oferuje:<\/p>\n<ul>\n<li>Zoptymalizowan\u0105 g\u00f3rn\u0105 kraw\u0119d\u017a dla \u0142atwiejszego wk\u0142adania magazynka<\/li>\n<li>Dodatkow\u0105 \u015brub\u0119 zabezpieczaj\u0105c\u0105 przed przypadkowym odblokowaniem<\/li>\n<li>Powi\u0119kszone z\u0142\u0105cze kulowe 13mm dla lepszej stabilno\u015bci<\/li>\n<li>Przezroczysty design z wyci\u0119ciami redukuj\u0105cymi wag\u0119<\/li>\n<li>Osiem punkt\u00f3w monta\u017cowych do u\u017cytku dla prawo- i lewor\u0119cznych<\/li>\n<li>Aluminiowy uchwyt na pas z regulacj\u0105 k\u0105ta<\/li>\n<li>Trzy zestawy przek\u0142adek dla kompatybilno\u015bci z r\u00f3\u017cnymi magazynkami<\/li>\n<li>Regulowana wysoko\u015b\u0107 stalowego ko\u0142ka blokuj\u0105cego<\/li>\n<li>Regulacja napi\u0119cia bez u\u017cycia narz\u0119dzi<\/li>\n<\/ul>\n<p>Dost\u0119pny w anodowanych wyko\u0144czeniach: niebieskim, czerwonym, czarnym i srebrnym.<\/p>\n","protected":false},"excerpt":{"rendered":"<p>Aluminiowa kiesze\u0144 DAA X-Ray: Innowacyjny, lekki, przezroczysty projekt dla strzelc\u00f3w sportowych.<\/p>\n","protected":false},"featured_media":236027,"template":"","meta":{"_acf_changed":false},"product_brand":[11278],"product_cat":[12566,12581,12590],"product_tag":[],"class_list":{"0":"post-279270","1":"product","2":"type-product","3":"status-publish","4":"has-post-thumbnail","6":"product_brand-doublealpha","7":"product_cat-ladownice-na-magazynki","8":"product_cat-sakwy","9":"product_cat-sprzet","11":"first","12":"outofstock","13":"taxable","14":"shipping-taxable","15":"purchasable","16":"product-type-variable","17":"wvs-archive-product-wrapper"},"acf":[],"_links":{"self":[{"href":"https:\/\/staging.nbg.eu\/pl\/wp-json\/wp\/v2\/product\/279270","targetHints":{"allow":["GET"]}}],"collection":[{"href":"https:\/\/staging.nbg.eu\/pl\/wp-json\/wp\/v2\/product"}],"about":[{"href":"https:\/\/staging.nbg.eu\/pl\/wp-json\/wp\/v2\/types\/product"}],"wp:featuredmedia":[{"embeddable":true,"href":"https:\/\/staging.nbg.eu\/pl\/wp-json\/wp\/v2\/media\/236027"}],"wp:attachment":[{"href":"https:\/\/staging.nbg.eu\/pl\/wp-json\/wp\/v2\/media?parent=279270"}],"wp:term":[{"taxonomy":"product_brand","embeddable":true,"href":"https:\/\/staging.nbg.eu\/pl\/wp-json\/wp\/v2\/product_brand?post=279270"},{"taxonomy":"product_cat","embeddable":true,"href":"https:\/\/staging.nbg.eu\/pl\/wp-json\/wp\/v2\/product_cat?post=279270"},{"taxonomy":"product_tag","embeddable":true,"href":"https:\/\/staging.nbg.eu\/pl\/wp-json\/wp\/v2\/product_tag?post=279270"}],"curies":[{"name":"wp","href":"https:\/\/api.w.org\/{rel}","templated":true}]}}