{"id":278768,"date":"2025-03-02T06:06:39","date_gmt":"2025-03-21T10:59:51","guid":{"rendered":"https:\/\/staging.nbg.eu\/product\/144-area-419-billet-loading-block-clear-anodized\/"},"modified":"2025-03-21T11:02:10","modified_gmt":"2025-03-21T11:02:10","slug":"area-419-blok-ladowania-billet-bezbarwnie-anodowany","status":"publish","type":"product","link":"https:\/\/staging.nbg.eu\/pl\/produkt\/area-419-blok-ladowania-billet-bezbarwnie-anodowany\/","title":{"rendered":"Area 419 &#8211; Blok \u0141adowania Billet &#8211; Bezbarwnie Anodowany"},"content":{"rendered":"<h2>Blok do \u0142adowania Area 419 &#8211; Anodowany na przezroczysto<\/h2>\n<p>Blok do \u0142adowania Area 419 z anodowanego aluminium. Cechy:<\/p>\n<ul>\n<li>50 miejsc na naboje 308, Magnum lub Lapua<\/li>\n<li>Wykonany z aluminium 6061-T6 z przezroczystym anodowaniem<\/li>\n<li>Wymiary: 9,5&#8243; x 4&#8243; x 5\/8&#8243;<\/li>\n<li>Otwory g\u0142\u0119bokie na 0,500&#8243; z ciasnym dopasowaniem \u0142usek<\/li>\n<li>Centralne zag\u0142\u0119bienia do wychwytywania ziaren prochu<\/li>\n<li>Gumowe podk\u0142adki antypo\u015blizgowe na spodzie<\/li>\n<\/ul>\n<p>Dost\u0119pne \u015brednice otwor\u00f3w: 223 (0,390&#8243;), ARC\/Grendel (0,452&#8243;), 308 (0,485&#8243;), 284 (0,515&#8243;), Magnum (0,560&#8243;), Lapua (0,600&#8243;) i Cheytac (0,655&#8243;).<\/p>\n<p>Waga: 1,4 funta<\/p>\n<p>Blok do \u0142adowania od Area 419.<\/p>\n","protected":false},"excerpt":{"rendered":"<p>Wytrzyma\u0142y, anodowany blok \u0142aduj\u0105cy na 50 naboi. Precyzyjnie wykonany, antypo\u015blizgowy.<\/p>\n","protected":false},"featured_media":233223,"template":"","meta":{"_acf_changed":false},"product_brand":[11047],"product_cat":[12573,12619],"product_tag":[],"class_list":{"0":"post-278768","1":"product","2":"type-product","3":"status-publish","4":"has-post-thumbnail","6":"product_brand-area-419","7":"product_cat-akcesoria-do-przeladunku","8":"product_cat-przeladowywanie","10":"first","11":"instock","12":"taxable","13":"shipping-taxable","14":"purchasable","15":"product-type-variable","16":"wvs-archive-product-wrapper"},"acf":[],"_links":{"self":[{"href":"https:\/\/staging.nbg.eu\/pl\/wp-json\/wp\/v2\/product\/278768","targetHints":{"allow":["GET"]}}],"collection":[{"href":"https:\/\/staging.nbg.eu\/pl\/wp-json\/wp\/v2\/product"}],"about":[{"href":"https:\/\/staging.nbg.eu\/pl\/wp-json\/wp\/v2\/types\/product"}],"wp:featuredmedia":[{"embeddable":true,"href":"https:\/\/staging.nbg.eu\/pl\/wp-json\/wp\/v2\/media\/233223"}],"wp:attachment":[{"href":"https:\/\/staging.nbg.eu\/pl\/wp-json\/wp\/v2\/media?parent=278768"}],"wp:term":[{"taxonomy":"product_brand","embeddable":true,"href":"https:\/\/staging.nbg.eu\/pl\/wp-json\/wp\/v2\/product_brand?post=278768"},{"taxonomy":"product_cat","embeddable":true,"href":"https:\/\/staging.nbg.eu\/pl\/wp-json\/wp\/v2\/product_cat?post=278768"},{"taxonomy":"product_tag","embeddable":true,"href":"https:\/\/staging.nbg.eu\/pl\/wp-json\/wp\/v2\/product_tag?post=278768"}],"curies":[{"name":"wp","href":"https:\/\/api.w.org\/{rel}","templated":true}]}}