{"id":278322,"date":"2025-03-07T17:59:41","date_gmt":"2025-03-21T10:04:56","guid":{"rendered":"https:\/\/staging.nbg.eu\/product\/sellier-bellot-40sw-fmj-11-7g-180gr\/"},"modified":"2025-03-21T10:07:11","modified_gmt":"2025-03-21T10:07:11","slug":"sellier-bellot-40sw-fmj-117g-180gr","status":"publish","type":"product","link":"https:\/\/staging.nbg.eu\/pl\/produkt\/sellier-bellot-40sw-fmj-117g-180gr\/","title":{"rendered":"Sellier &#038; Bellot &#8211; 40S&#038;W FMJ &#8211; 11.7g \/ 180gr"},"content":{"rendered":"<p>Amunicja Sellier &amp; Bellot 40S&amp;W Full Metal Jacket jest przeznaczona do \u0107wicze\u0144 i strzelania do celu. Ka\u017cdy nab\u00f3j zawiera pocisk FMJ o wadze 180 gran\u00f3w, zapewniaj\u0105cy sta\u0142\u0105 wydajno\u015b\u0107 i niezawodne podawanie w broni .40 S&amp;W.<\/p>\n<ul>\n<li>Kaliber: .40 S&amp;W<\/li>\n<li>Waga pocisku: 180 gran\u00f3w (11,7g)<\/li>\n<li>Typ pocisku: Full Metal Jacket (FMJ)<\/li>\n<li>Pr\u0119dko\u015b\u0107 wylotowa: 968 st\u00f3p na sekund\u0119<\/li>\n<li>Energia wylotowa: 400 stopofunt\u00f3w<\/li>\n<li>\u0141uska: Mosi\u0119\u017cna<\/li>\n<\/ul>\n<p>Amunicja ta jest dost\u0119pna w pude\u0142kach po 50 sztuk, 20 pude\u0142ek w skrzynce. Mosi\u0119\u017cna \u0142uska zapewnia p\u0142ynne dzia\u0142anie i mo\u017cliwo\u015b\u0107 ponownego za\u0142adowania. Pr\u0119dko\u015b\u0107 940 st\u00f3p na sekund\u0119 zapewnia wydajno\u015b\u0107 podczas strzelania do celu i \u0107wicze\u0144 na strzelnicy. Amunicja Sellier &amp; Bellot jest przeznaczona do broni .40 S&amp;W.<\/p>\n","protected":false},"excerpt":{"rendered":"<p>Amunicja 40 S&amp;W 180gr FMJ do strzelania rekreacyjnego. \u0141uska mosi\u0119\u017cna, pr\u0119dko\u015b\u0107 968 st\u00f3p\/s, 50 szt. w pude\u0142ku.<\/p>\n","protected":false},"featured_media":248753,"template":"","meta":{"_acf_changed":false},"product_brand":[],"product_cat":[12598,12568],"product_tag":[],"class_list":{"0":"post-278322","1":"product","2":"type-product","3":"status-publish","4":"has-post-thumbnail","6":"product_cat-amunicja","7":"product_cat-amunicja-pistoletowa","9":"first","10":"instock","11":"taxable","12":"shipping-taxable","13":"purchasable","14":"product-type-simple"},"acf":[],"_links":{"self":[{"href":"https:\/\/staging.nbg.eu\/pl\/wp-json\/wp\/v2\/product\/278322","targetHints":{"allow":["GET"]}}],"collection":[{"href":"https:\/\/staging.nbg.eu\/pl\/wp-json\/wp\/v2\/product"}],"about":[{"href":"https:\/\/staging.nbg.eu\/pl\/wp-json\/wp\/v2\/types\/product"}],"wp:featuredmedia":[{"embeddable":true,"href":"https:\/\/staging.nbg.eu\/pl\/wp-json\/wp\/v2\/media\/248753"}],"wp:attachment":[{"href":"https:\/\/staging.nbg.eu\/pl\/wp-json\/wp\/v2\/media?parent=278322"}],"wp:term":[{"taxonomy":"product_brand","embeddable":true,"href":"https:\/\/staging.nbg.eu\/pl\/wp-json\/wp\/v2\/product_brand?post=278322"},{"taxonomy":"product_cat","embeddable":true,"href":"https:\/\/staging.nbg.eu\/pl\/wp-json\/wp\/v2\/product_cat?post=278322"},{"taxonomy":"product_tag","embeddable":true,"href":"https:\/\/staging.nbg.eu\/pl\/wp-json\/wp\/v2\/product_tag?post=278322"}],"curies":[{"name":"wp","href":"https:\/\/api.w.org\/{rel}","templated":true}]}}