{"id":278208,"date":"2025-03-07T10:00:31","date_gmt":"2025-03-21T09:44:12","guid":{"rendered":"https:\/\/staging.nbg.eu\/product\/hornady-6mm-arc-80gr-eld-vt\/"},"modified":"2025-03-21T09:46:23","modified_gmt":"2025-03-21T09:46:23","slug":"hornady-6mm-arc-80gr-eld-vt","status":"publish","type":"product","link":"https:\/\/staging.nbg.eu\/pl\/produkt\/hornady-6mm-arc-80gr-eld-vt\/","title":{"rendered":"Hornady &#8211; 6mm ARC 80gr. ELD-VT"},"content":{"rendered":"<div class=\"product-description\">\n<h2>Hornady &#8211; 6mm ARC 80gr. ELD-VT<\/h2>\n<p>Amunicja Hornady 6mm ARC 80gr. ELD-VT \u0142\u0105czy technologi\u0119 z dok\u0142adnym wykonaniem, oferuj\u0105c wyniki dla strzelc\u00f3w sportowych i my\u015bliwych poluj\u0105cych na szkodniki.<\/p>\n<h3>G\u0142\u00f3wne cechy:<\/h3>\n<ul>\n<li><strong>Komponenty:<\/strong> Za\u0142adowana z materia\u0142\u00f3w wysokiej jako\u015bci dla dok\u0142adno\u015bci klasy match.<\/li>\n<li><strong>Proch:<\/strong> Czysto spalaj\u0105cy si\u0119 i stabilny temperaturowo dla sp\u00f3jnej wydajno\u015bci w r\u00f3\u017cnych warunkach pogodowych.<\/li>\n<li><strong>Wszechstronno\u015b\u0107:<\/strong> Odpowiednia zar\u00f3wno do strzelectwa sportowego, jak i polowa\u0144 na szkodniki.<\/li>\n<li><strong>Dok\u0142adno\u015b\u0107:<\/strong> Zaprojektowana dla precyzji na r\u00f3\u017cnych dystansach.<\/li>\n<\/ul>\n<p>Amunicja Hornady 6mm ARC 80gr. ELD-VT \u0142\u0105czy innowacj\u0119 z precyzj\u0105.<\/p>\n<\/div>\n","protected":false},"excerpt":{"rendered":"<p>Amunicja precyzyjna 6mm ARC. Celno\u015b\u0107 klasy match, sp\u00f3jna we wszystkich temperaturach.<\/p>\n","protected":false},"featured_media":246058,"template":"","meta":{"_acf_changed":false},"product_brand":[11462],"product_cat":[12598,12635],"product_tag":[],"class_list":{"0":"post-278208","1":"product","2":"type-product","3":"status-publish","4":"has-post-thumbnail","6":"product_brand-hornady","7":"product_cat-amunicja","8":"product_cat-amunicja-karabinowa","10":"first","11":"instock","12":"taxable","13":"shipping-taxable","14":"purchasable","15":"product-type-simple"},"acf":[],"_links":{"self":[{"href":"https:\/\/staging.nbg.eu\/pl\/wp-json\/wp\/v2\/product\/278208","targetHints":{"allow":["GET"]}}],"collection":[{"href":"https:\/\/staging.nbg.eu\/pl\/wp-json\/wp\/v2\/product"}],"about":[{"href":"https:\/\/staging.nbg.eu\/pl\/wp-json\/wp\/v2\/types\/product"}],"wp:featuredmedia":[{"embeddable":true,"href":"https:\/\/staging.nbg.eu\/pl\/wp-json\/wp\/v2\/media\/246058"}],"wp:attachment":[{"href":"https:\/\/staging.nbg.eu\/pl\/wp-json\/wp\/v2\/media?parent=278208"}],"wp:term":[{"taxonomy":"product_brand","embeddable":true,"href":"https:\/\/staging.nbg.eu\/pl\/wp-json\/wp\/v2\/product_brand?post=278208"},{"taxonomy":"product_cat","embeddable":true,"href":"https:\/\/staging.nbg.eu\/pl\/wp-json\/wp\/v2\/product_cat?post=278208"},{"taxonomy":"product_tag","embeddable":true,"href":"https:\/\/staging.nbg.eu\/pl\/wp-json\/wp\/v2\/product_tag?post=278208"}],"curies":[{"name":"wp","href":"https:\/\/api.w.org\/{rel}","templated":true}]}}