{"id":277687,"date":"2025-03-07T07:46:42","date_gmt":"2025-03-07T07:46:42","guid":{"rendered":"https:\/\/staging.nbg.eu\/product\/gun-oil-go-juice-4-oz\/"},"modified":"2025-03-21T07:16:26","modified_gmt":"2025-03-21T07:16:26","slug":"gun-oil-go-juice-4oz","status":"publish","type":"product","link":"https:\/\/staging.nbg.eu\/pl\/produkt\/gun-oil-go-juice-4oz\/","title":{"rendered":"Gun Oil Go Juice 4.oz"},"content":{"rendered":"<div class=\"product-description\">\n<h2>ALG Go-Juice\u00ae (GJ\u00ae) butelka 118 ml<\/h2>\n<p>ALG Go-Juice\u00ae to biosyntetyczny \u015brodek smarny do broni palnej, przeznaczony do system\u00f3w smarowania ca\u0142kowitego i granicznego. G\u0142\u00f3wne cechy:<\/p>\n<ul>\n<li>5 razy bardziej \u015bliski ni\u017c wojskowy CLP<\/li>\n<li>Odporno\u015b\u0107 na korozj\u0119<\/li>\n<li>D\u0142ugoterminowa stabilno\u015b\u0107<\/li>\n<li>Nietoksyczna formu\u0142a, bezpieczna dla sk\u00f3ry<\/li>\n<li>Do broni automatycznej i do ukrytego noszenia<\/li>\n<\/ul>\n<p>Wyprodukowany z nasion ro\u015blin modyfikowanych genetycznie. Go-Juice\u00ae dobrze wypad\u0142 w testach przyspieszonego starzenia i rozpylania sol\u0105. Ten \u015brodek smarny na bazie niepaliwowej utrzymuje sprawno\u015b\u0107 broni w trudnych warunkach.<\/p>\n<\/div>\n","protected":false},"excerpt":{"rendered":"<p>&#8220;Ultra\u015bliski, nietoksyczny biosyntetyczny smar do broni palnej zapewniaj\u0105cy najwy\u017csz\u0105 wydajno\u015b\u0107.&#8221;<\/p>\n","protected":false},"featured_media":245940,"template":"","meta":{"_acf_changed":false},"product_brand":[11392],"product_cat":[12604,12592],"product_tag":[],"class_list":{"0":"post-277687","1":"product","2":"type-product","3":"status-publish","4":"has-post-thumbnail","6":"product_brand-geissele","7":"product_cat-czyszczenie-broni","8":"product_cat-smary","10":"first","11":"instock","12":"taxable","13":"shipping-taxable","14":"purchasable","15":"product-type-simple"},"acf":[],"_links":{"self":[{"href":"https:\/\/staging.nbg.eu\/pl\/wp-json\/wp\/v2\/product\/277687","targetHints":{"allow":["GET"]}}],"collection":[{"href":"https:\/\/staging.nbg.eu\/pl\/wp-json\/wp\/v2\/product"}],"about":[{"href":"https:\/\/staging.nbg.eu\/pl\/wp-json\/wp\/v2\/types\/product"}],"wp:featuredmedia":[{"embeddable":true,"href":"https:\/\/staging.nbg.eu\/pl\/wp-json\/wp\/v2\/media\/245940"}],"wp:attachment":[{"href":"https:\/\/staging.nbg.eu\/pl\/wp-json\/wp\/v2\/media?parent=277687"}],"wp:term":[{"taxonomy":"product_brand","embeddable":true,"href":"https:\/\/staging.nbg.eu\/pl\/wp-json\/wp\/v2\/product_brand?post=277687"},{"taxonomy":"product_cat","embeddable":true,"href":"https:\/\/staging.nbg.eu\/pl\/wp-json\/wp\/v2\/product_cat?post=277687"},{"taxonomy":"product_tag","embeddable":true,"href":"https:\/\/staging.nbg.eu\/pl\/wp-json\/wp\/v2\/product_tag?post=277687"}],"curies":[{"name":"wp","href":"https:\/\/api.w.org\/{rel}","templated":true}]}}