{"id":276602,"date":"2025-03-03T19:46:03","date_gmt":"2025-03-03T19:46:03","guid":{"rendered":"https:\/\/staging.nbg.eu\/product\/daa-alpha-xip\/"},"modified":"2025-03-20T14:13:40","modified_gmt":"2025-03-20T14:13:40","slug":"daa-alpha-xip","status":"publish","type":"product","link":"https:\/\/staging.nbg.eu\/pl\/produkt\/daa-alpha-xip\/","title":{"rendered":"DAA Alpha-XiP"},"content":{"rendered":"<h2>Zestaw magnes\u00f3w DAA Alpha-XiP<\/h2>\n<p>Ulepszenie do kabury DAA Racer lub Alpha XiP. Zestaw umo\u017cliwia przymocowanie magnesu do kabury dla szybkiego i bezpiecznego monta\u017cu.<\/p>\n<h3>Zawarto\u015b\u0107 zestawu:<\/h3>\n<ul>\n<li>Du\u017cy magnes DAA<\/li>\n<li>\u015aruba M5 10mm ze stali nierdzewnej<\/li>\n<li>Mosi\u0119\u017cna wk\u0142adka termiczna z nakr\u0119tk\u0105 M5 (d\u0142ugo\u015b\u0107 6mm)<\/li>\n<\/ul>\n<h3>Wymagane narz\u0119dzia:<\/h3>\n<ul>\n<li>Wiertarka z wiert\u0142em 6,3-6,5mm<\/li>\n<li>Lutownica<\/li>\n<li>Pilnik i papier \u015bcierny<\/li>\n<\/ul>\n<p>Post\u0119puj zgodnie z instrukcj\u0105 monta\u017cu, aby dostosowa\u0107 kabur\u0119. Wywier\u0107 otw\u00f3r, w\u0142\u00f3\u017c nakr\u0119tk\u0119 termiczn\u0105 i przymocuj magnes. Ten zestaw pozwoli zwi\u0119kszy\u0107 funkcjonalno\u015b\u0107 kabury.<\/p>\n<p><strong>Uwaga:<\/strong> Monta\u017c wymaga ostro\u017cno\u015bci i cierpliwo\u015bci. Podczas instalacji zawsze priorytetowo traktuj bezpiecze\u0144stwo.<\/p>\n","protected":false},"excerpt":{"rendered":"<p>DAA Alpha-XiP: Zestaw do mocowania magnetycznej kieszonki z mo\u017cliwo\u015bci\u0105 dostosowania<\/p>\n","protected":false},"featured_media":235862,"template":"","meta":{"_acf_changed":false},"product_brand":[11278],"product_cat":[12581,12590],"product_tag":[],"class_list":{"0":"post-276602","1":"product","2":"type-product","3":"status-publish","4":"has-post-thumbnail","6":"product_brand-doublealpha","7":"product_cat-sakwy","8":"product_cat-sprzet","10":"first","11":"instock","12":"taxable","13":"shipping-taxable","14":"purchasable","15":"product-type-simple"},"acf":[],"_links":{"self":[{"href":"https:\/\/staging.nbg.eu\/pl\/wp-json\/wp\/v2\/product\/276602","targetHints":{"allow":["GET"]}}],"collection":[{"href":"https:\/\/staging.nbg.eu\/pl\/wp-json\/wp\/v2\/product"}],"about":[{"href":"https:\/\/staging.nbg.eu\/pl\/wp-json\/wp\/v2\/types\/product"}],"wp:featuredmedia":[{"embeddable":true,"href":"https:\/\/staging.nbg.eu\/pl\/wp-json\/wp\/v2\/media\/235862"}],"wp:attachment":[{"href":"https:\/\/staging.nbg.eu\/pl\/wp-json\/wp\/v2\/media?parent=276602"}],"wp:term":[{"taxonomy":"product_brand","embeddable":true,"href":"https:\/\/staging.nbg.eu\/pl\/wp-json\/wp\/v2\/product_brand?post=276602"},{"taxonomy":"product_cat","embeddable":true,"href":"https:\/\/staging.nbg.eu\/pl\/wp-json\/wp\/v2\/product_cat?post=276602"},{"taxonomy":"product_tag","embeddable":true,"href":"https:\/\/staging.nbg.eu\/pl\/wp-json\/wp\/v2\/product_tag?post=276602"}],"curies":[{"name":"wp","href":"https:\/\/api.w.org\/{rel}","templated":true}]}}