{"id":276101,"date":"2025-03-02T17:08:39","date_gmt":"2025-03-02T17:08:39","guid":{"rendered":"https:\/\/staging.nbg.eu\/product\/bore-tech-decimator-suppressor-cleaner\/"},"modified":"2025-03-20T13:32:03","modified_gmt":"2025-03-20T13:32:03","slug":"bore-tech-decimator-srodek-do-czyszczenia-tlumikow","status":"publish","type":"product","link":"https:\/\/staging.nbg.eu\/pl\/produkt\/bore-tech-decimator-srodek-do-czyszczenia-tlumikow\/","title":{"rendered":"Bore Tech Decimator \u015arodek do Czyszczenia T\u0142umik\u00f3w"},"content":{"rendered":"<div class=\"product-description\">\n<h2>\u015arodek czyszcz\u0105cy do t\u0142umik\u00f3w Bore Tech Decimator<\/h2>\n<p>Bore Tech Decimator to \u015brodek czyszcz\u0105cy do t\u0142umik\u00f3w. Ta dwucz\u0119\u015bciowa formu\u0142a jest przeznaczona do usuwania nagromadze\u0144 zanieczyszcze\u0144 w t\u0142umikach do broni bocznego i centralnego zap\u0142onu.<\/p>\n<ul>\n<li>Bezpieczny dla t\u0142umik\u00f3w<\/li>\n<li>Nie zawiera niebezpiecznych substancji ani amoniaku<\/li>\n<li>Bezzapachowy i biodegradowalny<\/li>\n<li>Bezpieczny dla aluminium, stali nierdzewnej, tytanu i r\u00f3\u017cnych stop\u00f3w<\/li>\n<\/ul>\n<p>Cz\u0119\u015b\u0107 A usuwa nagromadzenia w\u0119gla\/o\u0142owiu, a cz\u0119\u015b\u0107 B usuwa nagromadzenia miedzi. Mo\u017ce by\u0107 u\u017cywany z systemem czyszczenia t\u0142umik\u00f3w Decimator do konserwacji t\u0142umik\u00f3w, hamulc\u00f3w wylotowych, mocowa\u0144 szybkoz\u0142\u0105cznych i t\u0142umik\u00f3w p\u0142omienia.<\/p>\n<p>\u015arodek czyszcz\u0105cy Bore Tech Decimator pomaga utrzyma\u0107 t\u0142umiki w dobrym stanie.<\/p>\n<\/div>\n","protected":false},"excerpt":{"rendered":"<p>Skuteczny, bezpieczny \u015brodek czyszcz\u0105cy do t\u0142umik\u00f3w, przeznaczony do usuwania ekstremalnych zabrudze\u0144.<\/p>\n","protected":false},"featured_media":235254,"template":"","meta":{"_acf_changed":false},"product_brand":[],"product_cat":[12639,12604],"product_tag":[],"class_list":{"0":"post-276101","1":"product","2":"type-product","3":"status-publish","4":"has-post-thumbnail","6":"product_cat-bez-kategorii","7":"product_cat-czyszczenie-broni","9":"first","10":"instock","11":"taxable","12":"shipping-taxable","13":"purchasable","14":"product-type-simple"},"acf":[],"_links":{"self":[{"href":"https:\/\/staging.nbg.eu\/pl\/wp-json\/wp\/v2\/product\/276101","targetHints":{"allow":["GET"]}}],"collection":[{"href":"https:\/\/staging.nbg.eu\/pl\/wp-json\/wp\/v2\/product"}],"about":[{"href":"https:\/\/staging.nbg.eu\/pl\/wp-json\/wp\/v2\/types\/product"}],"wp:featuredmedia":[{"embeddable":true,"href":"https:\/\/staging.nbg.eu\/pl\/wp-json\/wp\/v2\/media\/235254"}],"wp:attachment":[{"href":"https:\/\/staging.nbg.eu\/pl\/wp-json\/wp\/v2\/media?parent=276101"}],"wp:term":[{"taxonomy":"product_brand","embeddable":true,"href":"https:\/\/staging.nbg.eu\/pl\/wp-json\/wp\/v2\/product_brand?post=276101"},{"taxonomy":"product_cat","embeddable":true,"href":"https:\/\/staging.nbg.eu\/pl\/wp-json\/wp\/v2\/product_cat?post=276101"},{"taxonomy":"product_tag","embeddable":true,"href":"https:\/\/staging.nbg.eu\/pl\/wp-json\/wp\/v2\/product_tag?post=276101"}],"curies":[{"name":"wp","href":"https:\/\/api.w.org\/{rel}","templated":true}]}}