{"id":275552,"date":"2025-03-07T11:08:39","date_gmt":"2025-03-20T12:26:42","guid":{"rendered":"https:\/\/staging.nbg.eu\/product\/ipsc-targets-mini-100pcs\/"},"modified":"2025-03-20T12:28:49","modified_gmt":"2025-03-20T12:28:49","slug":"tarcze-ipsc-mini-100szt","status":"publish","type":"product","link":"https:\/\/staging.nbg.eu\/pl\/produkt\/tarcze-ipsc-mini-100szt\/","title":{"rendered":"Tarcze IPSC mini 100szt"},"content":{"rendered":"<div class=\"product-description\">\n<h2>Kartonowe mini cele IPSC &#8211; zestaw 100 sztuk<\/h2>\n<p>Cele zgodne z przepisami IPSC, odpowiednie do zawod\u00f3w i trening\u00f3w. Ka\u017cde opakowanie zawiera 100 mini cel\u00f3w, spe\u0142niaj\u0105cych standardy zawod\u00f3w IPSC.<\/p>\n<ul>\n<li>Wykonane z kartonu<\/li>\n<li>Perforowane strefy A, C i D do punktacji<\/li>\n<li>Dwukolorowy projekt: Prz\u00f3d w kolorze be\u017cowym, ty\u0142 bia\u0142y<\/li>\n<li>Bia\u0142a strona s\u0142u\u017cy jako cel karny<\/li>\n<li>Widoczne linie punktacji po obu stronach<\/li>\n<\/ul>\n<p>Cele do \u0107wiczenia celno\u015bci i szybko\u015bci strzelania. Odpowiednie do treningu na strzelnicy, zawod\u00f3w lub scenariuszy taktycznych.<\/p>\n<\/div>\n","protected":false},"excerpt":{"rendered":"<p>Cele Mini IPSC: 100 perforowanych kartonowych tarcz do trening\u00f3w i zawod\u00f3w.<\/p>\n","protected":false},"featured_media":246707,"template":"","meta":{"_acf_changed":false},"product_brand":[],"product_cat":[12621,12596],"product_tag":[],"class_list":{"0":"post-275552","1":"product","2":"type-product","3":"status-publish","4":"has-post-thumbnail","6":"product_cat-tarcze","7":"product_cat-tarcze-papierowe","9":"first","10":"instock","11":"taxable","12":"shipping-taxable","13":"purchasable","14":"product-type-simple"},"acf":[],"_links":{"self":[{"href":"https:\/\/staging.nbg.eu\/pl\/wp-json\/wp\/v2\/product\/275552","targetHints":{"allow":["GET"]}}],"collection":[{"href":"https:\/\/staging.nbg.eu\/pl\/wp-json\/wp\/v2\/product"}],"about":[{"href":"https:\/\/staging.nbg.eu\/pl\/wp-json\/wp\/v2\/types\/product"}],"wp:featuredmedia":[{"embeddable":true,"href":"https:\/\/staging.nbg.eu\/pl\/wp-json\/wp\/v2\/media\/246707"}],"wp:attachment":[{"href":"https:\/\/staging.nbg.eu\/pl\/wp-json\/wp\/v2\/media?parent=275552"}],"wp:term":[{"taxonomy":"product_brand","embeddable":true,"href":"https:\/\/staging.nbg.eu\/pl\/wp-json\/wp\/v2\/product_brand?post=275552"},{"taxonomy":"product_cat","embeddable":true,"href":"https:\/\/staging.nbg.eu\/pl\/wp-json\/wp\/v2\/product_cat?post=275552"},{"taxonomy":"product_tag","embeddable":true,"href":"https:\/\/staging.nbg.eu\/pl\/wp-json\/wp\/v2\/product_tag?post=275552"}],"curies":[{"name":"wp","href":"https:\/\/api.w.org\/{rel}","templated":true}]}}