{"id":275406,"date":"2025-03-07T10:54:35","date_gmt":"2025-03-07T10:54:35","guid":{"rendered":"https:\/\/staging.nbg.eu\/product\/ipsc-targets-50pcs\/"},"modified":"2025-03-20T12:10:36","modified_gmt":"2025-03-20T12:10:36","slug":"tarcze-ipsc-50szt","status":"publish","type":"product","link":"https:\/\/staging.nbg.eu\/pl\/produkt\/tarcze-ipsc-50szt\/","title":{"rendered":"Tarcze IPSC 50szt"},"content":{"rendered":"<div class=\"product-description\">\n<h2>Kartonowe tarcze IPSC &#8211; zestaw 50 sztuk<\/h2>\n<p>Tarcze zgodne z wymogami IPSC, przeznaczone do zawod\u00f3w i trening\u00f3w. Ka\u017cde opakowanie zawiera 50 tarcz spe\u0142niaj\u0105cych standardy zawod\u00f3w IPSC.<\/p>\n<ul>\n<li>Materia\u0142: Karton<\/li>\n<li>Ilo\u015b\u0107: 50 tarcz w opakowaniu<\/li>\n<li>Kolory: Dwustronne &#8211; be\u017cowy\/bia\u0142y<\/li>\n<li>Perforowane strefy A, C i D do dok\u0142adnego punktowania<\/li>\n<\/ul>\n<p>Tarcze maj\u0105 perforacje na be\u017cowej stronie, wyznaczaj\u0105ce strefy punktowe. Bia\u0142a strona mo\u017ce s\u0142u\u017cy\u0107 jako tarcza karna, z liniami punktowymi widocznymi przez perforacje.<\/p>\n<p>Te tarcze IPSC s\u0105 odpowiednie zar\u00f3wno dla do\u015bwiadczonych zawodnik\u00f3w, jak i os\u00f3b trenuj\u0105cych. Mog\u0105 s\u0142u\u017cy\u0107 do doskonalenia umiej\u0119tno\u015bci i mierzenia post\u0119p\u00f3w.<\/p>\n<\/div>\n","protected":false},"excerpt":{"rendered":"<p>Tarcze IPSC: 50 wysokiej jako\u015bci kartonowych tarcz do zawod\u00f3w i trening\u00f3w.<\/p>\n","protected":false},"featured_media":246684,"template":"","meta":{"_acf_changed":false},"product_brand":[],"product_cat":[12621,12596],"product_tag":[],"class_list":{"0":"post-275406","1":"product","2":"type-product","3":"status-publish","4":"has-post-thumbnail","6":"product_cat-tarcze","7":"product_cat-tarcze-papierowe","9":"first","10":"instock","11":"taxable","12":"shipping-taxable","13":"purchasable","14":"product-type-simple"},"acf":[],"_links":{"self":[{"href":"https:\/\/staging.nbg.eu\/pl\/wp-json\/wp\/v2\/product\/275406","targetHints":{"allow":["GET"]}}],"collection":[{"href":"https:\/\/staging.nbg.eu\/pl\/wp-json\/wp\/v2\/product"}],"about":[{"href":"https:\/\/staging.nbg.eu\/pl\/wp-json\/wp\/v2\/types\/product"}],"wp:featuredmedia":[{"embeddable":true,"href":"https:\/\/staging.nbg.eu\/pl\/wp-json\/wp\/v2\/media\/246684"}],"wp:attachment":[{"href":"https:\/\/staging.nbg.eu\/pl\/wp-json\/wp\/v2\/media?parent=275406"}],"wp:term":[{"taxonomy":"product_brand","embeddable":true,"href":"https:\/\/staging.nbg.eu\/pl\/wp-json\/wp\/v2\/product_brand?post=275406"},{"taxonomy":"product_cat","embeddable":true,"href":"https:\/\/staging.nbg.eu\/pl\/wp-json\/wp\/v2\/product_cat?post=275406"},{"taxonomy":"product_tag","embeddable":true,"href":"https:\/\/staging.nbg.eu\/pl\/wp-json\/wp\/v2\/product_tag?post=275406"}],"curies":[{"name":"wp","href":"https:\/\/api.w.org\/{rel}","templated":true}]}}