{"id":275002,"date":"2025-03-03T19:13:19","date_gmt":"2025-03-20T10:49:18","guid":{"rendered":"https:\/\/staging.nbg.eu\/product\/bore-tech-patch-guide\/"},"modified":"2025-03-20T10:51:30","modified_gmt":"2025-03-20T10:51:30","slug":"bore-tech-prowadnica-pacza","status":"publish","type":"product","link":"https:\/\/staging.nbg.eu\/pl\/produkt\/bore-tech-prowadnica-pacza\/","title":{"rendered":"Bore Tech Prowadnica Pacza"},"content":{"rendered":"<h2>Bore Tech Prowadnica do \u0142at do AR-15\/AR-10<\/h2>\n<p>Prowadnica do \u0142at Bore Tech to system do mocowania \u0142at, kt\u00f3ry eliminuje ba\u0142agan i upraszcza proces czyszczenia.<\/p>\n<ul>\n<li>Aluminiowe komponenty precyzyjnie obrobione CNC<\/li>\n<li>Anodowane wyko\u0144czenie dla trwa\u0142o\u015bci<\/li>\n<li>Wyr\u00f3wnuje wycior z luf\u0105 karabinu<\/li>\n<li>Zapobiega uszkodzeniom rygli i kraw\u0119dzi komory<\/li>\n<li>Wymienne, odporne na rozpuszczalniki adaptery przednie<\/li>\n<li>Dost\u0119pne dla r\u00f3\u017cnych kalibr\u00f3w AR-15 i AR-10<\/li>\n<\/ul>\n<p>U\u0142atwia czyszczenie i chroni karabin oraz wycior. Prowadnica do \u0142at Bore Tech to narz\u0119dzie dla w\u0142a\u015bcicieli broni. Wyprodukowano w USA.<\/p>\n<p><strong>Wybierz Bore Tech.<\/strong><\/p>\n","protected":false},"excerpt":{"rendered":"<p>\u0141atwe i czyste czyszczenie AR-15\/AR-10 z bezdotykowym nabijaniem \u0142atek.<\/p>\n","protected":false},"featured_media":235533,"template":"","meta":{"_acf_changed":false},"product_brand":[11165],"product_cat":[12604,12588,12630],"product_tag":[],"class_list":{"0":"post-275002","1":"product","2":"type-product","3":"status-publish","4":"has-post-thumbnail","6":"product_brand-boretech","7":"product_cat-czyszczenie-broni","8":"product_cat-laty-i-patchguny","9":"product_cat-patche","10":"pa_model-ar-10-pl","11":"pa_model-ar-15-pl","13":"first","14":"instock","15":"taxable","16":"shipping-taxable","17":"purchasable","18":"product-type-variable","19":"wvs-archive-product-wrapper"},"acf":[],"_links":{"self":[{"href":"https:\/\/staging.nbg.eu\/pl\/wp-json\/wp\/v2\/product\/275002","targetHints":{"allow":["GET"]}}],"collection":[{"href":"https:\/\/staging.nbg.eu\/pl\/wp-json\/wp\/v2\/product"}],"about":[{"href":"https:\/\/staging.nbg.eu\/pl\/wp-json\/wp\/v2\/types\/product"}],"wp:featuredmedia":[{"embeddable":true,"href":"https:\/\/staging.nbg.eu\/pl\/wp-json\/wp\/v2\/media\/235533"}],"wp:attachment":[{"href":"https:\/\/staging.nbg.eu\/pl\/wp-json\/wp\/v2\/media?parent=275002"}],"wp:term":[{"taxonomy":"product_brand","embeddable":true,"href":"https:\/\/staging.nbg.eu\/pl\/wp-json\/wp\/v2\/product_brand?post=275002"},{"taxonomy":"product_cat","embeddable":true,"href":"https:\/\/staging.nbg.eu\/pl\/wp-json\/wp\/v2\/product_cat?post=275002"},{"taxonomy":"product_tag","embeddable":true,"href":"https:\/\/staging.nbg.eu\/pl\/wp-json\/wp\/v2\/product_tag?post=275002"}],"curies":[{"name":"wp","href":"https:\/\/api.w.org\/{rel}","templated":true}]}}