{"id":273926,"date":"2025-03-07T10:31:08","date_gmt":"2025-03-19T18:14:30","guid":{"rendered":"https:\/\/staging.nbg.eu\/product\/nitehog-thermal-sight-boomslang-w-zm-vm-scope-mount\/"},"modified":"2025-03-19T18:16:34","modified_gmt":"2025-03-19T18:16:34","slug":"nitehog-celownik-termowizyjny-boomslang-z-mocowaniem-zmvm","status":"publish","type":"product","link":"https:\/\/staging.nbg.eu\/pl\/produkt\/nitehog-celownik-termowizyjny-boomslang-z-mocowaniem-zmvm\/","title":{"rendered":"NiteHog Celownik Termowizyjny Boomslang z mocowaniem ZM\/VM"},"content":{"rendered":"<div class=\"product-description\">\n<h2>Celownik termowizyjny NiteHog Boomslang z mocowaniem ZM\/VM<\/h2>\n<p>BOOMSLANG to celownik termowizyjny \u0142\u0105cz\u0105cy tradycj\u0119 z nowoczesn\u0105 technologi\u0105. Przeznaczony dla my\u015bliwych wymagaj\u0105cych klarowno\u015bci i precyzji, BOOMSLANG zapewnia wysokiej jako\u015bci obraz w ka\u017cdym \u015brodowisku.<\/p>\n<h2>Wyra\u017any obraz<\/h2>\n<p>Dzi\u0119ki ogniskowej 60 mm i cz\u0119stotliwo\u015bci od\u015bwie\u017cania 60 Hz, BOOMSLANG zapewnia p\u0142ynny, wyra\u017any obraz. Powi\u0119kszenie optyczne 3.0x i cyfrowe 2x4x gwarantuje, \u017ce \u017caden cel nie pozostanie niezauwa\u017cony.<\/p>\n<h2>G\u0142\u00f3wne cechy<\/h2>\n<ul>\n<li>Sensor 640&#215;480 z pikselem 12 mikron\u00f3w<\/li>\n<li>Wy\u015bwietlacz o rozdzielczo\u015bci 1024&#215;768 pikseli<\/li>\n<li>Nagrywanie wideo i \u0142atwe pobieranie przez aplikacj\u0119 mobiln\u0105<\/li>\n<li>Obrotowy w\u0142\u0105cznik\/wy\u0142\u0105cznik<\/li>\n<li>Trzy ergonomiczne przyciski sterowania<\/li>\n<li>Dwa programowalne przyciski u\u017cytkownika<\/li>\n<\/ul>\n<h2>Zasi\u0119g wykrywania<\/h2>\n<p>BOOMSLANG ma zasi\u0119g wykrywania ponad 2300 metr\u00f3w, dzi\u0119ki obiektywowi F 1.2 i zaawansowanemu sensorowi. Wykrywa standardowy obiekt 1,8-metrowy nawet w trudnych warunkach.<\/p>\n<h2>Precyzja<\/h2>\n<p>BOOMSLANG gwarantuje odchylenie standardowe do 3 cm na 100 metr\u00f3w bez dodatkowej kalibracji.<\/p>\n<h2>Projekt i produkcja europejska<\/h2>\n<p>BOOMSLANG jest zaprojektowany i wyprodukowany w Europie. Planowane s\u0105 dodatkowe funkcje, takie jak aplikacja mobilna i wbudowany dalmierz laserowy.<\/p>\n<h2>Technologia Image Razor<\/h2>\n<p>Technologia Image Razor zapewnia wyra\u017any obraz w r\u00f3\u017cnych warunkach, w tym we mgle, deszczu, \u015bniegu, dymie i ca\u0142kowitej ciemno\u015bci.<\/p>\n<h2>Dodatkowe funkcje<\/h2>\n<ul>\n<li>Certyfikat wodoodporno\u015bci IP66<\/li>\n<li>Do 6 godzin pracy na baterii<\/li>\n<li>Do\u0142\u0105czone mocowanie ZM\/VM do szyny Picatinny<\/li>\n<li>Obudowa z stopu magnezu z matowym powleczeniem antyrefleksyjnym<\/li>\n<li>Przed\u0142u\u017cona gwarancja<\/li>\n<\/ul>\n<h2>Tryby obrazu<\/h2>\n<p>Dost\u0119pne tryby: White Hot, Black Hot, Red Hot i Isotherm.<\/p>\n<h2>Specyfikacja techniczna<\/h2>\n<ul>\n<li>Rozmiar sensora: 640&#215;480<\/li>\n<li>Rozmiar piksela: 12<\/li>\n<li>Ogniskowa: 60 mm<\/li>\n<li>Przys\u0142ona: 1.2<\/li>\n<li>Cz\u0119stotliwo\u015b\u0107 od\u015bwie\u017cania: 60 Hz, progresywna<\/li>\n<li>Powi\u0119kszenie: 3x optyczne, 2x4x cyfrowe<\/li>\n<li>Rozdzielczo\u015b\u0107 wy\u015bwietlacza: 1024&#215;768<\/li>\n<li>Zasi\u0119g wykrywania cz\u0142owieka: 2300+ metr\u00f3w<\/li>\n<li>Pole widzenia: 12,80 m\/100m<\/li>\n<li>Czas uruchamiania: &lt; 5 sek<\/li>\n<\/ul>\n<\/div>\n","protected":false},"excerpt":{"rendered":"<p>NiteHog Boomslang: Zaawansowany celownik termowizyjny z krystalicznie czystym obrazem, zasi\u0119giem wykrywania ponad 2300m i mocowaniem ZM\/VM.<\/p>\n","protected":false},"featured_media":246301,"template":"","meta":{"_acf_changed":false},"product_brand":[],"product_cat":[],"product_tag":[],"class_list":{"0":"post-273926","1":"product","2":"type-product","3":"status-publish","4":"has-post-thumbnail","7":"first","8":"instock","9":"taxable","10":"shipping-taxable","11":"purchasable","12":"product-type-simple"},"acf":[],"_links":{"self":[{"href":"https:\/\/staging.nbg.eu\/pl\/wp-json\/wp\/v2\/product\/273926","targetHints":{"allow":["GET"]}}],"collection":[{"href":"https:\/\/staging.nbg.eu\/pl\/wp-json\/wp\/v2\/product"}],"about":[{"href":"https:\/\/staging.nbg.eu\/pl\/wp-json\/wp\/v2\/types\/product"}],"wp:featuredmedia":[{"embeddable":true,"href":"https:\/\/staging.nbg.eu\/pl\/wp-json\/wp\/v2\/media\/246301"}],"wp:attachment":[{"href":"https:\/\/staging.nbg.eu\/pl\/wp-json\/wp\/v2\/media?parent=273926"}],"wp:term":[{"taxonomy":"product_brand","embeddable":true,"href":"https:\/\/staging.nbg.eu\/pl\/wp-json\/wp\/v2\/product_brand?post=273926"},{"taxonomy":"product_cat","embeddable":true,"href":"https:\/\/staging.nbg.eu\/pl\/wp-json\/wp\/v2\/product_cat?post=273926"},{"taxonomy":"product_tag","embeddable":true,"href":"https:\/\/staging.nbg.eu\/pl\/wp-json\/wp\/v2\/product_tag?post=273926"}],"curies":[{"name":"wp","href":"https:\/\/api.w.org\/{rel}","templated":true}]}}