{"id":236099,"date":"2025-03-03T20:03:09","date_gmt":"2025-03-03T20:03:09","guid":{"rendered":"https:\/\/staging.nbg.eu\/?post_type=product&#038;p=236099"},"modified":"2025-09-30T13:39:45","modified_gmt":"2025-09-30T10:39:45","slug":"grips-kmr-s-modulowy-papier-scierny-srebrny","status":"publish","type":"product","link":"https:\/\/staging.nbg.eu\/pl\/produkt\/grips-kmr-s-modulowy-papier-scierny-srebrny\/","title":{"rendered":"GRIPS KMR S Modu\u0142owy papier \u015bcierny srebrny"},"content":{"rendered":"<h2>GRIPS KMR S Modularne Uchwyty Piaskowane &#8211; Czarne<\/h2>\n<p>Uchwyty modularne piaskowane do pistoletu KMR S-02. Wykonane z anodyzowanego duraluminium, te d\u0142ugie uchwyty zapewniaj\u0105 lepsze trzymanie i wygod\u0119.<\/p>\n<h2>Cechy:<\/h2>\n<ul>\n<li>Pasuj\u0105 wy\u0142\u0105cznie do modeli KMR S-02 .22 LR<\/li>\n<li>Wykonane z anodyzowanego duraluminium<\/li>\n<li>Zaprojektowane do u\u017cytku bez prowadnicy magazynka<\/li>\n<li>W zestawie \u015bruby torx do monta\u017cu<\/li>\n<li>Czarne wyko\u0144czenie z logo KMR<\/li>\n<\/ul>\n<p>Uwaga: Te uchwyty s\u0105 przeznaczone do aluminiowej ramy o szeroko\u015bci 26mm modelu KMR S-02 i nie s\u0105 kompatybilne z ramami W-02 lub L-02. Uchwyty te poprawiaj\u0105 chwyt i celno\u015b\u0107 strzelania z pistoletu KMR S-02.<\/p>\n<dl class=\"data-sheet\">\n<dt class=\"name\">Do broni KMR<\/dt>\n<dd class=\"value\">KMR S-01 LANCE (OR)<br \/>\nKMR S-02 DO 2023<\/dd>\n<dt class=\"name\">Wyb\u00f3r wed\u0142ug broni CZ<\/dt>\n<dd class=\"value\">CZ SHADOW 1<br \/>\nCZ SHADOW 2<br \/>\nCZ SHADOW 2 (OR)<br \/>\nCZ SP-01<\/dd>\n<\/dl>\n","protected":false},"excerpt":{"rendered":"<p>KMR S-02 czarny modularny chwyt, kompatybilny z aluminiow\u0105 ram\u0105.<br \/>\n0611-03101-0101<\/p>\n","protected":false},"featured_media":73901,"template":"","meta":{"_acf_changed":false},"product_brand":[11510],"product_cat":[12575],"product_tag":[],"class_list":{"0":"post-236099","1":"product","2":"type-product","3":"status-publish","4":"has-post-thumbnail","6":"product_brand-kmr-precision","7":"product_cat-czesci-kmr","9":"first","10":"instock","11":"taxable","12":"shipping-taxable","13":"purchasable","14":"product-type-simple"},"acf":[],"_links":{"self":[{"href":"https:\/\/staging.nbg.eu\/pl\/wp-json\/wp\/v2\/product\/236099","targetHints":{"allow":["GET"]}}],"collection":[{"href":"https:\/\/staging.nbg.eu\/pl\/wp-json\/wp\/v2\/product"}],"about":[{"href":"https:\/\/staging.nbg.eu\/pl\/wp-json\/wp\/v2\/types\/product"}],"wp:featuredmedia":[{"embeddable":true,"href":"https:\/\/staging.nbg.eu\/pl\/wp-json\/wp\/v2\/media\/73901"}],"wp:attachment":[{"href":"https:\/\/staging.nbg.eu\/pl\/wp-json\/wp\/v2\/media?parent=236099"}],"wp:term":[{"taxonomy":"product_brand","embeddable":true,"href":"https:\/\/staging.nbg.eu\/pl\/wp-json\/wp\/v2\/product_brand?post=236099"},{"taxonomy":"product_cat","embeddable":true,"href":"https:\/\/staging.nbg.eu\/pl\/wp-json\/wp\/v2\/product_cat?post=236099"},{"taxonomy":"product_tag","embeddable":true,"href":"https:\/\/staging.nbg.eu\/pl\/wp-json\/wp\/v2\/product_tag?post=236099"}],"curies":[{"name":"wp","href":"https:\/\/api.w.org\/{rel}","templated":true}]}}