{"id":22568,"date":"2024-08-19T17:28:32","date_gmt":"2024-08-19T17:28:32","guid":{"rendered":"https:\/\/staging.nbg.eu\/product\/produkt-2\/"},"modified":"2024-09-09T15:08:26","modified_gmt":"2024-09-09T15:08:26","slug":"sworzen-sprezyny-zatrzasku-zamka-kmr","status":"publish","type":"product","link":"https:\/\/staging.nbg.eu\/pl\/produkt\/sworzen-sprezyny-zatrzasku-zamka-kmr\/","title":{"rendered":"Sworze\u0144 spr\u0119\u017cyny zatrzasku zamka KMR"},"content":{"rendered":"<p>Precyzyjny trzpie\u0144 spr\u0119\u017cyny zatrzasku zamka KMR: Trwa\u0142y, dok\u0142adne dopasowanie.<\/p>\n","protected":false},"excerpt":{"rendered":"<p>Kluczowa cz\u0119\u015b\u0107 pistoletu KMR, wykonana z precyzj\u0105.<\/p>\n","protected":false},"featured_media":60776,"template":"","meta":{"_acf_changed":false},"product_brand":[],"product_cat":[12575],"product_tag":[],"class_list":{"0":"post-22568","1":"product","2":"type-product","3":"status-publish","4":"has-post-thumbnail","6":"product_cat-czesci-kmr","8":"first","9":"instock","10":"taxable","11":"shipping-taxable","12":"product-type-simple"},"acf":[],"_links":{"self":[{"href":"https:\/\/staging.nbg.eu\/pl\/wp-json\/wp\/v2\/product\/22568","targetHints":{"allow":["GET"]}}],"collection":[{"href":"https:\/\/staging.nbg.eu\/pl\/wp-json\/wp\/v2\/product"}],"about":[{"href":"https:\/\/staging.nbg.eu\/pl\/wp-json\/wp\/v2\/types\/product"}],"wp:featuredmedia":[{"embeddable":true,"href":"https:\/\/staging.nbg.eu\/pl\/wp-json\/wp\/v2\/media\/60776"}],"wp:attachment":[{"href":"https:\/\/staging.nbg.eu\/pl\/wp-json\/wp\/v2\/media?parent=22568"}],"wp:term":[{"taxonomy":"product_brand","embeddable":true,"href":"https:\/\/staging.nbg.eu\/pl\/wp-json\/wp\/v2\/product_brand?post=22568"},{"taxonomy":"product_cat","embeddable":true,"href":"https:\/\/staging.nbg.eu\/pl\/wp-json\/wp\/v2\/product_cat?post=22568"},{"taxonomy":"product_tag","embeddable":true,"href":"https:\/\/staging.nbg.eu\/pl\/wp-json\/wp\/v2\/product_tag?post=22568"}],"curies":[{"name":"wp","href":"https:\/\/api.w.org\/{rel}","templated":true}]}}