{"id":214366,"date":"2024-01-13T11:03:57","date_gmt":"2024-01-13T11:03:57","guid":{"rendered":"https:\/\/staging.nbg.eu\/product\/surefire-m640v-pro-scout-light-pro-infrared\/"},"modified":"2025-02-19T16:46:46","modified_gmt":"2025-02-19T16:46:46","slug":"surefire-m640v-pro-scout-light-pro-infrared","status":"publish","type":"product","link":"https:\/\/staging.nbg.eu\/pl\/produkt\/surefire-m640v-pro-scout-light-pro-infrared\/","title":{"rendered":"SureFire M640V-PRO (SCOUT LIGHT PRO INFRARED)"},"content":{"rendered":"<div class=\"product-description\">\n<h2>SureFire M640V-PRO SCOUT LIGHT PRO PODCZERWIE\u0143<\/h2>\n<p>M640V-PRO oferuje nast\u0119puj\u0105ce funkcje:<\/p>\n<ul>\n<li>Hybrydowy wz\u00f3r wi\u0105zki do identyfikacji na d\u0142ugim dystansie i \u015bwiadomo\u015bci sytuacyjnej<\/li>\n<li>Nowy niskoprofilowy monta\u017c dla optymalnego pozycjonowania i kompatybilno\u015bci z akcesoriami montowanymi na szynie<\/li>\n<li>Opcje monta\u017cu na szynach Picatinny lub M-Lok<\/li>\n<li>Mo\u017cliwo\u015b\u0107 pracy w dw\u00f3ch zakresach: 350 lumen\u00f3w bia\u0142ego \u015bwiat\u0142a \/ 120 mW mocy wyj\u015bciowej IR<\/li>\n<li>Wyb\u00f3r zakresu poprzez obr\u00f3t g\u0142owicy<\/li>\n<li>Soczewka TIR do wi\u0105zki o dalekim zasi\u0119gu z odpowiednim \u015bwiat\u0142em otaczaj\u0105cym<\/li>\n<li>Aktywacja przyciskiem w tylnej cz\u0119\u015bci<\/li>\n<li>Konstrukcja z aluminium lotniczego z tward\u0105 anodowan\u0105 pow\u0142ok\u0105 zgodn\u0105 z Mil-Spec<\/li>\n<li>Uszczelnienie O-ring dla niezawodno\u015bci w ka\u017cdych warunkach pogodowych<\/li>\n<\/ul>\n<p>WeaponLight do zastosowa\u0144 taktycznych.<\/p>\n<\/div>\n","protected":false},"excerpt":{"rendered":"<p>Wszechstronne o\u015bwietlenie broni IR z wi\u0105zk\u0105 hybrydow\u0105 i niskoprofilowym mocowaniem.<\/p>\n","protected":false},"featured_media":214369,"template":"","meta":{"_acf_changed":false},"product_brand":[11876],"product_cat":[12623,12614,12574],"product_tag":[],"class_list":{"0":"post-214366","1":"product","2":"type-product","3":"status-publish","4":"has-post-thumbnail","6":"product_brand-surefire","7":"product_cat-karabin","8":"product_cat-latarki","9":"product_cat-latarki-karabinowe","11":"first","12":"instock","13":"taxable","14":"shipping-taxable","15":"purchasable","16":"product-type-simple"},"acf":[],"_links":{"self":[{"href":"https:\/\/staging.nbg.eu\/pl\/wp-json\/wp\/v2\/product\/214366","targetHints":{"allow":["GET"]}}],"collection":[{"href":"https:\/\/staging.nbg.eu\/pl\/wp-json\/wp\/v2\/product"}],"about":[{"href":"https:\/\/staging.nbg.eu\/pl\/wp-json\/wp\/v2\/types\/product"}],"wp:featuredmedia":[{"embeddable":true,"href":"https:\/\/staging.nbg.eu\/pl\/wp-json\/wp\/v2\/media\/214369"}],"wp:attachment":[{"href":"https:\/\/staging.nbg.eu\/pl\/wp-json\/wp\/v2\/media?parent=214366"}],"wp:term":[{"taxonomy":"product_brand","embeddable":true,"href":"https:\/\/staging.nbg.eu\/pl\/wp-json\/wp\/v2\/product_brand?post=214366"},{"taxonomy":"product_cat","embeddable":true,"href":"https:\/\/staging.nbg.eu\/pl\/wp-json\/wp\/v2\/product_cat?post=214366"},{"taxonomy":"product_tag","embeddable":true,"href":"https:\/\/staging.nbg.eu\/pl\/wp-json\/wp\/v2\/product_tag?post=214366"}],"curies":[{"name":"wp","href":"https:\/\/api.w.org\/{rel}","templated":true}]}}