{"id":213957,"date":"2024-10-31T21:14:39","date_gmt":"2025-02-19T16:24:07","guid":{"rendered":"https:\/\/staging.nbg.eu\/product\/sabre-red-spray-52cft10-mk3-crossfire-gel-1-5oz-45ml\/"},"modified":"2025-02-19T16:26:20","modified_gmt":"2025-02-19T16:26:20","slug":"gaz-pieprzowy-sabre-red-52cft10-mk3-crossfire-gel-15oz45ml","status":"publish","type":"product","link":"https:\/\/staging.nbg.eu\/pl\/produkt\/gaz-pieprzowy-sabre-red-52cft10-mk3-crossfire-gel-15oz45ml\/","title":{"rendered":"Gaz pieprzowy Sabre Red 52CFT10 MK3 Crossfire GEL 1.5oz\/45ml"},"content":{"rendered":"<div class=\"product-description\">\n<h2>Sabre Red 52CFT10-G MK-3 Crossfire Stream<\/h2>\n<p>Gaz pieprzowy o pojemno\u015bci 1,5 uncji, u\u017cywany przez organy \u015bcigania na ca\u0142ym \u015bwiecie. Cechy produktu:<\/p>\n<ul>\n<li>Technologia SABRE Crossfire\u00ae umo\u017cliwiaj\u0105ca u\u017cycie pod dowolnym k\u0105tem<\/li>\n<li>8 jednosekundowych rozpyle\u0144 o zasi\u0119gu 15-20 st\u00f3p<\/li>\n<li>Formu\u0142a 1,33% MC<\/li>\n<li>5-letni okres przydatno\u015bci do u\u017cycia<\/li>\n<li>Certyfikat ISO 9001:2008<\/li>\n<li>Przetestowany pod k\u0105tem kontaktu z oczami, sk\u00f3r\u0105 i wdychania<\/li>\n<li>Barwnik UV do identyfikacji podejrzanych<\/li>\n<li>Niepalny i kompatybilny z EID<\/li>\n<\/ul>\n<p>Przeznaczony dla organ\u00f3w \u015bcigania i do ochrony osobistej. Wyprodukowano w USA przez Security Equipment Corp.<\/p>\n<\/div>\n","protected":false},"excerpt":{"rendered":"<p>Mocny gaz pieprzowy o jako\u015bci stosowanej przez organy \u015bcigania. Technologia Crossfire, zasi\u0119g 4,5-6 metr\u00f3w.<\/p>\n","protected":false},"featured_media":75078,"template":"","meta":{"_acf_changed":false},"product_brand":[11762],"product_cat":[12613],"product_tag":[],"class_list":{"0":"post-213957","1":"product","2":"type-product","3":"status-publish","4":"has-post-thumbnail","6":"product_brand-sabre","7":"product_cat-edc","9":"first","10":"instock","11":"taxable","12":"shipping-taxable","13":"purchasable","14":"product-type-simple"},"acf":[],"_links":{"self":[{"href":"https:\/\/staging.nbg.eu\/pl\/wp-json\/wp\/v2\/product\/213957","targetHints":{"allow":["GET"]}}],"collection":[{"href":"https:\/\/staging.nbg.eu\/pl\/wp-json\/wp\/v2\/product"}],"about":[{"href":"https:\/\/staging.nbg.eu\/pl\/wp-json\/wp\/v2\/types\/product"}],"wp:featuredmedia":[{"embeddable":true,"href":"https:\/\/staging.nbg.eu\/pl\/wp-json\/wp\/v2\/media\/75078"}],"wp:attachment":[{"href":"https:\/\/staging.nbg.eu\/pl\/wp-json\/wp\/v2\/media?parent=213957"}],"wp:term":[{"taxonomy":"product_brand","embeddable":true,"href":"https:\/\/staging.nbg.eu\/pl\/wp-json\/wp\/v2\/product_brand?post=213957"},{"taxonomy":"product_cat","embeddable":true,"href":"https:\/\/staging.nbg.eu\/pl\/wp-json\/wp\/v2\/product_cat?post=213957"},{"taxonomy":"product_tag","embeddable":true,"href":"https:\/\/staging.nbg.eu\/pl\/wp-json\/wp\/v2\/product_tag?post=213957"}],"curies":[{"name":"wp","href":"https:\/\/api.w.org\/{rel}","templated":true}]}}