{"id":212956,"date":"2024-07-22T11:51:56","date_gmt":"2024-07-22T11:51:56","guid":{"rendered":"https:\/\/staging.nbg.eu\/product\/blue-force-gear-universal-wire-loop\/"},"modified":"2025-02-19T15:17:40","modified_gmt":"2025-02-19T15:17:40","slug":"petla-uniwersalna-blue-force-gear-universal-wire-loop","status":"publish","type":"product","link":"https:\/\/staging.nbg.eu\/pl\/produkt\/petla-uniwersalna-blue-force-gear-universal-wire-loop\/","title":{"rendered":"P\u0119tla uniwersalna Blue Force Gear Universal Wire Loop"},"content":{"rendered":"<h2>Blue Force Gear Uniwersalna P\u0119tla Druciana<\/h2>\n<p>Uniwersalna P\u0119tla Druciana (UWL\u2122) to punkt mocowania pasa zaprojektowany do wielu zastosowa\u0144. Dost\u0119pna w d\u0142ugo\u015bciach p\u0119tli 3,25&#8243;, 4,5&#8243; i 6,25&#8243;, posiada nast\u0119puj\u0105ce cechy:<\/p>\n<ul>\n<li>Elastyczny drut ze stali nierdzewnej pokryty nylonem dla \u0142atwego mocowania<\/li>\n<li>Korpus z aluminium 6061-T6 obrobiony CNC z matowym wyko\u0144czeniem<\/li>\n<li>Anodowanie twarde dla zwi\u0119kszenia trwa\u0142o\u015bci<\/li>\n<li>Linka lotnicza z ko\u0144c\u00f3wkami kulkowymi<\/li>\n<li>Cichsza i mocniejsza ni\u017c tradycyjne mocowania hakowe<\/li>\n<li>Nie niszczy oczek<\/li>\n<\/ul>\n<p>Nadaje si\u0119 do u\u017cytku z pasami Vickers Combat Applications Slings\u2122, UWL\u2122 oferuje wiele opcji mocowania. Chocia\u017c ekstremalne ciep\u0142o lufy mo\u017ce zdeformowa\u0107 zewn\u0119trzn\u0105 pow\u0142ok\u0119, rdze\u0144 ze stali nierdzewnej pozostaje nienaruszony, zapewniaj\u0105c niezawodno\u015b\u0107 w wymagaj\u0105cych sytuacjach.<\/p>\n","protected":false},"excerpt":{"rendered":"<p>Wszechstronne mocowanie pasa no\u015bnego z elastycznym drutem do r\u00f3\u017cnych opcji monta\u017cu.<\/p>\n","protected":false},"featured_media":50183,"template":"","meta":{"_acf_changed":false},"product_brand":[11141],"product_cat":[12586,12590],"product_tag":[],"class_list":{"0":"post-212956","1":"product","2":"type-product","3":"status-publish","4":"has-post-thumbnail","6":"product_brand-blue-force-gear","7":"product_cat-chusty","8":"product_cat-sprzet","10":"first","11":"instock","12":"taxable","13":"shipping-taxable","14":"purchasable","15":"product-type-variable","16":"wvs-archive-product-wrapper"},"acf":[],"_links":{"self":[{"href":"https:\/\/staging.nbg.eu\/pl\/wp-json\/wp\/v2\/product\/212956","targetHints":{"allow":["GET"]}}],"collection":[{"href":"https:\/\/staging.nbg.eu\/pl\/wp-json\/wp\/v2\/product"}],"about":[{"href":"https:\/\/staging.nbg.eu\/pl\/wp-json\/wp\/v2\/types\/product"}],"wp:featuredmedia":[{"embeddable":true,"href":"https:\/\/staging.nbg.eu\/pl\/wp-json\/wp\/v2\/media\/50183"}],"wp:attachment":[{"href":"https:\/\/staging.nbg.eu\/pl\/wp-json\/wp\/v2\/media?parent=212956"}],"wp:term":[{"taxonomy":"product_brand","embeddable":true,"href":"https:\/\/staging.nbg.eu\/pl\/wp-json\/wp\/v2\/product_brand?post=212956"},{"taxonomy":"product_cat","embeddable":true,"href":"https:\/\/staging.nbg.eu\/pl\/wp-json\/wp\/v2\/product_cat?post=212956"},{"taxonomy":"product_tag","embeddable":true,"href":"https:\/\/staging.nbg.eu\/pl\/wp-json\/wp\/v2\/product_tag?post=212956"}],"curies":[{"name":"wp","href":"https:\/\/api.w.org\/{rel}","templated":true}]}}