{"id":212294,"date":"2024-07-30T18:47:47","date_gmt":"2025-02-19T14:29:49","guid":{"rendered":"https:\/\/staging.nbg.eu\/product\/surefire-xsc-weaponlight\/"},"modified":"2025-02-19T14:31:42","modified_gmt":"2025-02-19T14:31:42","slug":"latarka-taktyczna-surefire-xsc","status":"publish","type":"product","link":"https:\/\/staging.nbg.eu\/pl\/produkt\/latarka-taktyczna-surefire-xsc\/","title":{"rendered":"Latarka taktyczna SureFire XSC"},"content":{"rendered":"<div class=\"product-description\">\n<h2>SureFire XSC WEAPONLIGHT<\/h2>\n<p>SureFire XSC to o\u015bwietlenie broni zaprojektowane dla os\u00f3b nosz\u0105cych bro\u0144 ukryt\u0105. Przeznaczone do popularnych mikro-kompaktowych i sub-kompaktowych pistolet\u00f3w, to narz\u0119dzie o\u015bwietleniowe jest pomocne w sytuacjach s\u0142abego o\u015bwietlenia.<\/p>\n<h2>G\u0142\u00f3wne cechy:<\/h2>\n<ul>\n<li>350 lumen\u00f3w bia\u0142ego \u015bwiat\u0142a<\/li>\n<li>Hybrydowy wz\u00f3r wi\u0105zki do identyfikacji celu<\/li>\n<li>Kompaktowa i wytrzyma\u0142a konstrukcja<\/li>\n<li>Akumulator litowo-polimerowy z mo\u017cliwo\u015bci\u0105 szybkiej wymiany<\/li>\n<li>Intuicyjne, obur\u0119czne prze\u0142\u0105czanie<\/li>\n<li>Korpus z aluminium lotniczego z anodowaniem<\/li>\n<li>Klasa odporno\u015bci IPX4<\/li>\n<\/ul>\n<h2>Specyfikacja:<\/h2>\n<ul>\n<li>Moc: 350 Lumen\u00f3w<\/li>\n<li>Czas pracy: 30 minut<\/li>\n<li>Waga: 48,2 g<\/li>\n<li>D\u0142ugo\u015b\u0107: 4,9 cm<\/li>\n<li>Maksymalna intensywno\u015b\u0107 wi\u0105zki: 2000 Kandeli<\/li>\n<li>Zasi\u0119g wi\u0105zki: 90 metr\u00f3w<\/li>\n<\/ul>\n<p>Wybierz odpowiedni model dla swojej broni:<\/p>\n<ul>\n<li>XSC-A do Glock 43X i 48 z szyn\u0105<\/li>\n<li>XSC-P365 do SIG SAUER P365 i P365 XL<\/li>\n<li>XSC-HELLCAT do Springfield Armory Hellcat<\/li>\n<li>XSC-B do r\u00f3\u017cnych innych modeli sub-kompaktowych<\/li>\n<\/ul>\n<p>SureFire XSC WEAPONLIGHT to opcja o\u015bwietlenia o wysokiej wydajno\u015bci w krytycznych sytuacjach.<\/p>\n<\/div>\n","protected":false},"excerpt":{"rendered":"<p>Kompaktowe, mocne \u015bwiat\u0142o o jasno\u015bci 350 lumen\u00f3w do pistolet\u00f3w do skrytego noszenia.<\/p>\n","protected":false},"featured_media":212295,"template":"","meta":{"_acf_changed":false},"product_brand":[11876],"product_cat":[12614,12607,12580],"product_tag":[],"class_list":{"0":"post-212294","1":"product","2":"type-product","3":"status-publish","4":"has-post-thumbnail","6":"product_brand-surefire","7":"product_cat-latarki","8":"product_cat-latarki-do-pistoletu","9":"product_cat-pistolet","10":"pa_light-p-365-pl-2","11":"pa_light-xsc-a-pl-2","12":"pa_light-xsc-b-pl-2","14":"first","15":"instock","16":"taxable","17":"shipping-taxable","18":"purchasable","19":"product-type-variable","20":"wvs-archive-product-wrapper"},"acf":[],"_links":{"self":[{"href":"https:\/\/staging.nbg.eu\/pl\/wp-json\/wp\/v2\/product\/212294","targetHints":{"allow":["GET"]}}],"collection":[{"href":"https:\/\/staging.nbg.eu\/pl\/wp-json\/wp\/v2\/product"}],"about":[{"href":"https:\/\/staging.nbg.eu\/pl\/wp-json\/wp\/v2\/types\/product"}],"wp:featuredmedia":[{"embeddable":true,"href":"https:\/\/staging.nbg.eu\/pl\/wp-json\/wp\/v2\/media\/212295"}],"wp:attachment":[{"href":"https:\/\/staging.nbg.eu\/pl\/wp-json\/wp\/v2\/media?parent=212294"}],"wp:term":[{"taxonomy":"product_brand","embeddable":true,"href":"https:\/\/staging.nbg.eu\/pl\/wp-json\/wp\/v2\/product_brand?post=212294"},{"taxonomy":"product_cat","embeddable":true,"href":"https:\/\/staging.nbg.eu\/pl\/wp-json\/wp\/v2\/product_cat?post=212294"},{"taxonomy":"product_tag","embeddable":true,"href":"https:\/\/staging.nbg.eu\/pl\/wp-json\/wp\/v2\/product_tag?post=212294"}],"curies":[{"name":"wp","href":"https:\/\/api.w.org\/{rel}","templated":true}]}}