{"id":211529,"date":"2024-01-24T19:30:39","date_gmt":"2025-02-19T13:02:30","guid":{"rendered":"https:\/\/staging.nbg.eu\/product\/iosso-bolt-carrier-brush\/"},"modified":"2025-02-19T13:15:08","modified_gmt":"2025-02-19T13:15:08","slug":"szczotka-do-zamka-iosso-bolt-carrier","status":"publish","type":"product","link":"https:\/\/staging.nbg.eu\/pl\/produkt\/szczotka-do-zamka-iosso-bolt-carrier\/","title":{"rendered":"Szczotka do zamka Iosso Bolt Carrier"},"content":{"rendered":"<p style=\"text-align: center\"><strong><span style=\"font-size: 170%\">Szczotki do suwad\u0142a zamkowego losso<\/span><\/strong><\/p>\n<p>Zestaw zawiera paczki szczotek do suwad\u0142a zamkowego i komory. S\u0105 one wykonane z precyzyjn\u0105 tolerancj\u0105 dla dok\u0142adnego czyszczenia. Wykonane s\u0105 z niebieskiego w\u0142\u00f3kna, kt\u00f3re jest grube, sztywne i dobrze trzyma kszta\u0142t. Umo\u017cliwia to ruch w obie strony, w przeciwie\u0144stwie do tradycyjnych szczotek mosi\u0119\u017cnych i br\u0105zowych. Mo\u017cna ich u\u017cywa\u0107 kilkakrotnie przed zu\u017cyciem.<\/p>\n<table width=\"305\">\n<tbody>\n<tr>\n<td width=\"305\"><strong>AR-15 Suwad\u0142o zamkowe z ko\u0142kiem, 2 sztuki<\/strong><\/td>\n<\/tr>\n<tr>\n<td><strong>AR.308 Suwad\u0142o zamkowe karabinu z ko\u0142kiem, 2 sztuki<\/strong><\/td>\n<\/tr>\n<\/tbody>\n<\/table>\n","protected":false},"excerpt":{"rendered":"<p><strong>Wymiarowane z ma\u0142\u0105 tolerancj\u0105 dla precyzyjnego czyszczenia<\/strong><\/p>\n","protected":false},"featured_media":107714,"template":"","meta":{"_acf_changed":false},"product_brand":[11477],"product_cat":[12604,12631],"product_tag":[],"class_list":{"0":"post-211529","1":"product","2":"type-product","3":"status-publish","4":"has-post-thumbnail","6":"product_brand-iosso","7":"product_cat-czyszczenie-broni","8":"product_cat-szczotki","9":"pa_model-ar-308-pl","10":"pa_model-ar-15-pl","12":"first","13":"instock","14":"taxable","15":"shipping-taxable","16":"purchasable","17":"product-type-variable","18":"wvs-archive-product-wrapper"},"acf":[],"_links":{"self":[{"href":"https:\/\/staging.nbg.eu\/pl\/wp-json\/wp\/v2\/product\/211529","targetHints":{"allow":["GET"]}}],"collection":[{"href":"https:\/\/staging.nbg.eu\/pl\/wp-json\/wp\/v2\/product"}],"about":[{"href":"https:\/\/staging.nbg.eu\/pl\/wp-json\/wp\/v2\/types\/product"}],"wp:featuredmedia":[{"embeddable":true,"href":"https:\/\/staging.nbg.eu\/pl\/wp-json\/wp\/v2\/media\/107714"}],"wp:attachment":[{"href":"https:\/\/staging.nbg.eu\/pl\/wp-json\/wp\/v2\/media?parent=211529"}],"wp:term":[{"taxonomy":"product_brand","embeddable":true,"href":"https:\/\/staging.nbg.eu\/pl\/wp-json\/wp\/v2\/product_brand?post=211529"},{"taxonomy":"product_cat","embeddable":true,"href":"https:\/\/staging.nbg.eu\/pl\/wp-json\/wp\/v2\/product_cat?post=211529"},{"taxonomy":"product_tag","embeddable":true,"href":"https:\/\/staging.nbg.eu\/pl\/wp-json\/wp\/v2\/product_tag?post=211529"}],"curies":[{"name":"wp","href":"https:\/\/api.w.org\/{rel}","templated":true}]}}