{"id":208668,"date":"2024-07-29T13:02:15","date_gmt":"2024-07-29T13:02:15","guid":{"rendered":"https:\/\/staging.nbg.eu\/product\/bore-tech-friction-guard-xp-120ml\/"},"modified":"2025-02-16T16:55:23","modified_gmt":"2025-02-16T16:55:23","slug":"bore-tech-friction-guard-xp-120ml","status":"publish","type":"product","link":"https:\/\/staging.nbg.eu\/pl\/produkt\/bore-tech-friction-guard-xp-120ml\/","title":{"rendered":"Bore Tech Friction Guard XP 120ml"},"content":{"rendered":"<h2>Olej do broni Bore Tech Friction Guard XP &#8211; 120ml<\/h2>\n<p>Bore Tech Friction Guard XP to olej do broni. Ta syntetyczna mieszanka spe\u0142nia wymagania MIL-PRF-63460E, oferuj\u0105c:<\/p>\n<ul>\n<li>Smarowanie w temperaturach od -73\u00b0C do 316\u00b0C<\/li>\n<li>95% redukcj\u0119 tarcia i zu\u017cycia<\/li>\n<li>Ochron\u0119 przed korozj\u0105<\/li>\n<li>Penetracj\u0119 i wi\u0105zanie z powierzchniami metalowymi<\/li>\n<li>Wzmocnion\u0105 warstw\u0119 ochronn\u0105<\/li>\n<li>Odporno\u015b\u0107 na ekstremalne temperatury<\/li>\n<li>Ochron\u0119 w te\u015bcie solankowym przez ponad 100 godzin<\/li>\n<li>Wypieranie wilgoci<\/li>\n<li>Odpychanie kurzu i zanieczyszcze\u0144<\/li>\n<\/ul>\n<p>Przeznaczony dla strzelc\u00f3w, my\u015bliwych i entuzjast\u00f3w broni. Friction Guard XP konserwuje luf\u0119 broni i zapewnia ochron\u0119 podczas u\u017cytkowania i przechowywania.<\/p>\n","protected":false},"excerpt":{"rendered":"<p>Wysokowydajny syntetyczny olej do broni zapewniaj\u0105cy doskona\u0142e smarowanie i ochron\u0119.<\/p>\n","protected":false},"featured_media":150489,"template":"","meta":{"_acf_changed":false},"product_brand":[11165],"product_cat":[12604,12592],"product_tag":[],"class_list":{"0":"post-208668","1":"product","2":"type-product","3":"status-publish","4":"has-post-thumbnail","6":"product_brand-boretech","7":"product_cat-czyszczenie-broni","8":"product_cat-smary","10":"first","11":"instock","12":"taxable","13":"shipping-taxable","14":"purchasable","15":"product-type-simple"},"acf":[],"_links":{"self":[{"href":"https:\/\/staging.nbg.eu\/pl\/wp-json\/wp\/v2\/product\/208668","targetHints":{"allow":["GET"]}}],"collection":[{"href":"https:\/\/staging.nbg.eu\/pl\/wp-json\/wp\/v2\/product"}],"about":[{"href":"https:\/\/staging.nbg.eu\/pl\/wp-json\/wp\/v2\/types\/product"}],"wp:featuredmedia":[{"embeddable":true,"href":"https:\/\/staging.nbg.eu\/pl\/wp-json\/wp\/v2\/media\/150489"}],"wp:attachment":[{"href":"https:\/\/staging.nbg.eu\/pl\/wp-json\/wp\/v2\/media?parent=208668"}],"wp:term":[{"taxonomy":"product_brand","embeddable":true,"href":"https:\/\/staging.nbg.eu\/pl\/wp-json\/wp\/v2\/product_brand?post=208668"},{"taxonomy":"product_cat","embeddable":true,"href":"https:\/\/staging.nbg.eu\/pl\/wp-json\/wp\/v2\/product_cat?post=208668"},{"taxonomy":"product_tag","embeddable":true,"href":"https:\/\/staging.nbg.eu\/pl\/wp-json\/wp\/v2\/product_tag?post=208668"}],"curies":[{"name":"wp","href":"https:\/\/api.w.org\/{rel}","templated":true}]}}