{"id":205977,"date":"2024-10-31T21:26:11","date_gmt":"2025-02-13T16:04:52","guid":{"rendered":"https:\/\/staging.nbg.eu\/product\/front-sight-fiber-optic-rods\/"},"modified":"2025-02-13T16:04:52","modified_gmt":"2025-02-13T16:04:52","slug":"wlokna-swiatlowodowe-do-muszki","status":"publish","type":"product","link":"https:\/\/staging.nbg.eu\/pl\/produkt\/wlokna-swiatlowodowe-do-muszki\/","title":{"rendered":"W\u0142\u00f3kna \u015bwiat\u0142owodowe do muszki"},"content":{"rendered":"","protected":false},"excerpt":{"rendered":"","protected":false},"featured_media":75125,"template":"","meta":{"_acf_changed":false},"product_brand":[],"product_cat":[12624,12580],"product_tag":[],"class_list":{"0":"post-205977","1":"product","2":"type-product","3":"status-publish","4":"has-post-thumbnail","6":"product_cat-czesci-do-pistoletu","7":"product_cat-pistolet","9":"first","10":"instock","11":"taxable","12":"shipping-taxable","13":"purchasable","14":"product-type-variable","15":"wvs-archive-product-wrapper"},"acf":[],"_links":{"self":[{"href":"https:\/\/staging.nbg.eu\/pl\/wp-json\/wp\/v2\/product\/205977","targetHints":{"allow":["GET"]}}],"collection":[{"href":"https:\/\/staging.nbg.eu\/pl\/wp-json\/wp\/v2\/product"}],"about":[{"href":"https:\/\/staging.nbg.eu\/pl\/wp-json\/wp\/v2\/types\/product"}],"wp:featuredmedia":[{"embeddable":true,"href":"https:\/\/staging.nbg.eu\/pl\/wp-json\/wp\/v2\/media\/75125"}],"wp:attachment":[{"href":"https:\/\/staging.nbg.eu\/pl\/wp-json\/wp\/v2\/media?parent=205977"}],"wp:term":[{"taxonomy":"product_brand","embeddable":true,"href":"https:\/\/staging.nbg.eu\/pl\/wp-json\/wp\/v2\/product_brand?post=205977"},{"taxonomy":"product_cat","embeddable":true,"href":"https:\/\/staging.nbg.eu\/pl\/wp-json\/wp\/v2\/product_cat?post=205977"},{"taxonomy":"product_tag","embeddable":true,"href":"https:\/\/staging.nbg.eu\/pl\/wp-json\/wp\/v2\/product_tag?post=205977"}],"curies":[{"name":"wp","href":"https:\/\/api.w.org\/{rel}","templated":true}]}}