{"id":205276,"date":"2024-09-02T10:50:03","date_gmt":"2025-02-13T15:10:34","guid":{"rendered":"https:\/\/staging.nbg.eu\/product\/badger-ordnance-c1-12-oclock-top-optical-platform-for-trijicon-rmr\/"},"modified":"2025-02-13T15:12:31","modified_gmt":"2025-02-13T15:12:31","slug":"platforma-optyczna-badger-ordnance-c1-12-oclock-top-dla-trijicon-rmr","status":"publish","type":"product","link":"https:\/\/staging.nbg.eu\/pl\/produkt\/platforma-optyczna-badger-ordnance-c1-12-oclock-top-dla-trijicon-rmr\/","title":{"rendered":"Platforma optyczna Badger Ordnance C1 12 O&#8217;clock Top dla Trijicon RMR"},"content":{"rendered":"<div class=\"product-description\">\n<h2>Badger Ordnance C1 Platforma Optyczna 12 O&#8217;clock Top dla Trijicon RMR<\/h2>\n<p>Badger Ordnance C1 12TOP to rozwi\u0105zanie monta\u017cowe zaprojektowane do integracji Trijicon RMR lub kompatybilnego celownika z systemem C1 ARC. Ta platforma oferuje konfiguracj\u0119 celownika kolimatorowego w pozycji 12 godzin.<\/p>\n<h2>G\u0142\u00f3wne cechy:<\/h2>\n<ul>\n<li>Wykonana z aluminium 6061 T6<\/li>\n<li>Wyko\u0144czenie anodowane typu III<\/li>\n<li>Lekka konstrukcja, waga 0,5 uncji<\/li>\n<li>Zawiera wodoodporn\u0105 podk\u0142adk\u0119 samoprzylepn\u0105<\/li>\n<li>Kompatybilna z optyk\u0105 o mocowaniu Trijicon RMR<\/li>\n<\/ul>\n<h2>Kompatybilno\u015b\u0107:<\/h2>\n<p>C1 12TOP jest kompatybilny z wieloma celownikami, w tym:<\/p>\n<ul>\n<li>Trijicon RMR i SRO<\/li>\n<li>Holosun HS407C, HS507C i HS508T<\/li>\n<li>Swampfox Kingslayer, Liberty RMR 1&#215;22 i Justice RMR 1&#215;27<\/li>\n<li>NcStar VISM FlipDot Pro<\/li>\n<li>Riton X3 Tactix PRD<\/li>\n<li>Vector Optics Frenzy 1x22x26<\/li>\n<\/ul>\n<p>Badger Ordnance C1 Platforma Optyczna 12 O&#8217;clock Top umo\u017cliwia popraw\u0119 dok\u0142adno\u015bci i wszechstronno\u015bci w r\u00f3\u017cnych sytuacjach strzeleckich.<\/p>\n<\/div>\n","protected":false},"excerpt":{"rendered":"<p>Badger C1 12TOP: Lekki monta\u017c RMR do optyki na godzinie 12<\/p>\n","protected":false},"featured_media":35416,"template":"","meta":{"_acf_changed":false},"product_brand":[11096],"product_cat":[12599,12600],"product_tag":[],"class_list":{"0":"post-205276","1":"product","2":"type-product","3":"status-publish","4":"has-post-thumbnail","6":"product_brand-badger-ordnance","7":"product_cat-celownictwo","8":"product_cat-celowniki-kolimatorowe","10":"first","11":"instock","12":"taxable","13":"shipping-taxable","14":"purchasable","15":"product-type-simple"},"acf":[],"_links":{"self":[{"href":"https:\/\/staging.nbg.eu\/pl\/wp-json\/wp\/v2\/product\/205276","targetHints":{"allow":["GET"]}}],"collection":[{"href":"https:\/\/staging.nbg.eu\/pl\/wp-json\/wp\/v2\/product"}],"about":[{"href":"https:\/\/staging.nbg.eu\/pl\/wp-json\/wp\/v2\/types\/product"}],"wp:featuredmedia":[{"embeddable":true,"href":"https:\/\/staging.nbg.eu\/pl\/wp-json\/wp\/v2\/media\/35416"}],"wp:attachment":[{"href":"https:\/\/staging.nbg.eu\/pl\/wp-json\/wp\/v2\/media?parent=205276"}],"wp:term":[{"taxonomy":"product_brand","embeddable":true,"href":"https:\/\/staging.nbg.eu\/pl\/wp-json\/wp\/v2\/product_brand?post=205276"},{"taxonomy":"product_cat","embeddable":true,"href":"https:\/\/staging.nbg.eu\/pl\/wp-json\/wp\/v2\/product_cat?post=205276"},{"taxonomy":"product_tag","embeddable":true,"href":"https:\/\/staging.nbg.eu\/pl\/wp-json\/wp\/v2\/product_tag?post=205276"}],"curies":[{"name":"wp","href":"https:\/\/api.w.org\/{rel}","templated":true}]}}