{"id":199849,"date":"2024-07-29T19:03:50","date_gmt":"2025-02-11T11:22:33","guid":{"rendered":"https:\/\/staging.nbg.eu\/product\/the-shear-hammock\/"},"modified":"2025-02-11T11:24:42","modified_gmt":"2025-02-11T11:24:42","slug":"hamak-shear","status":"publish","type":"product","link":"https:\/\/staging.nbg.eu\/pl\/produkt\/hamak-shear\/","title":{"rendered":"Hamak Shear"},"content":{"rendered":"<div class=\"product-description\">\n<h2>Uchwyt na no\u017cyczki<\/h2>\n<p>Uchwyt na no\u017cyczki to rozwi\u0105zanie do przenoszenia podstawowego sprz\u0119tu medycznego. Produkt umo\u017cliwia szybkie i \u0142atwe przenoszenie opaski uciskowej, no\u017cyczek lub innych podobnych przedmiot\u00f3w na istniej\u0105cym pasku lub kieszeni systemu MOLLE.<\/p>\n<h2>G\u0142\u00f3wne cechy:<\/h2>\n<ul>\n<li>Mocowanie do systemu MOLLE lub paska<\/li>\n<li>Zaprojektowany do szybkiego u\u017cycia<\/li>\n<li>Mie\u015bci opask\u0119 uciskow\u0105 CAT i podobne przedmioty<\/li>\n<li>Chroni sprz\u0119t przed promieniowaniem UV, pogod\u0105, brudem i zanieczyszczeniami<\/li>\n<li>Nie wymaga dodatkowego miejsca do monta\u017cu<\/li>\n<\/ul>\n<h2>Specyfikacja:<\/h2>\n<ul>\n<li>Waga: 19g<\/li>\n<li>Numer cz\u0119\u015bci: TSP-TQ-01<\/li>\n<li>Wymiary (pusty): 12,7 cm x 7,6 cm x 0,95 cm<\/li>\n<li>Wymiary (pe\u0142ny): 12,7 cm x 7,6 cm x 6,35 cm<\/li>\n<li>Materia\u0142y: Ultracomp, ta\u015bma CORDURA\u00ae barwiona<\/li>\n<li>Dost\u0119pne kolory: Czarny, Br\u0105zowy Kojot i Multicam<\/li>\n<\/ul>\n<p>Uchwyt na no\u017cyczki mo\u017ce by\u0107 u\u017cywany z zestawem Micro Trauma Kit NOW!\u00ae, umo\u017cliwiaj\u0105c \u0142atwy dost\u0119p do opaski uciskowej bez zajmowania dodatkowego miejsca. Mo\u017cna go zamontowa\u0107 na dowolnej kieszeni MOLLE lub Micro TKN montowanej na pasku, lub innej kieszeni MOLLE o szeroko\u015bci 3 kolumn.<\/p>\n<p>Uchwyt na no\u017cyczki zapewnia \u0142atwy dost\u0119p i ochron\u0119 dla wa\u017cnego sprz\u0119tu medycznego.<\/p>\n<\/div>\n","protected":false},"excerpt":{"rendered":"<p>Szybkodost\u0119pny pokrowiec typu &#8222;hamak&#8221; na opaski uciskowe i no\u017cyczki, kompatybilny z systemem MOLLE.<\/p>\n","protected":false},"featured_media":153990,"template":"","meta":{"_acf_changed":false},"product_brand":[11141],"product_cat":[12625,12581,12590],"product_tag":[],"class_list":{"0":"post-199849","1":"product","2":"type-product","3":"status-publish","4":"has-post-thumbnail","6":"product_brand-blue-force-gear","7":"product_cat-medyczne","8":"product_cat-sakwy","9":"product_cat-sprzet","11":"first","12":"instock","13":"taxable","14":"shipping-taxable","15":"purchasable","16":"product-type-variable","17":"wvs-archive-product-wrapper"},"acf":[],"_links":{"self":[{"href":"https:\/\/staging.nbg.eu\/pl\/wp-json\/wp\/v2\/product\/199849","targetHints":{"allow":["GET"]}}],"collection":[{"href":"https:\/\/staging.nbg.eu\/pl\/wp-json\/wp\/v2\/product"}],"about":[{"href":"https:\/\/staging.nbg.eu\/pl\/wp-json\/wp\/v2\/types\/product"}],"wp:featuredmedia":[{"embeddable":true,"href":"https:\/\/staging.nbg.eu\/pl\/wp-json\/wp\/v2\/media\/153990"}],"wp:attachment":[{"href":"https:\/\/staging.nbg.eu\/pl\/wp-json\/wp\/v2\/media?parent=199849"}],"wp:term":[{"taxonomy":"product_brand","embeddable":true,"href":"https:\/\/staging.nbg.eu\/pl\/wp-json\/wp\/v2\/product_brand?post=199849"},{"taxonomy":"product_cat","embeddable":true,"href":"https:\/\/staging.nbg.eu\/pl\/wp-json\/wp\/v2\/product_cat?post=199849"},{"taxonomy":"product_tag","embeddable":true,"href":"https:\/\/staging.nbg.eu\/pl\/wp-json\/wp\/v2\/product_tag?post=199849"}],"curies":[{"name":"wp","href":"https:\/\/api.w.org\/{rel}","templated":true}]}}